{"id":3,"date":"2024-06-18T09:12:37","date_gmt":"2024-06-18T09:12:37","guid":{"rendered":"https:\/\/apuwavab.myhostpoint.ch\/?page_id=3"},"modified":"2026-01-14T00:21:37","modified_gmt":"2026-01-14T00:21:37","slug":"rechtliches","status":"publish","type":"page","link":"https:\/\/kredit.ch\/it\/rechtliches\/","title":{"rendered":"Avvertenze legali"},"content":{"rendered":"<h2 class=\"wp-block-heading\">Informazioni legali su kredit.ch<\/h2>\n\n\n\n<h3 class=\"wp-block-heading\">Ambito di applicazione<\/h3>\n\n\n\n<p>I seguenti termini e condizioni regolano l'elaborazione del prestito tra budgetgroup.ch GmbH (con sede a 8400 Winterthur) e il richiedente. Con il completamento o l'invio della domanda online, i presenti termini e condizioni si intendono accettati da entrambe le parti. kredit.ch \u00e8 un prodotto di budgetgroup.ch GmbH (di seguito: kredit.ch).<\/p>\n\n\n\n<h3 class=\"wp-block-heading\">Servizio fornito da kredit.ch<\/h3>\n\n\n\n<p>Il servizio offerto da kredit.ch consiste nel ricevere le richieste di prestito (online, via e-mail, via fax, per telefono o di persona), analizzare le esigenze del cliente, fornire una valutazione non vincolante della sua solvibilit\u00e0 e offrire consulenza e supporto gratuiti durante l'intero processo di richiesta e di elaborazione del prestito. Questo servizio \u00e8 gratuito. I consulenti clienti di kredit.ch sono disponibili in qualsiasi momento per rispondere alle domande dei richiedenti.<\/p>\n\n\n\n<h3 class=\"wp-block-heading\">Disclaimer<\/h3>\n\n\n\n<p>Prendo atto che budgetgroup.ch GmbH (di seguito: l'intermediario) inoltrer\u00e0 la mia richiesta di revisione a Bank Now AG, Cembra Money Bank AG, Corn\u00e8r Banca SA, bob Finance (una filiale di Valora Schweiz AG), good finance AG, easycredit AG e altre societ\u00e0 finanziarie (di seguito singolarmente denominate \"istituto finanziario\") tramite Internet, e-mail o fax\/posta. Inoltre, prendo atto e confermo quanto segue:<\/p>\n\n\n\n<p>Esame della domanda e informazioni creditizie: Confermo che tutte le informazioni fornite nella presente domanda sono complete, aggiornate e corrette. Autorizzo l'istituto finanziario a ottenere informazioni su di me da terzi, in particolare da banche, dall'Ufficio Centrale per le Informazioni sul Credito (ZEK), da autorit\u00e0 pubbliche (ad esempio, uffici di esecuzione, catasto e imposte, anagrafi, autorit\u00e0 di tutela dei minori e degli adulti), agenzie di informazione creditizia, mediatori creditizi, datori di lavoro, filiali dell'istituto finanziario e, se del caso, dall'Ufficio per le Informazioni sul Credito al Consumo (IKO), in relazione all'esame della presente domanda e all'esecuzione del rapporto contrattuale. Per le finalit\u00e0 sopra indicate, esonero tali soggetti dagli obblighi di segreto bancario, segreto postale, segreto d'ufficio e riservatezza commerciale. Riconosco che l'istituto finanziario potrebbe essere tenuto a segnalare all'Ufficio per le Informazioni sul Credito al Consumo (IKO) eventuali contratti di locazione\/prestito al consumo da concedere o gi\u00e0 concessi. Autorizzo inoltre l'istituto finanziario a notificare alla ZEK l'operazione richiesta e, ove previsto dalla legge, a segnalarla anche ad altri enti. In particolare, verranno segnalati il \u200b\u200btipo, l'importo e le condizioni del prestito o finanziamento, i dati personali del richiedente e eventuali ritardi di pagamento o abusi. Riconosco il diritto di ZEK di fornire ai propri iscritti informazioni sui dati segnalati. L'istituto finanziario pu\u00f2 respingere la domanda senza fornire motivazioni.<\/p>\n\n\n\n<p>Collaborazione con gli intermediari: riconosco che l'istituto finanziario pu\u00f2 scambiare con un intermediario le informazioni necessarie in merito alle domande ricevute da un intermediario, relative ai controlli della domanda\/solvibilit\u00e0, alla conclusione e all'elaborazione del contratto (ad esempio, parametri e risultati del controllo della domanda, consegna dei documenti contrattuali, informazioni sullo stato del contratto e sul comportamento di pagamento, nonch\u00e9 sul saldo) e con la presente libero l'istituto finanziario dal segreto bancario in tale misura e ove necessario.<\/p>\n\n\n\n<p>Informazioni sui partner: se nella domanda ho fornito informazioni sul mio coniuge o partner registrato (\"partner\"), confermo che (i) ho informato il mio partner di questa domanda, (ii) l'istituto finanziatore pu\u00f2 verificare le informazioni di cui sopra contattando direttamente il mio partner e (iii) il mio partner acconsente che l'istituto finanziatore possa ottenere informazioni su di lui\/lei come descritto sopra (inclusa la richiesta di informazioni alla ZEK).<\/p>\n\n\n\n<p>Elaborazione dei dati: Sono consapevole che l'istituto finanziario pu\u00f2 elaborare i miei dati per la valutazione della mia candidatura, nonch\u00e9 per la valutazione del rischio e per finalit\u00e0 di marketing (analisi dei dati e profilazione). Inoltre, potrebbero essermi offerti altri prodotti e servizi, inclusi quelli di societ\u00e0 affiliate all'istituto finanziario e di terze parti, tramite posta o telefono. Posso oppormi in qualsiasi momento a questo trattamento dei dati per finalit\u00e0 di marketing. Fornendo il mio indirizzo e-mail, acconsento inoltre che l'istituto finanziario mi invii le suddette offerte via e-mail. In relazione alla comunicazione aperta via e-mail, accetto espressamente il rischio che i miei dati possano essere intercettati o pubblicati da terzi durante la trasmissione, o che terzi non autorizzati possano dedurre l'esistenza di un rapporto contrattuale tra l'istituto finanziario e me, e che, a tale riguardo, la riservatezza e il segreto bancario non sono garantiti. Posso revocare in qualsiasi momento il mio consenso alla ricezione di pubblicit\u00e0 elettronica.<\/p>\n\n\n\n<p>Collaborazione con fornitori di servizi (outsourcing): Sono consapevole che l'istituto finanziario pu\u00f2 esternalizzare servizi, in particolare nei settori della gestione dei processi aziendali, della sicurezza informatica e dell'amministrazione di sistema, delle ricerche e analisi di mercato, del calcolo dei rischi di credito e di mercato rilevanti per l'azienda e della gestione dei rapporti contrattuali (ad esempio, elaborazione di richieste e contratti, recupero crediti, comunicazione con i clienti), a terzi (\"fornitori di servizi\"). L'istituto finanziario fornisce a tali fornitori di servizi i dati necessari per l'adempimento dei loro obblighi contrattuali e pu\u00f2 anche trasferire tali dati all'estero a tal fine. I fornitori di servizi, i loro dipendenti e subappaltatori sono contrattualmente vincolati dall'istituto finanziario alla riservatezza. I fornitori di servizi hanno generalmente sede in Svizzera o nell'UE\/SEE, ma possono, in linea di principio, trovarsi in qualsiasi parte del mondo. Qualora i dati personali vengano trasferiti in un Paese che, dal punto di vista della Svizzera, non dispone di un livello adeguato di protezione dei dati, l'istituto finanziario garantisce un'adeguata protezione dei dati attraverso opportune garanzie, come la stipula di clausole contrattuali standard.<\/p>\n\n\n\n<p>Prendo atto che le comunicazioni tra l'istituto finanziario e me o l'intermediario possono avvenire tramite canali elettronici. L'intermediario e l'istituto finanziario non possono garantire la riservatezza dei dati trasmessi via Internet. \u00c8 pertanto possibile che terzi traggano conclusioni su una relazione commerciale esistente o futura (eventualmente una relazione bancaria) tra me e l'istituto finanziario.<br><br>Ulteriori informazioni sul trattamento dei dati personali da parte dell'istituto finanziario sono disponibili nell'informativa sulla privacy sul sito web dell'istituto finanziario o possono essere richieste all'istituto finanziario.<br><br>La concessione di prestiti \u00e8 vietata se comporta un sovraindebitamento (art. 3 UWG).<\/p>","protected":false},"excerpt":{"rendered":"<p>Rechtliches zu kredit.ch Anwendungsbereich Die folgenden Bestimmungen regeln die Kreditabwicklung zwischen budgetgroup.ch GmbH (Sitz in 8400 Winterthur) und Antragssteller. Mit dem Abschluss bzw. Versenden des Onlineantrages, gelten diese als zwischen den Parteien angenommen. kredit.ch ist ein Produkt der budgetgroup.ch GmbH (nachfolgend: kredit.ch) Dienstleistung von kredit.ch Die Dienstleistung von kredit.ch besteht in der Entgegennahme des Kreditgesuches [&hellip;]<\/p>\n","protected":false},"author":1,"featured_media":0,"parent":0,"menu_order":0,"comment_status":"closed","ping_status":"open","template":"","meta":{"footnotes":""},"class_list":["post-3","page","type-page","status-publish","hentry"],"yoast_head":"<!-- This site is optimized with the Yoast SEO plugin v27.5 - https:\/\/yoast.com\/product\/yoast-seo-wordpress\/ -->\n<title>Rechtliches - Kredit ab 4.9% beantragen<\/title>\n<meta name=\"description\" content=\"Rechtliche Hinweise zu easycreditag.ch\" \/>\n<meta name=\"robots\" content=\"index, follow, max-snippet:-1, max-image-preview:large, max-video-preview:-1\" \/>\n<link rel=\"canonical\" href=\"https:\/\/kredit.ch\/it\/rechtliches\/\" \/>\n<meta property=\"og:locale\" content=\"it_IT\" \/>\n<meta property=\"og:type\" content=\"article\" \/>\n<meta property=\"og:title\" content=\"Rechtliches - Kredit ab 4.9% beantragen\" \/>\n<meta property=\"og:description\" content=\"Rechtliche Hinweise zu easycreditag.ch\" \/>\n<meta property=\"og:url\" content=\"https:\/\/kredit.ch\/it\/rechtliches\/\" \/>\n<meta property=\"og:site_name\" content=\"Kredit ab 4.9% beantragen\" \/>\n<meta property=\"article:publisher\" content=\"https:\/\/www.facebook.com\/easycreditag\/\" \/>\n<meta property=\"article:modified_time\" content=\"2026-01-14T00:21:37+00:00\" \/>\n<meta name=\"twitter:card\" content=\"summary_large_image\" \/>\n<meta name=\"twitter:label1\" content=\"Tempo di lettura stimato\" \/>\n\t<meta name=\"twitter:data1\" content=\"5 minuti\" \/>\n<script type=\"application\/ld+json\" class=\"yoast-schema-graph\">{\"@context\":\"https:\\\/\\\/schema.org\",\"@graph\":[{\"@type\":\"WebPage\",\"@id\":\"https:\\\/\\\/kredit.ch\\\/rechtliches\\\/\",\"url\":\"https:\\\/\\\/kredit.ch\\\/rechtliches\\\/\",\"name\":\"Rechtliches - Kredit ab 4.9% beantragen\",\"isPartOf\":{\"@id\":\"https:\\\/\\\/kredit.ch\\\/#website\"},\"datePublished\":\"2024-06-18T09:12:37+00:00\",\"dateModified\":\"2026-01-14T00:21:37+00:00\",\"description\":\"Rechtliche Hinweise zu easycreditag.ch\",\"breadcrumb\":{\"@id\":\"https:\\\/\\\/kredit.ch\\\/rechtliches\\\/#breadcrumb\"},\"inLanguage\":\"it-IT\",\"potentialAction\":[{\"@type\":\"ReadAction\",\"target\":[\"https:\\\/\\\/kredit.ch\\\/rechtliches\\\/\"]}]},{\"@type\":\"BreadcrumbList\",\"@id\":\"https:\\\/\\\/kredit.ch\\\/rechtliches\\\/#breadcrumb\",\"itemListElement\":[{\"@type\":\"ListItem\",\"position\":1,\"name\":\"Home\",\"item\":\"https:\\\/\\\/kredit.ch\\\/\"},{\"@type\":\"ListItem\",\"position\":2,\"name\":\"Rechtliches\"}]},{\"@type\":\"WebSite\",\"@id\":\"https:\\\/\\\/kredit.ch\\\/#website\",\"url\":\"https:\\\/\\\/kredit.ch\\\/\",\"name\":\"easycredit\",\"description\":\"Seit 15 Jahren Kreditpartner in Schweiz\",\"publisher\":{\"@id\":\"https:\\\/\\\/kredit.ch\\\/#organization\"},\"potentialAction\":[{\"@type\":\"SearchAction\",\"target\":{\"@type\":\"EntryPoint\",\"urlTemplate\":\"https:\\\/\\\/kredit.ch\\\/?s={search_term_string}\"},\"query-input\":{\"@type\":\"PropertyValueSpecification\",\"valueRequired\":true,\"valueName\":\"search_term_string\"}}],\"inLanguage\":\"it-IT\"},{\"@type\":\"Organization\",\"@id\":\"https:\\\/\\\/kredit.ch\\\/#organization\",\"name\":\"easycredit\",\"url\":\"https:\\\/\\\/kredit.ch\\\/\",\"logo\":{\"@type\":\"ImageObject\",\"inLanguage\":\"it-IT\",\"@id\":\"https:\\\/\\\/kredit.ch\\\/#\\\/schema\\\/logo\\\/image\\\/\",\"url\":\"https:\\\/\\\/kredit.ch\\\/wp-content\\\/uploads\\\/2025\\\/11\\\/logo.svg\",\"contentUrl\":\"https:\\\/\\\/kredit.ch\\\/wp-content\\\/uploads\\\/2025\\\/11\\\/logo.svg\",\"caption\":\"easycredit\"},\"image\":{\"@id\":\"https:\\\/\\\/kredit.ch\\\/#\\\/schema\\\/logo\\\/image\\\/\"},\"sameAs\":[\"https:\\\/\\\/www.facebook.com\\\/easycreditag\\\/\"]}]}<\/script>\n<!-- \/ Yoast SEO plugin. -->","yoast_head_json":{"title":"Rechtliches - Kredit ab 4.9% beantragen","description":"Informazioni legali su easycreditag.ch","robots":{"index":"index","follow":"follow","max-snippet":"max-snippet:-1","max-image-preview":"max-image-preview:large","max-video-preview":"max-video-preview:-1"},"canonical":"https:\/\/kredit.ch\/it\/rechtliches\/","og_locale":"it_IT","og_type":"article","og_title":"Rechtliches - Kredit ab 4.9% beantragen","og_description":"Rechtliche Hinweise zu easycreditag.ch","og_url":"https:\/\/kredit.ch\/it\/rechtliches\/","og_site_name":"Kredit ab 4.9% beantragen","article_publisher":"https:\/\/www.facebook.com\/easycreditag\/","article_modified_time":"2026-01-14T00:21:37+00:00","twitter_card":"summary_large_image","twitter_misc":{"Tempo di lettura stimato":"5 minuti"},"schema":{"@context":"https:\/\/schema.org","@graph":[{"@type":"WebPage","@id":"https:\/\/kredit.ch\/rechtliches\/","url":"https:\/\/kredit.ch\/rechtliches\/","name":"Rechtliches - Kredit ab 4.9% beantragen","isPartOf":{"@id":"https:\/\/kredit.ch\/#website"},"datePublished":"2024-06-18T09:12:37+00:00","dateModified":"2026-01-14T00:21:37+00:00","description":"Informazioni legali su easycreditag.ch","breadcrumb":{"@id":"https:\/\/kredit.ch\/rechtliches\/#breadcrumb"},"inLanguage":"it-IT","potentialAction":[{"@type":"ReadAction","target":["https:\/\/kredit.ch\/rechtliches\/"]}]},{"@type":"BreadcrumbList","@id":"https:\/\/kredit.ch\/rechtliches\/#breadcrumb","itemListElement":[{"@type":"ListItem","position":1,"name":"Home","item":"https:\/\/kredit.ch\/"},{"@type":"ListItem","position":2,"name":"Rechtliches"}]},{"@type":"WebSite","@id":"https:\/\/kredit.ch\/#website","url":"https:\/\/kredit.ch\/","name":"easycredit","description":"Seit 15 Jahren Kreditpartner in Schweiz","publisher":{"@id":"https:\/\/kredit.ch\/#organization"},"potentialAction":[{"@type":"SearchAction","target":{"@type":"EntryPoint","urlTemplate":"https:\/\/kredit.ch\/?s={search_term_string}"},"query-input":{"@type":"PropertyValueSpecification","valueRequired":true,"valueName":"search_term_string"}}],"inLanguage":"it-IT"},{"@type":"Organization","@id":"https:\/\/kredit.ch\/#organization","name":"easycredit","url":"https:\/\/kredit.ch\/","logo":{"@type":"ImageObject","inLanguage":"it-IT","@id":"https:\/\/kredit.ch\/#\/schema\/logo\/image\/","url":"https:\/\/kredit.ch\/wp-content\/uploads\/2025\/11\/logo.svg","contentUrl":"https:\/\/kredit.ch\/wp-content\/uploads\/2025\/11\/logo.svg","caption":"easycredit"},"image":{"@id":"https:\/\/kredit.ch\/#\/schema\/logo\/image\/"},"sameAs":["https:\/\/www.facebook.com\/easycreditag\/"]}]}},"_links":{"self":[{"href":"https:\/\/kredit.ch\/it\/wp-json\/wp\/v2\/pages\/3","targetHints":{"allow":["GET"]}}],"collection":[{"href":"https:\/\/kredit.ch\/it\/wp-json\/wp\/v2\/pages"}],"about":[{"href":"https:\/\/kredit.ch\/it\/wp-json\/wp\/v2\/types\/page"}],"author":[{"embeddable":true,"href":"https:\/\/kredit.ch\/it\/wp-json\/wp\/v2\/users\/1"}],"replies":[{"embeddable":true,"href":"https:\/\/kredit.ch\/it\/wp-json\/wp\/v2\/comments?post=3"}],"version-history":[{"count":7,"href":"https:\/\/kredit.ch\/it\/wp-json\/wp\/v2\/pages\/3\/revisions"}],"predecessor-version":[{"id":1147,"href":"https:\/\/kredit.ch\/it\/wp-json\/wp\/v2\/pages\/3\/revisions\/1147"}],"wp:attachment":[{"href":"https:\/\/kredit.ch\/it\/wp-json\/wp\/v2\/media?parent=3"}],"curies":[{"name":"wp","href":"https:\/\/api.w.org\/{rel}","templated":true}]}}