{"id":277,"date":"2024-06-27T22:49:51","date_gmt":"2024-06-27T22:49:51","guid":{"rendered":"https:\/\/apuwavab.myhostpoint.ch\/?page_id=277"},"modified":"2026-01-20T16:06:18","modified_gmt":"2026-01-20T16:06:18","slug":"kredit-checkliste","status":"publish","type":"page","link":"https:\/\/kredit.ch\/it\/kredit-checkliste\/","title":{"rendered":"Lista di controllo del credito"},"content":{"rendered":"<div class=\"wp-block-group has-light-background-background-color has-background is-layout-constrained wp-block-group-is-layout-constrained\">\n<div class=\"wp-block-group is-layout-constrained wp-block-group-is-layout-constrained\" style=\"padding-top:var(--wp--preset--spacing--60);padding-bottom:var(--wp--preset--spacing--60)\">\n<h1 class=\"wp-block-heading has-text-align-center has-large-font-size\">Lista di controllo del credito<\/h1>\n\n\n\n<hr class=\"wp-block-separator has-alpha-channel-opacity\"\/>\n\n\n\n<p class=\"has-text-align-center\" style=\"padding-top:var(--wp--preset--spacing--50)\">Quali sono i requisiti per ottenere un prestito in Svizzera?<\/p>\n<\/div>\n<\/div>\n\n\n\n<div class=\"wp-block-group is-layout-constrained wp-block-group-is-layout-constrained\">\n<div style=\"height:40px\" aria-hidden=\"true\" class=\"wp-block-spacer\"><\/div>\n\n\n\n<h2 class=\"wp-block-heading has-text-align-left has-medium-font-size\">Requisiti per i prestiti<\/h2>\n\n\n\n<div class=\"wp-block-group is-layout-flow wp-block-group-is-layout-flow\">\n<p>In Svizzera, un prestito ai sensi della Legge sul credito al consumo \u00e8 chiamato prestito personale. Per richiedere un prestito personale in Svizzera, \u00e8 necessario soddisfare i seguenti requisiti:<\/p>\n<\/div>\n\n\n\n<div style=\"height:40px\" aria-hidden=\"true\" class=\"wp-block-spacer\"><\/div>\n\n\n\n<div class=\"wp-block-group count-stacks smaller is-vertical is-nowrap is-layout-flex wp-container-core-group-is-layout-0f7412a1 wp-block-group-is-layout-flex\">\n<div class=\"wp-block-group is-vertical is-layout-flex wp-container-core-group-is-layout-355c4241 wp-block-group-is-layout-flex\">\n<p><strong>Un reddito netto di almeno CHF 3.000.<\/strong><\/p>\n\n\n\n<p>Il reddito \u00e8 un prerequisito per il rimborso del prestito. Inoltre, \u00e8 richiesto dalla legge per la valutazione dell'affidabilit\u00e0 creditizia. Le diverse tipologie di reddito e i rapporti di lavoro sono gestiti in modo diverso. Oltre al reddito da lavoro dipendente, nella valutazione dell'affidabilit\u00e0 creditizia e quindi nel calcolo del limite di credito vengono considerati anche altri costi e ricavi.<\/p>\n<\/div>\n\n\n\n<div class=\"wp-block-group is-vertical is-layout-flex wp-container-core-group-is-layout-355c4241 wp-block-group-is-layout-flex\">\n<p><strong>Nessuna procedura di recupero crediti in corso*, certificati di perdita o fallimenti.<\/strong><\/p>\n\n\n\n<p>La solvibilit\u00e0 gioca sempre un ruolo importante. La verifica del merito creditizio include l'esame del punteggio di credito, di eventuali debiti in sospeso e della cronologia dei pagamenti. Per i prestiti al consumo, che rientrano nella categoria del prestito medio in Svizzera, la valutazione della solvibilit\u00e0 \u00e8 obbligatoria anche per legge.<\/p>\n\n\n\n<div class=\"wp-block-group is-nowrap is-layout-flex wp-container-core-group-is-layout-877c468d wp-block-group-is-layout-flex\">\n<p style=\"border-left-color:var(--wp--preset--color--primary);border-left-width:2px;padding-left:var(--wp--preset--spacing--50)\"><strong>*Cosa sono le procedure di recupero crediti in corso?<br><\/strong>Ci\u00f2 significa che hai ufficialmente registrato debiti insoluti. Un rapporto creditizio pulito \u00e8 un prerequisito per la richiesta di prestito. Ci\u00f2 significa che l'estratto del registro delle esecuzioni non deve mostrare alcun procedimento di recupero crediti in corso o certificati di perdita a tuo carico. Solo in questo caso puoi presentare la richiesta di prestito.<br>Ecco un esempio di come appare un rapporto di esecuzione creditizio pulito:<\/p>\n\n\n\n<div class=\"wp-block-group min-w-150 wp-container-content-9c6405a0 is-vertical is-content-justification-center is-nowrap is-layout-flex wp-container-core-group-is-layout-0225716c wp-block-group-is-layout-flex\">\n<figure class=\"wp-block-image size-full\"><img loading=\"lazy\" decoding=\"async\" width=\"300\" height=\"260\" src=\"https:\/\/kredit.ch\/wp-content\/uploads\/2025\/12\/doc-preview.png\" alt=\"\" class=\"wp-image-1048\" srcset=\"https:\/\/kredit.ch\/wp-content\/uploads\/2025\/12\/doc-preview.png 300w, https:\/\/kredit.ch\/wp-content\/uploads\/2025\/12\/doc-preview-14x12.png 14w\" sizes=\"auto, (max-width: 300px) 100vw, 300px\" \/><\/figure>\n\n\n\n<p class=\"has-small-font-size\"><strong><a href=\"https:\/\/kredit.ch\/wp-content\/uploads\/2026\/01\/Sauberes-Betreibungsausweis-1.png\" target=\"_blank\" rel=\"noreferrer noopener\">Visualizza esempio<\/a><\/strong><\/p>\n<\/div>\n<\/div>\n<\/div>\n\n\n\n<div class=\"wp-block-group is-vertical is-layout-flex wp-container-core-group-is-layout-355c4241 wp-block-group-is-layout-flex\">\n<p><strong>Passaporto svizzero valido o permesso di soggiorno C, B, L, G o diplomatico.<\/strong><\/p>\n\n\n\n<p>Per i cittadini svizzeri, i cittadini del Principato del Liechtenstein e i titolari di permessi di soggiorno di tipo C, non vi sono generalmente restrizioni. Per tutti gli altri permessi di soggiorno (permesso B, permesso G, permesso L) potrebbero essere applicate restrizioni significative. Queste variano a seconda dell'autorit\u00e0 che li ha rilasciati.<\/p>\n<\/div>\n\n\n\n<div class=\"wp-block-group is-vertical is-layout-flex wp-container-core-group-is-layout-355c4241 wp-block-group-is-layout-flex\">\n<p><strong>Cittadini stranieri con permesso di soggiorno B che vivono in Svizzera da almeno 24 mesi.<\/strong><\/p>\n\n\n\n<p>L'approvazione di un prestito avverr\u00e0 solo dopo un periodo di residenza definito. Sono previsti anche requisiti aggiuntivi relativi al profilo del richiedente.<\/p>\n<\/div>\n\n\n\n<div class=\"wp-block-group is-vertical is-layout-flex wp-container-core-group-is-layout-355c4241 wp-block-group-is-layout-flex\">\n<p><strong>Et\u00e0 compresa tra 18 e 68 anni.<\/strong><\/p>\n\n\n\n<p>L'et\u00e0 minima \u00e8 un requisito di legge; i prestiti non possono essere concessi ai minorenni. Si tratta di un'esclusione temporanea fino al raggiungimento della maggiore et\u00e0. Inoltre, l'et\u00e0 gioca un ruolo nella valutazione del rischio, sia per i giovani mutuatari che per gli over 65 o per chi ha raggiunto l'et\u00e0 pensionabile.<\/p>\n<\/div>\n<\/div>\n\n\n\n<div style=\"height:40px\" aria-hidden=\"true\" class=\"wp-block-spacer\"><\/div>\n\n\n\n<div class=\"wp-block-group has-secondary-light-background-color has-background is-layout-constrained wp-container-core-group-is-layout-db32e940 wp-block-group-is-layout-constrained\" style=\"padding-top:var(--wp--preset--spacing--60);padding-right:var(--wp--preset--spacing--60);padding-bottom:var(--wp--preset--spacing--60);padding-left:var(--wp--preset--spacing--60)\">\n<h4 class=\"wp-block-heading has-text-align-center\">La revisione della domanda e la risposta avverranno<br>entro 24 ore<\/h4>\n\n\n\n<hr class=\"wp-block-separator has-alpha-channel-opacity\"\/>\n\n\n\n<p class=\"has-text-align-center\" style=\"padding-top:var(--wp--preset--spacing--50)\">Fornisci tutti i documenti necessari (copia del documento d'identit\u00e0, buste paga, ecc.). Se la tua richiesta verr\u00e0 accettata, ti invieremo un'offerta e un modello di contratto per posta o e-mail. Una volta che ci avrai restituito il contratto firmato, la banca trasferir\u00e0 il prestito richiesto direttamente sul tuo conto, tenendo conto del periodo di attesa di 14 giorni previsto dalla legge.<\/p>\n\n\n\n<div class=\"wp-block-buttons is-content-justification-center is-layout-flex wp-container-core-buttons-is-layout-c7e98c6b wp-block-buttons-is-layout-flex\" style=\"padding-top:var(--wp--preset--spacing--60);padding-bottom:0\">\n<div class=\"wp-block-button\"><a class=\"wp-block-button__link wp-element-button\" href=\"https:\/\/kredit.ch\/it\/kredit-beantragen\/\">Richiedi un prestito ora<\/a><\/div>\n<\/div>\n<\/div>\n\n\n\n<div style=\"height:40px\" aria-hidden=\"true\" class=\"wp-block-spacer\"><\/div>\n<\/div>","protected":false},"excerpt":{"rendered":"<p>Kredit Checkliste Welche Voraussetzungen gelten f\u00fcr einen Kredit in der Schweiz? Voraussetzungen f\u00fcr Kredite In der Schweiz wird ein Kredit nach Konsumkreditgesetz als Privatkredit bezeichnet. Um einen Privatkredit in der Schweiz zu beantragen, sind folgende Voraussetzungen zu erf\u00fcllen: Ein Nettoeinkommen von mindestens CHF 3\u2019000. Ein Einkommen ist eine Voraussetzung, um einen Kredit zur\u00fcckzahlen zu k\u00f6nnen. [&hellip;]<\/p>\n","protected":false},"author":1,"featured_media":0,"parent":0,"menu_order":0,"comment_status":"closed","ping_status":"closed","template":"page-no-title-full-width","meta":{"footnotes":""},"class_list":["post-277","page","type-page","status-publish","hentry"],"yoast_head":"<!-- This site is optimized with the Yoast SEO plugin v27.5 - https:\/\/yoast.com\/product\/yoast-seo-wordpress\/ -->\n<title>Kredit Checkliste - Kredit ab 4.9% beantragen<\/title>\n<meta name=\"description\" content=\"Sicher zum Kredit Schweiz: Checkliste mit allen Anforderungen \u2013 inkl. Infos zur Betreibungsauskunft, Wohnsitz &amp; Bearbeitungsdauer.\" \/>\n<meta name=\"robots\" content=\"index, follow, max-snippet:-1, max-image-preview:large, max-video-preview:-1\" \/>\n<link rel=\"canonical\" href=\"https:\/\/kredit.ch\/it\/kredit-checkliste\/\" \/>\n<meta property=\"og:locale\" content=\"it_IT\" \/>\n<meta property=\"og:type\" content=\"article\" \/>\n<meta property=\"og:title\" content=\"Kredit Checkliste - Kredit ab 4.9% beantragen\" \/>\n<meta property=\"og:description\" content=\"Sicher zum Kredit Schweiz: Checkliste mit allen Anforderungen \u2013 inkl. Infos zur Betreibungsauskunft, Wohnsitz &amp; Bearbeitungsdauer.\" \/>\n<meta property=\"og:url\" content=\"https:\/\/kredit.ch\/it\/kredit-checkliste\/\" \/>\n<meta property=\"og:site_name\" content=\"Kredit ab 4.9% beantragen\" \/>\n<meta property=\"article:publisher\" content=\"https:\/\/www.facebook.com\/easycreditag\/\" \/>\n<meta property=\"article:modified_time\" content=\"2026-01-20T16:06:18+00:00\" \/>\n<meta property=\"og:image\" content=\"https:\/\/kredit.ch\/wp-content\/uploads\/2025\/12\/doc-preview.png\" \/>\n\t<meta property=\"og:image:width\" content=\"300\" \/>\n\t<meta property=\"og:image:height\" content=\"260\" \/>\n\t<meta property=\"og:image:type\" content=\"image\/png\" \/>\n<meta name=\"twitter:card\" content=\"summary_large_image\" \/>\n<meta name=\"twitter:label1\" content=\"Tempo di lettura stimato\" \/>\n\t<meta name=\"twitter:data1\" content=\"3 minuti\" \/>\n<script type=\"application\/ld+json\" class=\"yoast-schema-graph\">{\"@context\":\"https:\\\/\\\/schema.org\",\"@graph\":[{\"@type\":\"WebPage\",\"@id\":\"https:\\\/\\\/kredit.ch\\\/kredit-checkliste\\\/\",\"url\":\"https:\\\/\\\/kredit.ch\\\/kredit-checkliste\\\/\",\"name\":\"Kredit Checkliste - Kredit ab 4.9% beantragen\",\"isPartOf\":{\"@id\":\"https:\\\/\\\/kredit.ch\\\/#website\"},\"primaryImageOfPage\":{\"@id\":\"https:\\\/\\\/kredit.ch\\\/kredit-checkliste\\\/#primaryimage\"},\"image\":{\"@id\":\"https:\\\/\\\/kredit.ch\\\/kredit-checkliste\\\/#primaryimage\"},\"thumbnailUrl\":\"https:\\\/\\\/kredit.ch\\\/wp-content\\\/uploads\\\/2025\\\/12\\\/doc-preview.png\",\"datePublished\":\"2024-06-27T22:49:51+00:00\",\"dateModified\":\"2026-01-20T16:06:18+00:00\",\"description\":\"Sicher zum Kredit Schweiz: Checkliste mit allen Anforderungen \u2013 inkl. Infos zur Betreibungsauskunft, Wohnsitz & Bearbeitungsdauer.\",\"breadcrumb\":{\"@id\":\"https:\\\/\\\/kredit.ch\\\/kredit-checkliste\\\/#breadcrumb\"},\"inLanguage\":\"it-IT\",\"potentialAction\":[{\"@type\":\"ReadAction\",\"target\":[\"https:\\\/\\\/kredit.ch\\\/kredit-checkliste\\\/\"]}]},{\"@type\":\"ImageObject\",\"inLanguage\":\"it-IT\",\"@id\":\"https:\\\/\\\/kredit.ch\\\/kredit-checkliste\\\/#primaryimage\",\"url\":\"https:\\\/\\\/kredit.ch\\\/wp-content\\\/uploads\\\/2025\\\/12\\\/doc-preview.png\",\"contentUrl\":\"https:\\\/\\\/kredit.ch\\\/wp-content\\\/uploads\\\/2025\\\/12\\\/doc-preview.png\"},{\"@type\":\"BreadcrumbList\",\"@id\":\"https:\\\/\\\/kredit.ch\\\/kredit-checkliste\\\/#breadcrumb\",\"itemListElement\":[{\"@type\":\"ListItem\",\"position\":1,\"name\":\"Home\",\"item\":\"https:\\\/\\\/kredit.ch\\\/\"},{\"@type\":\"ListItem\",\"position\":2,\"name\":\"Kredit Checkliste\"}]},{\"@type\":\"WebSite\",\"@id\":\"https:\\\/\\\/kredit.ch\\\/#website\",\"url\":\"https:\\\/\\\/kredit.ch\\\/\",\"name\":\"easycredit\",\"description\":\"Seit 15 Jahren Kreditpartner in Schweiz\",\"publisher\":{\"@id\":\"https:\\\/\\\/kredit.ch\\\/#organization\"},\"potentialAction\":[{\"@type\":\"SearchAction\",\"target\":{\"@type\":\"EntryPoint\",\"urlTemplate\":\"https:\\\/\\\/kredit.ch\\\/?s={search_term_string}\"},\"query-input\":{\"@type\":\"PropertyValueSpecification\",\"valueRequired\":true,\"valueName\":\"search_term_string\"}}],\"inLanguage\":\"it-IT\"},{\"@type\":\"Organization\",\"@id\":\"https:\\\/\\\/kredit.ch\\\/#organization\",\"name\":\"easycredit\",\"url\":\"https:\\\/\\\/kredit.ch\\\/\",\"logo\":{\"@type\":\"ImageObject\",\"inLanguage\":\"it-IT\",\"@id\":\"https:\\\/\\\/kredit.ch\\\/#\\\/schema\\\/logo\\\/image\\\/\",\"url\":\"https:\\\/\\\/kredit.ch\\\/wp-content\\\/uploads\\\/2025\\\/11\\\/logo.svg\",\"contentUrl\":\"https:\\\/\\\/kredit.ch\\\/wp-content\\\/uploads\\\/2025\\\/11\\\/logo.svg\",\"caption\":\"easycredit\"},\"image\":{\"@id\":\"https:\\\/\\\/kredit.ch\\\/#\\\/schema\\\/logo\\\/image\\\/\"},\"sameAs\":[\"https:\\\/\\\/www.facebook.com\\\/easycreditag\\\/\"]}]}<\/script>\n<!-- \/ Yoast SEO plugin. -->","yoast_head_json":{"title":"Kredit Checkliste - Kredit ab 4.9% beantragen","description":"Sicher zum Kredit Schweiz: Checkliste mit allen Anforderungen \u2013 inkl. Infos zur Betreibungsauskunft, Wohnsitz & Bearbeitungsdauer.","robots":{"index":"index","follow":"follow","max-snippet":"max-snippet:-1","max-image-preview":"max-image-preview:large","max-video-preview":"max-video-preview:-1"},"canonical":"https:\/\/kredit.ch\/it\/kredit-checkliste\/","og_locale":"it_IT","og_type":"article","og_title":"Kredit Checkliste - Kredit ab 4.9% beantragen","og_description":"Sicher zum Kredit Schweiz: Checkliste mit allen Anforderungen \u2013 inkl. Infos zur Betreibungsauskunft, Wohnsitz & Bearbeitungsdauer.","og_url":"https:\/\/kredit.ch\/it\/kredit-checkliste\/","og_site_name":"Kredit ab 4.9% beantragen","article_publisher":"https:\/\/www.facebook.com\/easycreditag\/","article_modified_time":"2026-01-20T16:06:18+00:00","og_image":[{"width":300,"height":260,"url":"https:\/\/kredit.ch\/wp-content\/uploads\/2025\/12\/doc-preview.png","type":"image\/png"}],"twitter_card":"summary_large_image","twitter_misc":{"Tempo di lettura stimato":"3 minuti"},"schema":{"@context":"https:\/\/schema.org","@graph":[{"@type":"WebPage","@id":"https:\/\/kredit.ch\/kredit-checkliste\/","url":"https:\/\/kredit.ch\/kredit-checkliste\/","name":"Kredit Checkliste - Kredit ab 4.9% beantragen","isPartOf":{"@id":"https:\/\/kredit.ch\/#website"},"primaryImageOfPage":{"@id":"https:\/\/kredit.ch\/kredit-checkliste\/#primaryimage"},"image":{"@id":"https:\/\/kredit.ch\/kredit-checkliste\/#primaryimage"},"thumbnailUrl":"https:\/\/kredit.ch\/wp-content\/uploads\/2025\/12\/doc-preview.png","datePublished":"2024-06-27T22:49:51+00:00","dateModified":"2026-01-20T16:06:18+00:00","description":"Sicher zum Kredit Schweiz: Checkliste mit allen Anforderungen \u2013 inkl. Infos zur Betreibungsauskunft, Wohnsitz & Bearbeitungsdauer.","breadcrumb":{"@id":"https:\/\/kredit.ch\/kredit-checkliste\/#breadcrumb"},"inLanguage":"it-IT","potentialAction":[{"@type":"ReadAction","target":["https:\/\/kredit.ch\/kredit-checkliste\/"]}]},{"@type":"ImageObject","inLanguage":"it-IT","@id":"https:\/\/kredit.ch\/kredit-checkliste\/#primaryimage","url":"https:\/\/kredit.ch\/wp-content\/uploads\/2025\/12\/doc-preview.png","contentUrl":"https:\/\/kredit.ch\/wp-content\/uploads\/2025\/12\/doc-preview.png"},{"@type":"BreadcrumbList","@id":"https:\/\/kredit.ch\/kredit-checkliste\/#breadcrumb","itemListElement":[{"@type":"ListItem","position":1,"name":"Home","item":"https:\/\/kredit.ch\/"},{"@type":"ListItem","position":2,"name":"Kredit Checkliste"}]},{"@type":"WebSite","@id":"https:\/\/kredit.ch\/#website","url":"https:\/\/kredit.ch\/","name":"easycredit","description":"Seit 15 Jahren Kreditpartner in Schweiz","publisher":{"@id":"https:\/\/kredit.ch\/#organization"},"potentialAction":[{"@type":"SearchAction","target":{"@type":"EntryPoint","urlTemplate":"https:\/\/kredit.ch\/?s={search_term_string}"},"query-input":{"@type":"PropertyValueSpecification","valueRequired":true,"valueName":"search_term_string"}}],"inLanguage":"it-IT"},{"@type":"Organization","@id":"https:\/\/kredit.ch\/#organization","name":"easycredit","url":"https:\/\/kredit.ch\/","logo":{"@type":"ImageObject","inLanguage":"it-IT","@id":"https:\/\/kredit.ch\/#\/schema\/logo\/image\/","url":"https:\/\/kredit.ch\/wp-content\/uploads\/2025\/11\/logo.svg","contentUrl":"https:\/\/kredit.ch\/wp-content\/uploads\/2025\/11\/logo.svg","caption":"easycredit"},"image":{"@id":"https:\/\/kredit.ch\/#\/schema\/logo\/image\/"},"sameAs":["https:\/\/www.facebook.com\/easycreditag\/"]}]}},"_links":{"self":[{"href":"https:\/\/kredit.ch\/it\/wp-json\/wp\/v2\/pages\/277","targetHints":{"allow":["GET"]}}],"collection":[{"href":"https:\/\/kredit.ch\/it\/wp-json\/wp\/v2\/pages"}],"about":[{"href":"https:\/\/kredit.ch\/it\/wp-json\/wp\/v2\/types\/page"}],"author":[{"embeddable":true,"href":"https:\/\/kredit.ch\/it\/wp-json\/wp\/v2\/users\/1"}],"replies":[{"embeddable":true,"href":"https:\/\/kredit.ch\/it\/wp-json\/wp\/v2\/comments?post=277"}],"version-history":[{"count":33,"href":"https:\/\/kredit.ch\/it\/wp-json\/wp\/v2\/pages\/277\/revisions"}],"predecessor-version":[{"id":1264,"href":"https:\/\/kredit.ch\/it\/wp-json\/wp\/v2\/pages\/277\/revisions\/1264"}],"wp:attachment":[{"href":"https:\/\/kredit.ch\/it\/wp-json\/wp\/v2\/media?parent=277"}],"curies":[{"name":"wp","href":"https:\/\/api.w.org\/{rel}","templated":true}]}}