{"id":270,"date":"2024-06-27T22:41:44","date_gmt":"2024-06-27T22:41:44","guid":{"rendered":"https:\/\/apuwavab.myhostpoint.ch\/?page_id=270"},"modified":"2026-01-29T12:53:03","modified_gmt":"2026-01-29T12:53:03","slug":"haeufig-gestellte-kreditfragen","status":"publish","type":"page","link":"https:\/\/kredit.ch\/it\/haeufig-gestellte-kreditfragen\/","title":{"rendered":"Domande frequenti (FAQ)"},"content":{"rendered":"<div class=\"wp-block-group has-light-background-background-color has-background is-layout-constrained wp-block-group-is-layout-constrained\">\n<div class=\"wp-block-group is-layout-constrained wp-block-group-is-layout-constrained\" style=\"padding-top:var(--wp--preset--spacing--60);padding-bottom:var(--wp--preset--spacing--60)\">\n<h1 class=\"wp-block-heading has-text-align-center has-large-font-size\">Domande frequenti (FAQ)<\/h1>\n\n\n\n<hr class=\"wp-block-separator has-alpha-channel-opacity\"\/>\n\n\n\n<p class=\"has-text-align-center\" style=\"padding-top:var(--wp--preset--spacing--50)\">FAQ \u2013 le informazioni pi\u00f9 importanti sul credito<\/p>\n<\/div>\n<\/div>\n\n\n\n<div class=\"wp-block-group is-layout-constrained wp-block-group-is-layout-constrained\">\n<div style=\"height:40px\" aria-hidden=\"true\" class=\"wp-block-spacer\"><\/div>\n\n\n\n<div class=\"wp-block-group accordion is-layout-flow wp-block-group-is-layout-flow\">\n<p><em>1<\/em>Che cos'\u00e8 un prestito personale?<\/p>\n\n\n\n<div class=\"wp-block-group accordion-content has-padding is-layout-constrained wp-block-group-is-layout-constrained\">\n<p>Un <strong>Prestito personale<\/strong> \u00e8 un <strong>prestito non garantito<\/strong>, che puoi stipulare come privato. Decidi tu stesso come utilizzare il denaro: ad esempio, per mobili, vacanze, corsi di formazione, un'auto o per consolidare prestiti esistenti.<br>Il rimborso avviene in rate mensili per un periodo di <strong>da 6 a 120 mesi<\/strong>. A <strong>kredit.ch<\/strong> Puoi il tuo <strong>Prestiti online in Svizzera<\/strong> non vincolante, sicuro e <strong>Applicare ZEK-neutrale<\/strong>.<\/p>\n<\/div>\n<\/div>\n\n\n\n<div class=\"wp-block-group accordion is-layout-flow wp-block-group-is-layout-flow\">\n<p><em>2<\/em>Quali sono i requisiti per richiedere un prestito in Svizzera?<\/p>\n\n\n\n<div class=\"wp-block-group accordion-content has-padding is-layout-constrained wp-block-group-is-layout-constrained\">\n<p>A un <strong>Prestito in Svizzera<\/strong> Per poter presentare domanda, devono essere soddisfatte le seguenti condizioni:<\/p>\n\n\n\n<ul class=\"wp-block-list\">\n<li>Et\u00e0 minima <strong>18 anni<\/strong><\/li>\n\n\n\n<li><strong>Residenza permanente in Svizzera<\/strong><\/li>\n\n\n\n<li><strong>Reddito regolare<\/strong><\/li>\n\n\n\n<li>Nessun aspetto negativo serio <strong>voci ZEK<\/strong><\/li>\n\n\n\n<li>Nessun problema serio o in corso <strong>Procedimenti di recupero crediti<\/strong><\/li>\n\n\n\n<li><strong>Passaporto svizzero valido<\/strong> o <strong>Permesso di soggiorno B o C<\/strong><\/li>\n\n\n\n<li>Per il permesso di soggiorno B: <strong>almeno 12 mesi di residenza in Svizzera<\/strong><\/li>\n<\/ul>\n\n\n\n<p>Ogni richiesta di prestito viene esaminata individualmente. I nostri esperti di prestiti<\/p>\n<\/div>\n<\/div>\n\n\n\n<div class=\"wp-block-group accordion is-layout-flow wp-block-group-is-layout-flow\">\n<p><em>3<\/em>Qual \u00e8 l'importo massimo che posso richiedere?<\/p>\n\n\n\n<div class=\"wp-block-group accordion-content has-padding is-layout-constrained wp-block-group-is-layout-constrained\">\n<p>Su kredit.ch puoi ottenere un <strong>Prestito da CHF 1.000 a CHF 250.000<\/strong> per registrare.<br>L'importo del prestito possibile dipende da diversi fattori, tra cui:<\/p>\n\n\n\n<ul class=\"wp-block-list\">\n<li>Il tuo reddito<\/li>\n\n\n\n<li>Il tuo punteggio di credito<\/li>\n\n\n\n<li>La tua situazione finanziaria generale<\/li>\n<\/ul>\n\n\n\n<p>Con il calcolatore di prestiti su kredit.ch puoi vedere subito quale rata mensile e quale durata del prestito sono adatte al tuo prestito. <strong>Prestito online<\/strong> sono realistici.<\/p>\n<\/div>\n<\/div>\n\n\n\n<div class=\"wp-block-group accordion is-layout-flow wp-block-group-is-layout-flow\">\n<p><em>4<\/em>Posso estinguere un prestito esistente tramite kredit.ch?<\/p>\n\n\n\n<div class=\"wp-block-group accordion-content has-padding is-layout-constrained wp-block-group-is-layout-constrained\">\n<p>S\u00ec. Con un <strong>ristrutturazione del debito<\/strong> \u00e8 possibile rifinanziare prestiti esistenti con un nuovo prestito che offre condizioni migliori. I vantaggi includono:<\/p>\n\n\n\n<ul class=\"wp-block-list\">\n<li>Costi di interesse pi\u00f9 bassi<\/li>\n\n\n\n<li>Pagamenti mensili pi\u00f9 bassi<\/li>\n\n\n\n<li>Maggiore chiarezza con un solo prestito<\/li>\n<\/ul>\n\n\n\n<p>kredit.ch confronta gratuitamente le migliori offerte per te. <strong>Ristrutturazione del debito in Svizzera<\/strong>.<\/p>\n<\/div>\n<\/div>\n\n\n\n<div class=\"wp-block-group accordion is-layout-flow wp-block-group-is-layout-flow\">\n<p><em>5<\/em>I pensionati possono chiedere un prestito?<\/p>\n\n\n\n<div class=\"wp-block-group accordion-content has-padding is-layout-constrained wp-block-group-is-layout-constrained\">\n<p>S\u00ec anche <strong>I pensionati possono richiedere un prestito<\/strong>. Un prerequisito \u00e8 una pensione sicura o un reddito regolare che garantisca il rimborso.<br>I nostri consulenti valuteranno la tua situazione specifica e troveranno la soluzione pi\u00f9 adatta a te. <strong>Prestito personale Svizzera<\/strong>.<\/p>\n<\/div>\n<\/div>\n\n\n\n<div class=\"wp-block-group accordion is-layout-flow wp-block-group-is-layout-flow\">\n<p><em>6<\/em>I lavoratori autonomi possono richiedere un prestito?<\/p>\n\n\n\n<div class=\"wp-block-group accordion-content has-padding is-layout-constrained wp-block-group-is-layout-constrained\">\n<p>Anche <strong>lavoratori autonomi<\/strong> puoi ottenere un prestito su kredit.ch <strong>Richiedi un prestito<\/strong>. Oltre alle informazioni consuete, \u00e8 richiesta la prova del reddito, ad esempio:<\/p>\n\n\n\n<ul class=\"wp-block-list\">\n<li>Dichiarazioni dei redditi<\/li>\n\n\n\n<li>Bilanci annuali<\/li>\n\n\n\n<li>Bilanci finanziari<\/li>\n<\/ul>\n\n\n\n<p>I nostri esperti ti aiuteranno a scegliere l'importo e la durata del prestito pi\u00f9 adatti.<\/p>\n<\/div>\n<\/div>\n\n\n\n<div class=\"wp-block-group accordion is-layout-flow wp-block-group-is-layout-flow\">\n<p><em>7<\/em>Gli studenti possono richiedere un prestito?<\/p>\n\n\n\n<div class=\"wp-block-group accordion-content has-padding is-layout-constrained wp-block-group-is-layout-constrained\">\n<p>Gli studenti possono solitamente <strong>nessun prestito personale<\/strong> per essere ammessi, in quanto \u00e8 richiesto un reddito regolare.<br>Tuttavia, se lavori parallelamente ai tuoi studi e hai un reddito verificabile, esamineremo la tua richiesta di prestito individualmente e ti consiglieremo possibili alternative.<\/p>\n<\/div>\n<\/div>\n\n\n\n<div class=\"wp-block-group accordion is-layout-flow wp-block-group-is-layout-flow\">\n<p><em>8<\/em>Gli interessi sui prestiti sono deducibili dalle tasse in Svizzera?<\/p>\n\n\n\n<div class=\"wp-block-group accordion-content has-padding is-layout-constrained wp-block-group-is-layout-constrained\">\n<p>Si. <strong>In Svizzera gli interessi sui prestiti sono deducibili dalle tasse.<\/strong>Nella dichiarazione dei redditi puoi dichiarare gli interessi pagati come interessi passivi, riducendo cos\u00ec il tuo carico fiscale.<br>I nostri consulenti saranno lieti di spiegarti come sfruttare al meglio questo vantaggio.<\/p>\n<\/div>\n<\/div>\n\n\n\n<div class=\"wp-block-group accordion is-layout-flow wp-block-group-is-layout-flow\">\n<p><em>9<\/em>Posso combinare pi\u00f9 prestiti?<\/p>\n\n\n\n<div class=\"wp-block-group accordion-content has-padding is-layout-constrained wp-block-group-is-layout-constrained\">\n<p>S\u00ec. Con un <strong>Consolidamento del credito<\/strong> \u00e8 possibile accorpare pi\u00f9 prestiti esistenti in un unico prestito. Ci\u00f2 offre i seguenti vantaggi:<\/p>\n\n\n\n<ul class=\"wp-block-list\">\n<li>Soltanto <strong>un pagamento mensile<\/strong><\/li>\n\n\n\n<li>Spesso <strong>migliori tassi di interesse<\/strong><\/li>\n\n\n\n<li>Maggiore panoramica e sicurezza nella pianificazione<\/li>\n<\/ul>\n\n\n\n<p>kredit.ch verifica gratuitamente se conviene un consolidamento dei tuoi prestiti.<\/p>\n<\/div>\n<\/div>\n\n\n\n<div class=\"wp-block-group accordion is-layout-flow wp-block-group-is-layout-flow\">\n<p><em>10<\/em>Cosa succede se non pago pi\u00f9?<\/p>\n\n\n\n<div class=\"wp-block-group accordion-content has-padding is-layout-constrained wp-block-group-is-layout-constrained\">\n<p>I pagamenti in ritardo possono comportare spese di sollecito e costi aggiuntivi. Inoltre, un <strong>voce ZEK negativa<\/strong> influenzare la tua futura affidabilit\u00e0 creditizia.<br>Importante: contattateci per tempo. Insieme troveremo una soluzione prima che si verifichino gravi conseguenze.<\/p>\n<\/div>\n<\/div>\n\n\n\n<div class=\"wp-block-group accordion is-layout-flow wp-block-group-is-layout-flow\">\n<p><em>11<\/em>Quanto tempo ci vuole per elaborare un prestito?<\/p>\n\n\n\n<div class=\"wp-block-group accordion-content has-padding is-layout-constrained wp-block-group-is-layout-constrained\">\n<p>L'elaborazione dei tuoi dati <strong>Domanda di prestito online<\/strong> di solito questo avviene molto rapidamente:<\/p>\n\n\n\n<ul class=\"wp-block-list\">\n<li>Decisione di credito di solito <strong>entro 1-2 giorni lavorativi<\/strong><\/li>\n\n\n\n<li>Pagamento pochi giorni dopo la firma del contratto<\/li>\n<\/ul>\n\n\n\n<p>Ecco come puoi <strong>Credito in Svizzera<\/strong> registra in modo rapido e semplice.<\/p>\n<\/div>\n<\/div>\n\n\n\n<div class=\"wp-block-group accordion is-layout-flow wp-block-group-is-layout-flow\">\n<p><em>12<\/em>Come posso aumentare le mie possibilit\u00e0 di ottenere l'approvazione di un prestito?<\/p>\n\n\n\n<div class=\"wp-block-group accordion-content has-padding is-layout-constrained wp-block-group-is-layout-constrained\">\n<p>Le tue possibilit\u00e0 di ottenere un <strong>Credito in Svizzera<\/strong> alzati se:<\/p>\n\n\n\n<ul class=\"wp-block-list\">\n<li>Prova di reddito regolare<\/li>\n\n\n\n<li>Nessun debito in sospeso<\/li>\n\n\n\n<li>Dichiarare correttamente tutti i redditi (compresi i redditi accessori)<\/li>\n\n\n\n<li>Pianificare il pagamento mensile in modo realistico<\/li>\n<\/ul>\n\n\n\n<p>I nostri esperti di credito indipendenti ti aiuteranno a migliorare il tuo rating creditizio e la tua <strong>Richiedere un prestito con successo<\/strong>.<\/p>\n<\/div>\n<\/div>\n\n\n\n<div style=\"height:40px\" aria-hidden=\"true\" class=\"wp-block-spacer\"><\/div>\n\n\n\n<div class=\"wp-block-group has-secondary-light-background-color has-background is-layout-constrained wp-container-core-group-is-layout-db32e940 wp-block-group-is-layout-constrained\" style=\"padding-top:var(--wp--preset--spacing--60);padding-right:var(--wp--preset--spacing--60);padding-bottom:var(--wp--preset--spacing--60);padding-left:var(--wp--preset--spacing--60)\">\n<h4 class=\"wp-block-heading has-text-align-center\">Ulteriori domande<\/h4>\n\n\n\n<hr class=\"wp-block-separator has-alpha-channel-opacity\"\/>\n\n\n\n<p class=\"has-text-align-center\" style=\"padding-top:var(--wp--preset--spacing--50)\">Hai domande sul tuo prestito personale o sulla tua richiesta di prestito?<br><strong>Chiamateci al numero 044 404 75 70.<\/strong><br>Saremo lieti di consigliarvi su tutti gli aspetti del finanziamento privato. Veloce, semplice e competente.<\/p>\n\n\n\n<div class=\"wp-block-buttons is-content-justification-center is-layout-flex wp-container-core-buttons-is-layout-c7e98c6b wp-block-buttons-is-layout-flex\" style=\"padding-top:var(--wp--preset--spacing--60);padding-bottom:0\">\n<div class=\"wp-block-button\"><a class=\"wp-block-button__link wp-element-button\" href=\"https:\/\/kredit.ch\/it\/kontakt\/\">Richiedi una chiamata<\/a><\/div>\n<\/div>\n<\/div>\n\n\n\n<div style=\"height:40px\" aria-hidden=\"true\" class=\"wp-block-spacer\"><\/div>\n<\/div>","protected":false},"excerpt":{"rendered":"<p>H\u00e4ufig gestellte Kreditfragen FAQ &#8211; das Wichtigste \u00fcber Kredit 1Was ist ein Privatkredit? Ein Privatkredit ist ein zweckfreier Kredit, den Sie als Privatperson aufnehmen k\u00f6nnen. Sie entscheiden selbst, wof\u00fcr Sie das Geld verwenden \u2013 zum Beispiel f\u00fcr M\u00f6bel, Ferien, Weiterbildungen, ein Auto oder zur Umschuldung bestehender Kredite.Die R\u00fcckzahlung erfolgt in monatlichen Raten \u00fcber eine Laufzeit [&hellip;]<\/p>\n","protected":false},"author":1,"featured_media":0,"parent":0,"menu_order":0,"comment_status":"closed","ping_status":"closed","template":"page-no-title-full-width","meta":{"footnotes":""},"class_list":["post-270","page","type-page","status-publish","hentry"],"yoast_head":"<!-- This site is optimized with the Yoast SEO plugin v27.5 - https:\/\/yoast.com\/product\/yoast-seo-wordpress\/ -->\n<title>H\u00e4ufig gestellte Kreditfragen - Kredit ab 4.9% beantragen<\/title>\n<meta name=\"description\" content=\"Welche Bedingungen gelten f\u00fcr einen Privatkredit? Hier finden Sie alle h\u00e4ufigen Fragen &amp; Antworten zu Kreditvoraussetzungen, Laufzeit &amp; Antrag.\" \/>\n<meta name=\"robots\" content=\"index, follow, max-snippet:-1, max-image-preview:large, max-video-preview:-1\" \/>\n<link rel=\"canonical\" href=\"https:\/\/kredit.ch\/it\/haeufig-gestellte-kreditfragen\/\" \/>\n<meta property=\"og:locale\" content=\"it_IT\" \/>\n<meta property=\"og:type\" content=\"article\" \/>\n<meta property=\"og:title\" content=\"H\u00e4ufig gestellte Kreditfragen - Kredit ab 4.9% beantragen\" \/>\n<meta property=\"og:description\" content=\"Welche Bedingungen gelten f\u00fcr einen Privatkredit? Hier finden Sie alle h\u00e4ufigen Fragen &amp; Antworten zu Kreditvoraussetzungen, Laufzeit &amp; Antrag.\" \/>\n<meta property=\"og:url\" content=\"https:\/\/kredit.ch\/it\/haeufig-gestellte-kreditfragen\/\" \/>\n<meta property=\"og:site_name\" content=\"Kredit ab 4.9% beantragen\" \/>\n<meta property=\"article:publisher\" content=\"https:\/\/www.facebook.com\/easycreditag\/\" \/>\n<meta property=\"article:modified_time\" content=\"2026-01-29T12:53:03+00:00\" \/>\n<meta name=\"twitter:card\" content=\"summary_large_image\" \/>\n<meta name=\"twitter:label1\" content=\"Tempo di lettura stimato\" \/>\n\t<meta name=\"twitter:data1\" content=\"4 minuti\" \/>\n<script type=\"application\/ld+json\" class=\"yoast-schema-graph\">{\"@context\":\"https:\\\/\\\/schema.org\",\"@graph\":[{\"@type\":\"WebPage\",\"@id\":\"https:\\\/\\\/kredit.ch\\\/haeufig-gestellte-kreditfragen\\\/\",\"url\":\"https:\\\/\\\/kredit.ch\\\/haeufig-gestellte-kreditfragen\\\/\",\"name\":\"H\u00e4ufig gestellte Kreditfragen - Kredit ab 4.9% beantragen\",\"isPartOf\":{\"@id\":\"https:\\\/\\\/kredit.ch\\\/#website\"},\"datePublished\":\"2024-06-27T22:41:44+00:00\",\"dateModified\":\"2026-01-29T12:53:03+00:00\",\"description\":\"Welche Bedingungen gelten f\u00fcr einen Privatkredit? Hier finden Sie alle h\u00e4ufigen Fragen & Antworten zu Kreditvoraussetzungen, Laufzeit & Antrag.\",\"breadcrumb\":{\"@id\":\"https:\\\/\\\/kredit.ch\\\/haeufig-gestellte-kreditfragen\\\/#breadcrumb\"},\"inLanguage\":\"it-IT\",\"potentialAction\":[{\"@type\":\"ReadAction\",\"target\":[\"https:\\\/\\\/kredit.ch\\\/haeufig-gestellte-kreditfragen\\\/\"]}]},{\"@type\":\"BreadcrumbList\",\"@id\":\"https:\\\/\\\/kredit.ch\\\/haeufig-gestellte-kreditfragen\\\/#breadcrumb\",\"itemListElement\":[{\"@type\":\"ListItem\",\"position\":1,\"name\":\"Home\",\"item\":\"https:\\\/\\\/kredit.ch\\\/\"},{\"@type\":\"ListItem\",\"position\":2,\"name\":\"H\u00e4ufig gestellte Kreditfragen\"}]},{\"@type\":\"WebSite\",\"@id\":\"https:\\\/\\\/kredit.ch\\\/#website\",\"url\":\"https:\\\/\\\/kredit.ch\\\/\",\"name\":\"easycredit\",\"description\":\"Seit 15 Jahren Kreditpartner in Schweiz\",\"publisher\":{\"@id\":\"https:\\\/\\\/kredit.ch\\\/#organization\"},\"potentialAction\":[{\"@type\":\"SearchAction\",\"target\":{\"@type\":\"EntryPoint\",\"urlTemplate\":\"https:\\\/\\\/kredit.ch\\\/?s={search_term_string}\"},\"query-input\":{\"@type\":\"PropertyValueSpecification\",\"valueRequired\":true,\"valueName\":\"search_term_string\"}}],\"inLanguage\":\"it-IT\"},{\"@type\":\"Organization\",\"@id\":\"https:\\\/\\\/kredit.ch\\\/#organization\",\"name\":\"easycredit\",\"url\":\"https:\\\/\\\/kredit.ch\\\/\",\"logo\":{\"@type\":\"ImageObject\",\"inLanguage\":\"it-IT\",\"@id\":\"https:\\\/\\\/kredit.ch\\\/#\\\/schema\\\/logo\\\/image\\\/\",\"url\":\"https:\\\/\\\/kredit.ch\\\/wp-content\\\/uploads\\\/2025\\\/11\\\/logo.svg\",\"contentUrl\":\"https:\\\/\\\/kredit.ch\\\/wp-content\\\/uploads\\\/2025\\\/11\\\/logo.svg\",\"caption\":\"easycredit\"},\"image\":{\"@id\":\"https:\\\/\\\/kredit.ch\\\/#\\\/schema\\\/logo\\\/image\\\/\"},\"sameAs\":[\"https:\\\/\\\/www.facebook.com\\\/easycreditag\\\/\"]}]}<\/script>\n<!-- \/ Yoast SEO plugin. -->","yoast_head_json":{"title":"H\u00e4ufig gestellte Kreditfragen - Kredit ab 4.9% beantragen","description":"Welche Bedingungen gelten f\u00fcr einen Privatkredit? Hier finden Sie alle h\u00e4ufigen Fragen & Antworten zu Kreditvoraussetzungen, Laufzeit & Antrag.","robots":{"index":"index","follow":"follow","max-snippet":"max-snippet:-1","max-image-preview":"max-image-preview:large","max-video-preview":"max-video-preview:-1"},"canonical":"https:\/\/kredit.ch\/it\/haeufig-gestellte-kreditfragen\/","og_locale":"it_IT","og_type":"article","og_title":"H\u00e4ufig gestellte Kreditfragen - Kredit ab 4.9% beantragen","og_description":"Welche Bedingungen gelten f\u00fcr einen Privatkredit? Hier finden Sie alle h\u00e4ufigen Fragen & Antworten zu Kreditvoraussetzungen, Laufzeit & Antrag.","og_url":"https:\/\/kredit.ch\/it\/haeufig-gestellte-kreditfragen\/","og_site_name":"Kredit ab 4.9% beantragen","article_publisher":"https:\/\/www.facebook.com\/easycreditag\/","article_modified_time":"2026-01-29T12:53:03+00:00","twitter_card":"summary_large_image","twitter_misc":{"Tempo di lettura stimato":"4 minuti"},"schema":{"@context":"https:\/\/schema.org","@graph":[{"@type":"WebPage","@id":"https:\/\/kredit.ch\/haeufig-gestellte-kreditfragen\/","url":"https:\/\/kredit.ch\/haeufig-gestellte-kreditfragen\/","name":"H\u00e4ufig gestellte Kreditfragen - Kredit ab 4.9% beantragen","isPartOf":{"@id":"https:\/\/kredit.ch\/#website"},"datePublished":"2024-06-27T22:41:44+00:00","dateModified":"2026-01-29T12:53:03+00:00","description":"Welche Bedingungen gelten f\u00fcr einen Privatkredit? Hier finden Sie alle h\u00e4ufigen Fragen & Antworten zu Kreditvoraussetzungen, Laufzeit & Antrag.","breadcrumb":{"@id":"https:\/\/kredit.ch\/haeufig-gestellte-kreditfragen\/#breadcrumb"},"inLanguage":"it-IT","potentialAction":[{"@type":"ReadAction","target":["https:\/\/kredit.ch\/haeufig-gestellte-kreditfragen\/"]}]},{"@type":"BreadcrumbList","@id":"https:\/\/kredit.ch\/haeufig-gestellte-kreditfragen\/#breadcrumb","itemListElement":[{"@type":"ListItem","position":1,"name":"Home","item":"https:\/\/kredit.ch\/"},{"@type":"ListItem","position":2,"name":"H\u00e4ufig gestellte Kreditfragen"}]},{"@type":"WebSite","@id":"https:\/\/kredit.ch\/#website","url":"https:\/\/kredit.ch\/","name":"easycredit","description":"Seit 15 Jahren Kreditpartner in Schweiz","publisher":{"@id":"https:\/\/kredit.ch\/#organization"},"potentialAction":[{"@type":"SearchAction","target":{"@type":"EntryPoint","urlTemplate":"https:\/\/kredit.ch\/?s={search_term_string}"},"query-input":{"@type":"PropertyValueSpecification","valueRequired":true,"valueName":"search_term_string"}}],"inLanguage":"it-IT"},{"@type":"Organization","@id":"https:\/\/kredit.ch\/#organization","name":"easycredit","url":"https:\/\/kredit.ch\/","logo":{"@type":"ImageObject","inLanguage":"it-IT","@id":"https:\/\/kredit.ch\/#\/schema\/logo\/image\/","url":"https:\/\/kredit.ch\/wp-content\/uploads\/2025\/11\/logo.svg","contentUrl":"https:\/\/kredit.ch\/wp-content\/uploads\/2025\/11\/logo.svg","caption":"easycredit"},"image":{"@id":"https:\/\/kredit.ch\/#\/schema\/logo\/image\/"},"sameAs":["https:\/\/www.facebook.com\/easycreditag\/"]}]}},"_links":{"self":[{"href":"https:\/\/kredit.ch\/it\/wp-json\/wp\/v2\/pages\/270","targetHints":{"allow":["GET"]}}],"collection":[{"href":"https:\/\/kredit.ch\/it\/wp-json\/wp\/v2\/pages"}],"about":[{"href":"https:\/\/kredit.ch\/it\/wp-json\/wp\/v2\/types\/page"}],"author":[{"embeddable":true,"href":"https:\/\/kredit.ch\/it\/wp-json\/wp\/v2\/users\/1"}],"replies":[{"embeddable":true,"href":"https:\/\/kredit.ch\/it\/wp-json\/wp\/v2\/comments?post=270"}],"version-history":[{"count":12,"href":"https:\/\/kredit.ch\/it\/wp-json\/wp\/v2\/pages\/270\/revisions"}],"predecessor-version":[{"id":1351,"href":"https:\/\/kredit.ch\/it\/wp-json\/wp\/v2\/pages\/270\/revisions\/1351"}],"wp:attachment":[{"href":"https:\/\/kredit.ch\/it\/wp-json\/wp\/v2\/media?parent=270"}],"curies":[{"name":"wp","href":"https:\/\/api.w.org\/{rel}","templated":true}]}}