{"id":1081,"date":"2026-01-14T00:20:29","date_gmt":"2026-01-14T00:20:29","guid":{"rendered":"https:\/\/kredit.ch\/?page_id=1081"},"modified":"2026-01-14T00:21:37","modified_gmt":"2026-01-14T00:21:37","slug":"nutzungsbedingungen","status":"publish","type":"page","link":"https:\/\/kredit.ch\/it\/nutzungsbedingungen\/","title":{"rendered":"Condizioni di utlizzo"},"content":{"rendered":"<h1 class=\"wp-block-heading\">Informazioni legali su kredit.ch<\/h1>\n\n\n\n<h2 class=\"wp-block-heading\">Consenso<\/h2>\n\n\n\n<p>Chiunque acceda alle informazioni presenti sul sito web kredit.ch sul World Wide Web<br>(www.kredit.ch) accetta i seguenti termini e condizioni.<\/p>\n\n\n\n<h2 class=\"wp-block-heading\">Destinatari<\/h2>\n\n\n\n<p>Il sito web kredit.ch si rivolge esclusivamente a persone fisiche e giuridiche, nonch\u00e9 a societ\u00e0 di persone e societ\u00e0 di capitali con sede o domicilio in Svizzera.<\/p>\n\n\n\n<h2 class=\"wp-block-heading\">Ambito di applicazione<\/h2>\n\n\n\n<p>Le seguenti disposizioni regolano l'elaborazione del prestito tra\u00a0<a href=\"https:\/\/kredit.ch\/it\/\">kredit.ch<\/a>\u00a0GmbH (con sede legale a 8400 Winterthur) e il richiedente. Con la compilazione o l'invio della domanda online, le presenti condizioni si intendono accettate tra le parti. kredit.ch \u00e8 un prodotto di budgetgroup.ch GmbH (di seguito: kredit.ch).<\/p>\n\n\n\n<h2 class=\"wp-block-heading\">Servizio fornito da kredit.ch<\/h2>\n\n\n\n<p>Il servizio di\u00a0<a href=\"https:\/\/kredit.ch\/it\/\">kredit.ch<\/a>\u00a0consiste nel ricevere la richiesta di prestito (online, via e-mail, via fax, per telefono o di persona), analizzare le esigenze del cliente, fornire una valutazione non vincolante della sua solvibilit\u00e0, offrire consulenza e supporto gratuiti durante l'intero processo di richiesta del prestito e gestire l'elaborazione del prestito. Questo servizio \u00e8 gratuito.<\/p>\n\n\n\n<p>I consulenti clienti di kredit.ch sono sempre a disposizione per rispondere alle domande dei candidati.<\/p>\n\n\n\n<h2 class=\"wp-block-heading\">Informazioni riguardanti la corrispondenza e la responsabilit\u00e0<\/h2>\n\n\n\n<p>Fornendo il mio indirizzo e-mail e\/o numero di cellulare, autorizzo kredit.ch a inviarmi offerte di prodotti e messaggi tramite posta elettronica non crittografata (e-mail) tramite la rete Internet pubblica e a contattarmi per domande relative alla richiesta e al contratto di prestito tramite e-mail, telefono o SMS, oppure a lasciare un messaggio sulla mia segreteria telefonica. Posso revocare questa autorizzazione in qualsiasi momento inviando una comunicazione scritta a kredit.ch e\/o alla banca.<\/p>\n\n\n\n<p>La presente domanda verr\u00e0 inviata in forma crittografata. Ulteriori comunicazioni relative alla domanda, in particolare via e-mail e SMS, potrebbero essere inviate in forma non crittografata. Sono consapevole dei seguenti rischi associati all'utilizzo delle comunicazioni elettroniche:<\/p>\n\n\n\n<ul class=\"wp-block-list\">\n<li>la trasmissione di dati via Internet \u00e8 crittografata solo se viene stabilita una connessione HTTPS sicura. In molti casi (inclusa la trasmissione via e-mail), tuttavia, la comunicazione via Internet \u00e8 aperta e non crittografata. La trasmissione di SMS \u00e8 crittografata solo parzialmente.<\/li>\n\n\n\n<li>internet \u00e8 una rete mondiale aperta e accessibile a tutti. Il percorso di trasmissione delle e-mail non pu\u00f2 essere controllato e pu\u00f2 persino comprendere percorsi all'estero. Pertanto, la riservatezza dei dati trasmessi via e-mail non pu\u00f2 essere garantita.<\/li>\n\n\n\n<li>le e-mail e i loro allegati, cos\u00ec come i messaggi SMS, possono essere falsificati o alterati da terzi a loro insaputa; il mittente e il destinatario possono essere modificati, simulando cos\u00ec l'autenticit\u00e0;<\/li>\n\n\n\n<li>Le e-mail e i messaggi SMS potrebbero essere eliminati, indirizzati in modo errato o danneggiati durante la trasmissione a causa di errori\/malfunzionamenti tecnici;<\/li>\n\n\n\n<li>l'accesso a siti web, incluso il clic sui link incorporati in e-mail\/SMS e l'apertura di allegati di dati, pu\u00f2 potenzialmente consentire a programmi informatici dannosi, come virus, worm e trojan, di infettare il computer, lo smartphone o dispositivi simili del cliente.<\/li>\n<\/ul>\n\n\n\n<p>Kredit.ch \u00e8 responsabile per danni derivanti da o in relazione alla comunicazione elettronica e allo scambio di dati tramite mezzi elettronici solo in caso di dolo e colpa grave. In relazione alla comunicazione aperta via e-mail, accetto espressamente il rischio che i miei dati possano essere intercettati o pubblicati da terzi durante la trasmissione e che la riservatezza non pu\u00f2 essere garantita a tale riguardo. Kredit.ch, a sua volta, non pu\u00f2 garantire che le e-mail recanti il \u200b\u200bnome del mittente siano state effettivamente inviate da Kredit.ch; n\u00e9 che le e-mail inviate da Kredit.ch o a lei indirizzate giungano inalterate, puntualmente e al destinatario corretto.<\/p>\n\n\n\n<h2 class=\"wp-block-heading\">Nessuna offerta<\/h2>\n\n\n\n<p>kredit.ch si riserva il diritto di rifiutare la presente richiesta senza indicarne i motivi e di non formulare un'offerta.<\/p>\n\n\n\n<h2 class=\"wp-block-heading\">Diritti di propriet\u00e0 intellettuale<\/h2>\n\n\n\n<p>Tutti i contenuti del sito web kredit.ch sono protetti da copyright; tutti i diritti relativi sono riservati a kredit.ch. Gli elementi contenuti nel sito web possono essere utilizzati liberamente solo a scopo di navigazione. Se l'utente scarica o riproduce in altro modo software o altri dati dal sito web, tutti i diritti di propriet\u00e0 rimangono di kredit.ch.<\/p>\n\n\n\n<p>Senza il previo consenso scritto di kredit.ch \u00e8 vietato:<\/p>\n\n\n\n<ul class=\"wp-block-list\">\n<li>\u00c8 vietata la riproduzione (anche parziale), la trasmissione (per via elettronica o con altri mezzi) e la modifica di contenuti o elementi del sito web kredit.ch.<\/li>\n\n\n\n<li>collegamento e utilizzo del sito web kredit.ch per scopi pubblici o commerciali.<\/li>\n<\/ul>\n\n\n\n<p>Tutti i marchi utilizzati sul sito web kredit.ch appartengono a kredit.ch.<\/p>\n\n\n\n<h2 class=\"wp-block-heading\">Sicurezza dei dati, collegamento e responsabilit\u00e0<\/h2>\n\n\n\n<p>Internet \u00e8 una rete aperta e accessibile a tutti. Se un utente visita il sito web kredit.ch, terzi potrebbero essere in grado di dedurre un rapporto commerciale esistente o futuro tra l'utente e kredit.ch.<\/p>\n\n\n\n<p>La trasmissione di informazioni via Internet pu\u00f2 essere soggetta a interruzioni, ritardi o errori nella fornitura di dati che esulano dal controllo di kredit.ch o di qualsiasi fornitore di informazioni. N\u00e9 kredit.ch n\u00e9 alcun fornitore di informazioni sono responsabili per danni o danni consequenziali derivanti da tali difetti. Allo stesso modo, kredit.ch declina ogni responsabilit\u00e0 per eventuali perdite o danni di qualsiasi tipo derivanti dall'utilizzo di questo sito web o delle informazioni in esso contenute. Le informazioni su questo sito web possono essere modificate in qualsiasi momento senza preavviso.<\/p>\n\n\n\n<p>Se l'utente attiva determinati link sul sito web kredit.ch, potrebbe abbandonare il sito web kredit.ch. kredit.ch non ha esaminato gli altri siti collegati al sito web kredit.ch e non si assume alcuna responsabilit\u00e0 per il loro contenuto o per i prodotti, servizi o altre offerte ivi presentati.<\/p>\n\n\n\n<p>Chiunque inserisca un collegamento al sito web kredit.ch su un altro sito web deve ottenere il previo consenso scritto di kredit.ch.<\/p>\n\n\n\n<h2 class=\"wp-block-heading\">Protezione dei dati<\/h2>\n\n\n\n<p>Sul sito web kredit.ch, agli utenti viene ripetutamente richiesto di fornire dati personali. Se decidono di inviare dati personali a kredit.ch tramite Internet o e-mail, kredit.ch tratter\u00e0 tali dati in conformit\u00e0 con le disposizioni della Legge sulla protezione dei dati.<\/p>\n\n\n\n<p>Contattando kredit.ch tramite Internet, e-mail, posta o qualsiasi altro mezzo, l'utente accetta che kredit.ch possa occasionalmente inviare informazioni sull'azienda, sui suoi prodotti e servizi ai suoi indirizzi postali ed e-mail. L'utente pu\u00f2 opporsi in qualsiasi momento all'utilizzo dei propri dati cliente per finalit\u00e0 di marketing, inviando una comunicazione scritta a kredit.ch.<\/p>","protected":false},"excerpt":{"rendered":"<p>Rechtliches zu kredit.ch Einverst\u00e4ndnis Wer Informationen abruft, die auf der Webseite von kredit.ch im World Wide Web(www.kredit.ch) ver\u00f6ffentlicht sind, akzeptiert die nachstehenden Bedingungen. Adressaten Die Website von kredit.ch richtet sich ausschliesslich an nat\u00fcrliche und juristische Personen sowie an Personengesellschaften und K\u00f6rperschaften mit Wohnsitz bzw. Sitz in der Schweiz. Anwendungsbereich Die folgenden Bestimmungen regeln die Kreditabwicklung [&hellip;]<\/p>\n","protected":false},"author":1,"featured_media":0,"parent":0,"menu_order":0,"comment_status":"closed","ping_status":"closed","template":"","meta":{"footnotes":""},"class_list":["post-1081","page","type-page","status-publish","hentry"],"yoast_head":"<!-- This site is optimized with the Yoast SEO plugin v27.4 - https:\/\/yoast.com\/product\/yoast-seo-wordpress\/ -->\n<title>Nutzungsbedingungen - Kredit ab 4.9% beantragen<\/title>\n<meta name=\"robots\" content=\"index, follow, max-snippet:-1, max-image-preview:large, max-video-preview:-1\" \/>\n<link rel=\"canonical\" href=\"https:\/\/kredit.ch\/it\/nutzungsbedingungen\/\" \/>\n<meta property=\"og:locale\" content=\"it_IT\" \/>\n<meta property=\"og:type\" content=\"article\" \/>\n<meta property=\"og:title\" content=\"Nutzungsbedingungen - Kredit ab 4.9% beantragen\" \/>\n<meta property=\"og:description\" content=\"Rechtliches zu kredit.ch Einverst\u00e4ndnis Wer Informationen abruft, die auf der Webseite von kredit.ch im World Wide Web(www.kredit.ch) ver\u00f6ffentlicht sind, akzeptiert die nachstehenden Bedingungen. Adressaten Die Website von kredit.ch richtet sich ausschliesslich an nat\u00fcrliche und juristische Personen sowie an Personengesellschaften und K\u00f6rperschaften mit Wohnsitz bzw. Sitz in der Schweiz. Anwendungsbereich Die folgenden Bestimmungen regeln die Kreditabwicklung [&hellip;]\" \/>\n<meta property=\"og:url\" content=\"https:\/\/kredit.ch\/it\/nutzungsbedingungen\/\" \/>\n<meta property=\"og:site_name\" content=\"Kredit ab 4.9% beantragen\" \/>\n<meta property=\"article:publisher\" content=\"https:\/\/www.facebook.com\/easycreditag\/\" \/>\n<meta property=\"article:modified_time\" content=\"2026-01-14T00:21:37+00:00\" \/>\n<meta name=\"twitter:card\" content=\"summary_large_image\" \/>\n<meta name=\"twitter:label1\" content=\"Tempo di lettura stimato\" \/>\n\t<meta name=\"twitter:data1\" content=\"6 minuti\" \/>\n<script type=\"application\/ld+json\" class=\"yoast-schema-graph\">{\"@context\":\"https:\\\/\\\/schema.org\",\"@graph\":[{\"@type\":\"WebPage\",\"@id\":\"https:\\\/\\\/kredit.ch\\\/nutzungsbedingungen\\\/\",\"url\":\"https:\\\/\\\/kredit.ch\\\/nutzungsbedingungen\\\/\",\"name\":\"Nutzungsbedingungen - Kredit ab 4.9% beantragen\",\"isPartOf\":{\"@id\":\"https:\\\/\\\/kredit.ch\\\/#website\"},\"datePublished\":\"2026-01-14T00:20:29+00:00\",\"dateModified\":\"2026-01-14T00:21:37+00:00\",\"breadcrumb\":{\"@id\":\"https:\\\/\\\/kredit.ch\\\/nutzungsbedingungen\\\/#breadcrumb\"},\"inLanguage\":\"it-IT\",\"potentialAction\":[{\"@type\":\"ReadAction\",\"target\":[\"https:\\\/\\\/kredit.ch\\\/nutzungsbedingungen\\\/\"]}]},{\"@type\":\"BreadcrumbList\",\"@id\":\"https:\\\/\\\/kredit.ch\\\/nutzungsbedingungen\\\/#breadcrumb\",\"itemListElement\":[{\"@type\":\"ListItem\",\"position\":1,\"name\":\"Home\",\"item\":\"https:\\\/\\\/kredit.ch\\\/\"},{\"@type\":\"ListItem\",\"position\":2,\"name\":\"Nutzungsbedingungen\"}]},{\"@type\":\"WebSite\",\"@id\":\"https:\\\/\\\/kredit.ch\\\/#website\",\"url\":\"https:\\\/\\\/kredit.ch\\\/\",\"name\":\"easycredit\",\"description\":\"Seit 15 Jahren Kreditpartner in Schweiz\",\"publisher\":{\"@id\":\"https:\\\/\\\/kredit.ch\\\/#organization\"},\"potentialAction\":[{\"@type\":\"SearchAction\",\"target\":{\"@type\":\"EntryPoint\",\"urlTemplate\":\"https:\\\/\\\/kredit.ch\\\/?s={search_term_string}\"},\"query-input\":{\"@type\":\"PropertyValueSpecification\",\"valueRequired\":true,\"valueName\":\"search_term_string\"}}],\"inLanguage\":\"it-IT\"},{\"@type\":\"Organization\",\"@id\":\"https:\\\/\\\/kredit.ch\\\/#organization\",\"name\":\"easycredit\",\"url\":\"https:\\\/\\\/kredit.ch\\\/\",\"logo\":{\"@type\":\"ImageObject\",\"inLanguage\":\"it-IT\",\"@id\":\"https:\\\/\\\/kredit.ch\\\/#\\\/schema\\\/logo\\\/image\\\/\",\"url\":\"https:\\\/\\\/kredit.ch\\\/wp-content\\\/uploads\\\/2025\\\/11\\\/logo.svg\",\"contentUrl\":\"https:\\\/\\\/kredit.ch\\\/wp-content\\\/uploads\\\/2025\\\/11\\\/logo.svg\",\"caption\":\"easycredit\"},\"image\":{\"@id\":\"https:\\\/\\\/kredit.ch\\\/#\\\/schema\\\/logo\\\/image\\\/\"},\"sameAs\":[\"https:\\\/\\\/www.facebook.com\\\/easycreditag\\\/\"]}]}<\/script>\n<!-- \/ Yoast SEO plugin. -->","yoast_head_json":{"title":"Nutzungsbedingungen - Kredit ab 4.9% beantragen","robots":{"index":"index","follow":"follow","max-snippet":"max-snippet:-1","max-image-preview":"max-image-preview:large","max-video-preview":"max-video-preview:-1"},"canonical":"https:\/\/kredit.ch\/it\/nutzungsbedingungen\/","og_locale":"it_IT","og_type":"article","og_title":"Nutzungsbedingungen - Kredit ab 4.9% beantragen","og_description":"Rechtliches zu kredit.ch Einverst\u00e4ndnis Wer Informationen abruft, die auf der Webseite von kredit.ch im World Wide Web(www.kredit.ch) ver\u00f6ffentlicht sind, akzeptiert die nachstehenden Bedingungen. Adressaten Die Website von kredit.ch richtet sich ausschliesslich an nat\u00fcrliche und juristische Personen sowie an Personengesellschaften und K\u00f6rperschaften mit Wohnsitz bzw. Sitz in der Schweiz. Anwendungsbereich Die folgenden Bestimmungen regeln die Kreditabwicklung [&hellip;]","og_url":"https:\/\/kredit.ch\/it\/nutzungsbedingungen\/","og_site_name":"Kredit ab 4.9% beantragen","article_publisher":"https:\/\/www.facebook.com\/easycreditag\/","article_modified_time":"2026-01-14T00:21:37+00:00","twitter_card":"summary_large_image","twitter_misc":{"Tempo di lettura stimato":"6 minuti"},"schema":{"@context":"https:\/\/schema.org","@graph":[{"@type":"WebPage","@id":"https:\/\/kredit.ch\/nutzungsbedingungen\/","url":"https:\/\/kredit.ch\/nutzungsbedingungen\/","name":"Nutzungsbedingungen - Kredit ab 4.9% beantragen","isPartOf":{"@id":"https:\/\/kredit.ch\/#website"},"datePublished":"2026-01-14T00:20:29+00:00","dateModified":"2026-01-14T00:21:37+00:00","breadcrumb":{"@id":"https:\/\/kredit.ch\/nutzungsbedingungen\/#breadcrumb"},"inLanguage":"it-IT","potentialAction":[{"@type":"ReadAction","target":["https:\/\/kredit.ch\/nutzungsbedingungen\/"]}]},{"@type":"BreadcrumbList","@id":"https:\/\/kredit.ch\/nutzungsbedingungen\/#breadcrumb","itemListElement":[{"@type":"ListItem","position":1,"name":"Home","item":"https:\/\/kredit.ch\/"},{"@type":"ListItem","position":2,"name":"Nutzungsbedingungen"}]},{"@type":"WebSite","@id":"https:\/\/kredit.ch\/#website","url":"https:\/\/kredit.ch\/","name":"easycredit","description":"Seit 15 Jahren Kreditpartner in Schweiz","publisher":{"@id":"https:\/\/kredit.ch\/#organization"},"potentialAction":[{"@type":"SearchAction","target":{"@type":"EntryPoint","urlTemplate":"https:\/\/kredit.ch\/?s={search_term_string}"},"query-input":{"@type":"PropertyValueSpecification","valueRequired":true,"valueName":"search_term_string"}}],"inLanguage":"it-IT"},{"@type":"Organization","@id":"https:\/\/kredit.ch\/#organization","name":"easycredit","url":"https:\/\/kredit.ch\/","logo":{"@type":"ImageObject","inLanguage":"it-IT","@id":"https:\/\/kredit.ch\/#\/schema\/logo\/image\/","url":"https:\/\/kredit.ch\/wp-content\/uploads\/2025\/11\/logo.svg","contentUrl":"https:\/\/kredit.ch\/wp-content\/uploads\/2025\/11\/logo.svg","caption":"easycredit"},"image":{"@id":"https:\/\/kredit.ch\/#\/schema\/logo\/image\/"},"sameAs":["https:\/\/www.facebook.com\/easycreditag\/"]}]}},"_links":{"self":[{"href":"https:\/\/kredit.ch\/it\/wp-json\/wp\/v2\/pages\/1081","targetHints":{"allow":["GET"]}}],"collection":[{"href":"https:\/\/kredit.ch\/it\/wp-json\/wp\/v2\/pages"}],"about":[{"href":"https:\/\/kredit.ch\/it\/wp-json\/wp\/v2\/types\/page"}],"author":[{"embeddable":true,"href":"https:\/\/kredit.ch\/it\/wp-json\/wp\/v2\/users\/1"}],"replies":[{"embeddable":true,"href":"https:\/\/kredit.ch\/it\/wp-json\/wp\/v2\/comments?post=1081"}],"version-history":[{"count":1,"href":"https:\/\/kredit.ch\/it\/wp-json\/wp\/v2\/pages\/1081\/revisions"}],"predecessor-version":[{"id":1146,"href":"https:\/\/kredit.ch\/it\/wp-json\/wp\/v2\/pages\/1081\/revisions\/1146"}],"wp:attachment":[{"href":"https:\/\/kredit.ch\/it\/wp-json\/wp\/v2\/media?parent=1081"}],"curies":[{"name":"wp","href":"https:\/\/api.w.org\/{rel}","templated":true}]}}