{"id":277,"date":"2024-06-27T22:49:51","date_gmt":"2024-06-27T22:49:51","guid":{"rendered":"https:\/\/apuwavab.myhostpoint.ch\/?page_id=277"},"modified":"2026-01-20T16:06:18","modified_gmt":"2026-01-20T16:06:18","slug":"kredit-checkliste","status":"publish","type":"page","link":"https:\/\/kredit.ch\/fr\/kredit-checkliste\/","title":{"rendered":"Liste de contr\u00f4le du cr\u00e9dit"},"content":{"rendered":"<div class=\"wp-block-group has-light-background-background-color has-background is-layout-constrained wp-block-group-is-layout-constrained\">\n<div class=\"wp-block-group is-layout-constrained wp-block-group-is-layout-constrained\" style=\"padding-top:var(--wp--preset--spacing--60);padding-bottom:var(--wp--preset--spacing--60)\">\n<h1 class=\"wp-block-heading has-text-align-center has-large-font-size\">Liste de contr\u00f4le du cr\u00e9dit<\/h1>\n\n\n\n<hr class=\"wp-block-separator has-alpha-channel-opacity\"\/>\n\n\n\n<p class=\"has-text-align-center\" style=\"padding-top:var(--wp--preset--spacing--50)\">Quelles sont les conditions requises pour obtenir un pr\u00eat en Suisse\u00a0?<\/p>\n<\/div>\n<\/div>\n\n\n\n<div class=\"wp-block-group is-layout-constrained wp-block-group-is-layout-constrained\">\n<div style=\"height:40px\" aria-hidden=\"true\" class=\"wp-block-spacer\"><\/div>\n\n\n\n<h2 class=\"wp-block-heading has-text-align-left has-medium-font-size\">Conditions d'octroi de pr\u00eats<\/h2>\n\n\n\n<div class=\"wp-block-group is-layout-flow wp-block-group-is-layout-flow\">\n<p>En Suisse, un pr\u00eat accord\u00e9 dans le cadre de la loi sur le cr\u00e9dit \u00e0 la consommation est appel\u00e9 pr\u00eat personnel. Pour obtenir un pr\u00eat personnel en Suisse, les conditions suivantes doivent \u00eatre remplies\u00a0:<\/p>\n<\/div>\n\n\n\n<div style=\"height:40px\" aria-hidden=\"true\" class=\"wp-block-spacer\"><\/div>\n\n\n\n<div class=\"wp-block-group count-stacks smaller is-vertical is-nowrap is-layout-flex wp-container-core-group-is-layout-0f7412a1 wp-block-group-is-layout-flex\">\n<div class=\"wp-block-group is-vertical is-layout-flex wp-container-core-group-is-layout-355c4241 wp-block-group-is-layout-flex\">\n<p><strong>Un revenu net d'au moins 3 000 CHF.<\/strong><\/p>\n\n\n\n<p>Un revenu est une condition pr\u00e9alable au remboursement d'un pr\u00eat. De plus, il est l\u00e9galement requis pour \u00e9valuer la solvabilit\u00e9. Les diff\u00e9rents types de revenus et de relations professionnelles sont trait\u00e9s diff\u00e9remment. Outre les revenus d'activit\u00e9, diverses autres d\u00e9penses et revenus sont pris en compte pour \u00e9valuer la solvabilit\u00e9 et calculer ainsi la limite de cr\u00e9dit.<\/p>\n<\/div>\n\n\n\n<div class=\"wp-block-group is-vertical is-layout-flex wp-container-core-group-is-layout-355c4241 wp-block-group-is-layout-flex\">\n<p><strong>Aucune proc\u00e9dure de recouvrement de cr\u00e9ances en cours*, aucun certificat de perte ni aucune faillite.<\/strong><\/p>\n\n\n\n<p>La solvabilit\u00e9 est toujours un crit\u00e8re d\u00e9terminant. La v\u00e9rification de cr\u00e9dit comprend l'examen du score de cr\u00e9dit, des dettes en cours et de l'historique de paiement. Pour les pr\u00eats \u00e0 la consommation \u2013 qui rel\u00e8vent de la cat\u00e9gorie des pr\u00eats courants en Suisse \u2013 une \u00e9valuation de la solvabilit\u00e9 est \u00e9galement obligatoire.<\/p>\n\n\n\n<div class=\"wp-block-group is-nowrap is-layout-flex wp-container-core-group-is-layout-877c468d wp-block-group-is-layout-flex\">\n<p style=\"border-left-color:var(--wp--preset--color--primary);border-left-width:2px;padding-left:var(--wp--preset--spacing--50)\"><strong>*Que sont les proc\u00e9dures de recouvrement de cr\u00e9ances en cours\u00a0?<br><\/strong>Cela signifie que vous avez officiellement d\u00e9clar\u00e9 des dettes impay\u00e9es. Un dossier de cr\u00e9dit vierge est indispensable pour votre demande de pr\u00eat. Autrement dit, l'extrait du registre des poursuites pour dettes ne doit faire \u00e9tat d'aucune proc\u00e9dure de recouvrement en cours ni d'aucun certificat de perte \u00e0 votre encontre. Ce n'est qu'\u00e0 cette condition que vous pourrez soumettre votre demande de pr\u00eat.<br>Voici un exemple de ce \u00e0 quoi ressemble un rapport de recouvrement de cr\u00e9ances sans incident\u00a0:<\/p>\n\n\n\n<div class=\"wp-block-group min-w-150 wp-container-content-9c6405a0 is-vertical is-content-justification-center is-nowrap is-layout-flex wp-container-core-group-is-layout-0225716c wp-block-group-is-layout-flex\">\n<figure class=\"wp-block-image size-full\"><img loading=\"lazy\" decoding=\"async\" width=\"300\" height=\"260\" src=\"https:\/\/kredit.ch\/wp-content\/uploads\/2025\/12\/doc-preview.png\" alt=\"\" class=\"wp-image-1048\" srcset=\"https:\/\/kredit.ch\/wp-content\/uploads\/2025\/12\/doc-preview.png 300w, https:\/\/kredit.ch\/wp-content\/uploads\/2025\/12\/doc-preview-14x12.png 14w\" sizes=\"auto, (max-width: 300px) 100vw, 300px\" \/><\/figure>\n\n\n\n<p class=\"has-small-font-size\"><strong><a href=\"https:\/\/kredit.ch\/wp-content\/uploads\/2026\/01\/Sauberes-Betreibungsausweis-1.png\" target=\"_blank\" rel=\"noreferrer noopener\">Voir un exemple<\/a><\/strong><\/p>\n<\/div>\n<\/div>\n<\/div>\n\n\n\n<div class=\"wp-block-group is-vertical is-layout-flex wp-container-core-group-is-layout-355c4241 wp-block-group-is-layout-flex\">\n<p><strong>Passeport suisse valide ou permis de s\u00e9jour C, B, L, G ou diplomatique.<\/strong><\/p>\n\n\n\n<p>Pour les citoyens suisses, les citoyens de la Principaut\u00e9 de Liechtenstein et les titulaires d'un permis C, il n'y a g\u00e9n\u00e9ralement aucune restriction. Pour tous les autres permis de s\u00e9jour (permis B, G, L), des restrictions importantes peuvent s'appliquer. Celles-ci varient selon l'autorit\u00e9 comp\u00e9tente.<\/p>\n<\/div>\n\n\n\n<div class=\"wp-block-group is-vertical is-layout-flex wp-container-core-group-is-layout-355c4241 wp-block-group-is-layout-flex\">\n<p><strong>Etrangers avec un permis de s\u00e9jour B r\u00e9sidant en Suisse depuis au moins 12 mois<\/strong><\/p>\n\n\n\n<p>Si le pr\u00eat est accord\u00e9, il ne sera d\u00e9bloqu\u00e9 qu'apr\u00e8s une p\u00e9riode de r\u00e9sidence d\u00e9finie. Des exigences suppl\u00e9mentaires concernant le profil de l'emprunteur sont \u00e9galement \u00e0 pr\u00e9voir.<\/p>\n<\/div>\n\n\n\n<div class=\"wp-block-group is-vertical is-layout-flex wp-container-core-group-is-layout-355c4241 wp-block-group-is-layout-flex\">\n<p><strong>\u00c2ge entre 18 et 68 ans.<\/strong><\/p>\n\n\n\n<p>L'\u00e2ge minimum est une condition l\u00e9gale\u00a0; les pr\u00eats ne peuvent \u00eatre accord\u00e9s aux mineurs. Cette exclusion est temporaire et s'applique jusqu'\u00e0 la majorit\u00e9 de l'emprunteur. Par ailleurs, l'\u00e2ge est \u00e9galement un facteur pris en compte dans l'\u00e9valuation des risques, tant pour les jeunes emprunteurs que pour ceux \u00e2g\u00e9s de plus de 65\u00a0ans ou ayant atteint l'\u00e2ge de la retraite.<\/p>\n<\/div>\n<\/div>\n\n\n\n<div style=\"height:40px\" aria-hidden=\"true\" class=\"wp-block-spacer\"><\/div>\n\n\n\n<div class=\"wp-block-group has-secondary-light-background-color has-background is-layout-constrained wp-container-core-group-is-layout-db32e940 wp-block-group-is-layout-constrained\" style=\"padding-top:var(--wp--preset--spacing--60);padding-right:var(--wp--preset--spacing--60);padding-bottom:var(--wp--preset--spacing--60);padding-left:var(--wp--preset--spacing--60)\">\n<h4 class=\"wp-block-heading has-text-align-center\">L'examen de la demande et la r\u00e9ponse auront lieu.<br>dans les 24 heures<\/h4>\n\n\n\n<hr class=\"wp-block-separator has-alpha-channel-opacity\"\/>\n\n\n\n<p class=\"has-text-align-center\" style=\"padding-top:var(--wp--preset--spacing--50)\">Vous fournissez tous les documents n\u00e9cessaires (copie de votre pi\u00e8ce d'identit\u00e9, bulletins de salaire, etc.). Si votre demande est accept\u00e9e, nous vous enverrons une offre et un mod\u00e8le de contrat par courrier ou par courriel. D\u00e8s r\u00e9ception du contrat sign\u00e9, la banque virera le pr\u00eat demand\u00e9 directement sur votre compte, en tenant compte du d\u00e9lai l\u00e9gal de 14 jours.<\/p>\n\n\n\n<div class=\"wp-block-buttons is-content-justification-center is-layout-flex wp-container-core-buttons-is-layout-c7e98c6b wp-block-buttons-is-layout-flex\" style=\"padding-top:var(--wp--preset--spacing--60);padding-bottom:0\">\n<div class=\"wp-block-button\"><a class=\"wp-block-button__link wp-element-button\" href=\"https:\/\/kredit.ch\/fr\/kredit-beantragen\/\">Faites une demande de pr\u00eat d\u00e8s maintenant<\/a><\/div>\n<\/div>\n<\/div>\n\n\n\n<div style=\"height:40px\" aria-hidden=\"true\" class=\"wp-block-spacer\"><\/div>\n<\/div>","protected":false},"excerpt":{"rendered":"<p>Kredit Checkliste Welche Voraussetzungen gelten f\u00fcr einen Kredit in der Schweiz? Voraussetzungen f\u00fcr Kredite In der Schweiz wird ein Kredit nach Konsumkreditgesetz als Privatkredit bezeichnet. Um einen Privatkredit in der Schweiz zu beantragen, sind folgende Voraussetzungen zu erf\u00fcllen: Ein Nettoeinkommen von mindestens CHF 3\u2019000. Ein Einkommen ist eine Voraussetzung, um einen Kredit zur\u00fcckzahlen zu k\u00f6nnen. [&hellip;]<\/p>\n","protected":false},"author":1,"featured_media":0,"parent":0,"menu_order":0,"comment_status":"closed","ping_status":"closed","template":"page-no-title-full-width","meta":{"footnotes":""},"class_list":["post-277","page","type-page","status-publish","hentry"],"yoast_head":"<!-- This site is optimized with the Yoast SEO plugin v27.5 - https:\/\/yoast.com\/product\/yoast-seo-wordpress\/ -->\n<title>Kredit Checkliste - Kredit ab 4.9% beantragen<\/title>\n<meta name=\"description\" content=\"Sicher zum Kredit Schweiz: Checkliste mit allen Anforderungen \u2013 inkl. Infos zur Betreibungsauskunft, Wohnsitz &amp; Bearbeitungsdauer.\" \/>\n<meta name=\"robots\" content=\"index, follow, max-snippet:-1, max-image-preview:large, max-video-preview:-1\" \/>\n<link rel=\"canonical\" href=\"https:\/\/kredit.ch\/fr\/kredit-checkliste\/\" \/>\n<meta property=\"og:locale\" content=\"fr_FR\" \/>\n<meta property=\"og:type\" content=\"article\" \/>\n<meta property=\"og:title\" content=\"Kredit Checkliste - Kredit ab 4.9% beantragen\" \/>\n<meta property=\"og:description\" content=\"Sicher zum Kredit Schweiz: Checkliste mit allen Anforderungen \u2013 inkl. Infos zur Betreibungsauskunft, Wohnsitz &amp; Bearbeitungsdauer.\" \/>\n<meta property=\"og:url\" content=\"https:\/\/kredit.ch\/fr\/kredit-checkliste\/\" \/>\n<meta property=\"og:site_name\" content=\"Kredit ab 4.9% beantragen\" \/>\n<meta property=\"article:publisher\" content=\"https:\/\/www.facebook.com\/easycreditag\/\" \/>\n<meta property=\"article:modified_time\" content=\"2026-01-20T16:06:18+00:00\" \/>\n<meta property=\"og:image\" content=\"https:\/\/kredit.ch\/wp-content\/uploads\/2025\/12\/doc-preview.png\" \/>\n\t<meta property=\"og:image:width\" content=\"300\" \/>\n\t<meta property=\"og:image:height\" content=\"260\" \/>\n\t<meta property=\"og:image:type\" content=\"image\/png\" \/>\n<meta name=\"twitter:card\" content=\"summary_large_image\" \/>\n<meta name=\"twitter:label1\" content=\"Dur\u00e9e de lecture estim\u00e9e\" \/>\n\t<meta name=\"twitter:data1\" content=\"3 minutes\" \/>\n<script type=\"application\/ld+json\" class=\"yoast-schema-graph\">{\"@context\":\"https:\\\/\\\/schema.org\",\"@graph\":[{\"@type\":\"WebPage\",\"@id\":\"https:\\\/\\\/kredit.ch\\\/kredit-checkliste\\\/\",\"url\":\"https:\\\/\\\/kredit.ch\\\/kredit-checkliste\\\/\",\"name\":\"Kredit Checkliste - Kredit ab 4.9% beantragen\",\"isPartOf\":{\"@id\":\"https:\\\/\\\/kredit.ch\\\/#website\"},\"primaryImageOfPage\":{\"@id\":\"https:\\\/\\\/kredit.ch\\\/kredit-checkliste\\\/#primaryimage\"},\"image\":{\"@id\":\"https:\\\/\\\/kredit.ch\\\/kredit-checkliste\\\/#primaryimage\"},\"thumbnailUrl\":\"https:\\\/\\\/kredit.ch\\\/wp-content\\\/uploads\\\/2025\\\/12\\\/doc-preview.png\",\"datePublished\":\"2024-06-27T22:49:51+00:00\",\"dateModified\":\"2026-01-20T16:06:18+00:00\",\"description\":\"Sicher zum Kredit Schweiz: Checkliste mit allen Anforderungen \u2013 inkl. Infos zur Betreibungsauskunft, Wohnsitz & Bearbeitungsdauer.\",\"breadcrumb\":{\"@id\":\"https:\\\/\\\/kredit.ch\\\/kredit-checkliste\\\/#breadcrumb\"},\"inLanguage\":\"fr-FR\",\"potentialAction\":[{\"@type\":\"ReadAction\",\"target\":[\"https:\\\/\\\/kredit.ch\\\/kredit-checkliste\\\/\"]}]},{\"@type\":\"ImageObject\",\"inLanguage\":\"fr-FR\",\"@id\":\"https:\\\/\\\/kredit.ch\\\/kredit-checkliste\\\/#primaryimage\",\"url\":\"https:\\\/\\\/kredit.ch\\\/wp-content\\\/uploads\\\/2025\\\/12\\\/doc-preview.png\",\"contentUrl\":\"https:\\\/\\\/kredit.ch\\\/wp-content\\\/uploads\\\/2025\\\/12\\\/doc-preview.png\"},{\"@type\":\"BreadcrumbList\",\"@id\":\"https:\\\/\\\/kredit.ch\\\/kredit-checkliste\\\/#breadcrumb\",\"itemListElement\":[{\"@type\":\"ListItem\",\"position\":1,\"name\":\"Home\",\"item\":\"https:\\\/\\\/kredit.ch\\\/\"},{\"@type\":\"ListItem\",\"position\":2,\"name\":\"Kredit Checkliste\"}]},{\"@type\":\"WebSite\",\"@id\":\"https:\\\/\\\/kredit.ch\\\/#website\",\"url\":\"https:\\\/\\\/kredit.ch\\\/\",\"name\":\"easycredit\",\"description\":\"Seit 15 Jahren Kreditpartner in Schweiz\",\"publisher\":{\"@id\":\"https:\\\/\\\/kredit.ch\\\/#organization\"},\"potentialAction\":[{\"@type\":\"SearchAction\",\"target\":{\"@type\":\"EntryPoint\",\"urlTemplate\":\"https:\\\/\\\/kredit.ch\\\/?s={search_term_string}\"},\"query-input\":{\"@type\":\"PropertyValueSpecification\",\"valueRequired\":true,\"valueName\":\"search_term_string\"}}],\"inLanguage\":\"fr-FR\"},{\"@type\":\"Organization\",\"@id\":\"https:\\\/\\\/kredit.ch\\\/#organization\",\"name\":\"easycredit\",\"url\":\"https:\\\/\\\/kredit.ch\\\/\",\"logo\":{\"@type\":\"ImageObject\",\"inLanguage\":\"fr-FR\",\"@id\":\"https:\\\/\\\/kredit.ch\\\/#\\\/schema\\\/logo\\\/image\\\/\",\"url\":\"https:\\\/\\\/kredit.ch\\\/wp-content\\\/uploads\\\/2025\\\/11\\\/logo.svg\",\"contentUrl\":\"https:\\\/\\\/kredit.ch\\\/wp-content\\\/uploads\\\/2025\\\/11\\\/logo.svg\",\"caption\":\"easycredit\"},\"image\":{\"@id\":\"https:\\\/\\\/kredit.ch\\\/#\\\/schema\\\/logo\\\/image\\\/\"},\"sameAs\":[\"https:\\\/\\\/www.facebook.com\\\/easycreditag\\\/\"]}]}<\/script>\n<!-- \/ Yoast SEO plugin. -->","yoast_head_json":{"title":"Kredit Checkliste - Kredit ab 4.9% beantragen","description":"Sicher zum Kredit Schweiz: Checkliste mit allen Anforderungen \u2013 inkl. Infos zur Betreibungsauskunft, Wohnsitz & Bearbeitungsdauer.","robots":{"index":"index","follow":"follow","max-snippet":"max-snippet:-1","max-image-preview":"max-image-preview:large","max-video-preview":"max-video-preview:-1"},"canonical":"https:\/\/kredit.ch\/fr\/kredit-checkliste\/","og_locale":"fr_FR","og_type":"article","og_title":"Kredit Checkliste - Kredit ab 4.9% beantragen","og_description":"Sicher zum Kredit Schweiz: Checkliste mit allen Anforderungen \u2013 inkl. Infos zur Betreibungsauskunft, Wohnsitz & Bearbeitungsdauer.","og_url":"https:\/\/kredit.ch\/fr\/kredit-checkliste\/","og_site_name":"Kredit ab 4.9% beantragen","article_publisher":"https:\/\/www.facebook.com\/easycreditag\/","article_modified_time":"2026-01-20T16:06:18+00:00","og_image":[{"width":300,"height":260,"url":"https:\/\/kredit.ch\/wp-content\/uploads\/2025\/12\/doc-preview.png","type":"image\/png"}],"twitter_card":"summary_large_image","twitter_misc":{"Dur\u00e9e de lecture estim\u00e9e":"3 minutes"},"schema":{"@context":"https:\/\/schema.org","@graph":[{"@type":"WebPage","@id":"https:\/\/kredit.ch\/kredit-checkliste\/","url":"https:\/\/kredit.ch\/kredit-checkliste\/","name":"Kredit Checkliste - Kredit ab 4.9% beantragen","isPartOf":{"@id":"https:\/\/kredit.ch\/#website"},"primaryImageOfPage":{"@id":"https:\/\/kredit.ch\/kredit-checkliste\/#primaryimage"},"image":{"@id":"https:\/\/kredit.ch\/kredit-checkliste\/#primaryimage"},"thumbnailUrl":"https:\/\/kredit.ch\/wp-content\/uploads\/2025\/12\/doc-preview.png","datePublished":"2024-06-27T22:49:51+00:00","dateModified":"2026-01-20T16:06:18+00:00","description":"Sicher zum Kredit Schweiz: Checkliste mit allen Anforderungen \u2013 inkl. Infos zur Betreibungsauskunft, Wohnsitz & Bearbeitungsdauer.","breadcrumb":{"@id":"https:\/\/kredit.ch\/kredit-checkliste\/#breadcrumb"},"inLanguage":"fr-FR","potentialAction":[{"@type":"ReadAction","target":["https:\/\/kredit.ch\/kredit-checkliste\/"]}]},{"@type":"ImageObject","inLanguage":"fr-FR","@id":"https:\/\/kredit.ch\/kredit-checkliste\/#primaryimage","url":"https:\/\/kredit.ch\/wp-content\/uploads\/2025\/12\/doc-preview.png","contentUrl":"https:\/\/kredit.ch\/wp-content\/uploads\/2025\/12\/doc-preview.png"},{"@type":"BreadcrumbList","@id":"https:\/\/kredit.ch\/kredit-checkliste\/#breadcrumb","itemListElement":[{"@type":"ListItem","position":1,"name":"Home","item":"https:\/\/kredit.ch\/"},{"@type":"ListItem","position":2,"name":"Kredit Checkliste"}]},{"@type":"WebSite","@id":"https:\/\/kredit.ch\/#website","url":"https:\/\/kredit.ch\/","name":"easycredit","description":"Seit 15 Jahren Kreditpartner in Schweiz","publisher":{"@id":"https:\/\/kredit.ch\/#organization"},"potentialAction":[{"@type":"SearchAction","target":{"@type":"EntryPoint","urlTemplate":"https:\/\/kredit.ch\/?s={search_term_string}"},"query-input":{"@type":"PropertyValueSpecification","valueRequired":true,"valueName":"search_term_string"}}],"inLanguage":"fr-FR"},{"@type":"Organization","@id":"https:\/\/kredit.ch\/#organization","name":"easycredit","url":"https:\/\/kredit.ch\/","logo":{"@type":"ImageObject","inLanguage":"fr-FR","@id":"https:\/\/kredit.ch\/#\/schema\/logo\/image\/","url":"https:\/\/kredit.ch\/wp-content\/uploads\/2025\/11\/logo.svg","contentUrl":"https:\/\/kredit.ch\/wp-content\/uploads\/2025\/11\/logo.svg","caption":"easycredit"},"image":{"@id":"https:\/\/kredit.ch\/#\/schema\/logo\/image\/"},"sameAs":["https:\/\/www.facebook.com\/easycreditag\/"]}]}},"_links":{"self":[{"href":"https:\/\/kredit.ch\/fr\/wp-json\/wp\/v2\/pages\/277","targetHints":{"allow":["GET"]}}],"collection":[{"href":"https:\/\/kredit.ch\/fr\/wp-json\/wp\/v2\/pages"}],"about":[{"href":"https:\/\/kredit.ch\/fr\/wp-json\/wp\/v2\/types\/page"}],"author":[{"embeddable":true,"href":"https:\/\/kredit.ch\/fr\/wp-json\/wp\/v2\/users\/1"}],"replies":[{"embeddable":true,"href":"https:\/\/kredit.ch\/fr\/wp-json\/wp\/v2\/comments?post=277"}],"version-history":[{"count":33,"href":"https:\/\/kredit.ch\/fr\/wp-json\/wp\/v2\/pages\/277\/revisions"}],"predecessor-version":[{"id":1264,"href":"https:\/\/kredit.ch\/fr\/wp-json\/wp\/v2\/pages\/277\/revisions\/1264"}],"wp:attachment":[{"href":"https:\/\/kredit.ch\/fr\/wp-json\/wp\/v2\/media?parent=277"}],"curies":[{"name":"wp","href":"https:\/\/api.w.org\/{rel}","templated":true}]}}