{"id":270,"date":"2024-06-27T22:41:44","date_gmt":"2024-06-27T22:41:44","guid":{"rendered":"https:\/\/apuwavab.myhostpoint.ch\/?page_id=270"},"modified":"2026-01-29T12:53:03","modified_gmt":"2026-01-29T12:53:03","slug":"haeufig-gestellte-kreditfragen","status":"publish","type":"page","link":"https:\/\/kredit.ch\/fr\/haeufig-gestellte-kreditfragen\/","title":{"rendered":"FAQ (Foire aux questions)"},"content":{"rendered":"<div class=\"wp-block-group has-light-background-background-color has-background is-layout-constrained wp-block-group-is-layout-constrained\">\n<div class=\"wp-block-group is-layout-constrained wp-block-group-is-layout-constrained\" style=\"padding-top:var(--wp--preset--spacing--60);padding-bottom:var(--wp--preset--spacing--60)\">\n<h1 class=\"wp-block-heading has-text-align-center has-large-font-size\">FAQ (Foire aux questions)<\/h1>\n\n\n\n<hr class=\"wp-block-separator has-alpha-channel-opacity\"\/>\n\n\n\n<p class=\"has-text-align-center\" style=\"padding-top:var(--wp--preset--spacing--50)\">FAQ \u2013 Les informations les plus importantes sur le cr\u00e9dit<\/p>\n<\/div>\n<\/div>\n\n\n\n<div class=\"wp-block-group is-layout-constrained wp-block-group-is-layout-constrained\">\n<div style=\"height:40px\" aria-hidden=\"true\" class=\"wp-block-spacer\"><\/div>\n\n\n\n<div class=\"wp-block-group accordion is-layout-flow wp-block-group-is-layout-flow\">\n<p><em>1<\/em>Qu'est-ce qu'un pr\u00eat personnel?<\/p>\n\n\n\n<div class=\"wp-block-group accordion-content has-padding is-layout-constrained wp-block-group-is-layout-constrained\">\n<p>Un <strong>Pr\u00eat personnel<\/strong> est un <strong>pr\u00eat non garanti<\/strong>, que vous pouvez contracter \u00e0 titre priv\u00e9. Vous d\u00e9cidez vous-m\u00eame de l'utilisation des fonds\u00a0: par exemple, meubles, vacances, \u00e9tudes sup\u00e9rieures, voiture ou encore le remboursement de pr\u00eats existants.<br>Le remboursement s'effectue par mensualit\u00e9s sur une dur\u00e9e de <strong>de 6 \u00e0 120 mois<\/strong>. \u00c0 <strong>kredit.ch<\/strong> Peux-tu <strong>Pr\u00eats en ligne en Suisse<\/strong> non contraignant, s\u00fbr et <strong>Appliquer ZEK-neutre<\/strong>.<\/p>\n<\/div>\n<\/div>\n\n\n\n<div class=\"wp-block-group accordion is-layout-flow wp-block-group-is-layout-flow\">\n<p><em>2<\/em>Quelles sont les conditions requises pour demander un pr\u00eat en Suisse\u00a0?<\/p>\n\n\n\n<div class=\"wp-block-group accordion-content has-padding is-layout-constrained wp-block-group-is-layout-constrained\">\n<p>\u00c0 un <strong>Pr\u00eat en Suisse<\/strong> Pour pouvoir candidater, les conditions suivantes doivent \u00eatre remplies\u00a0:<\/p>\n\n\n\n<ul class=\"wp-block-list\">\n<li>\u00c2ge minimum <strong>18 ans<\/strong><\/li>\n\n\n\n<li><strong>R\u00e9sidence permanente en Suisse<\/strong><\/li>\n\n\n\n<li><strong>Revenu r\u00e9gulier<\/strong><\/li>\n\n\n\n<li>Aucun point n\u00e9gatif majeur <strong>Entr\u00e9es ZEK<\/strong><\/li>\n\n\n\n<li>Aucune activit\u00e9 en cours ou s\u00e9rieuse <strong>Proc\u00e9dures de recouvrement de cr\u00e9ances<\/strong><\/li>\n\n\n\n<li><strong>Passeport suisse valide<\/strong> ou <strong>Permis de s\u00e9jour B ou C<\/strong><\/li>\n\n\n\n<li>Pour le permis de s\u00e9jour B\u00a0: <strong>au moins 12 mois de r\u00e9sidence en Suisse<\/strong><\/li>\n<\/ul>\n\n\n\n<p>Chaque demande de pr\u00eat est examin\u00e9e individuellement. Nos experts en pr\u00eats<\/p>\n<\/div>\n<\/div>\n\n\n\n<div class=\"wp-block-group accordion is-layout-flow wp-block-group-is-layout-flow\">\n<p><em>3<\/em>Quel est le montant maximum que je peux demander?<\/p>\n\n\n\n<div class=\"wp-block-group accordion-content has-padding is-layout-constrained wp-block-group-is-layout-constrained\">\n<p>Sur kredit.ch, vous pouvez obtenir un <strong>Pr\u00eat de 1 000 CHF \u00e0 250 000 CHF<\/strong> enregistrer.<br>Le montant du pr\u00eat \u00e9ventuel d\u00e9pend de plusieurs facteurs, notamment\u00a0:<\/p>\n\n\n\n<ul class=\"wp-block-list\">\n<li>Vos revenus<\/li>\n\n\n\n<li>Votre cote de cr\u00e9dit<\/li>\n\n\n\n<li>Votre situation financi\u00e8re globale<\/li>\n<\/ul>\n\n\n\n<p>Gr\u00e2ce au simulateur de pr\u00eat de kredit.ch, vous pouvez imm\u00e9diatement voir quel montant de mensualit\u00e9 et quelle dur\u00e9e de pr\u00eat conviennent \u00e0 votre situation. <strong>Pr\u00eat en ligne<\/strong> sont r\u00e9alistes.<\/p>\n<\/div>\n<\/div>\n\n\n\n<div class=\"wp-block-group accordion is-layout-flow wp-block-group-is-layout-flow\">\n<p><em>4<\/em>Puis-je rembourser un pr\u00eat existant via kredit.ch\u00a0?<\/p>\n\n\n\n<div class=\"wp-block-group accordion-content has-padding is-layout-constrained wp-block-group-is-layout-constrained\">\n<p>Oui. Avec un <strong>Restructuration de la dette<\/strong> vous pouvez refinancer vos pr\u00eats existants avec un nouveau pr\u00eat offrant de meilleures conditions. Les avantages sont les suivants\u00a0:<\/p>\n\n\n\n<ul class=\"wp-block-list\">\n<li>Frais d'int\u00e9r\u00eats r\u00e9duits<\/li>\n\n\n\n<li>Mensualit\u00e9s r\u00e9duites<\/li>\n\n\n\n<li>Une plus grande clart\u00e9 gr\u00e2ce \u00e0 un seul pr\u00eat<\/li>\n<\/ul>\n\n\n\n<p>kredit.ch compare gratuitement pour vous les meilleures offres. <strong>Restructuration de la dette en Suisse<\/strong>.<\/p>\n<\/div>\n<\/div>\n\n\n\n<div class=\"wp-block-group accordion is-layout-flow wp-block-group-is-layout-flow\">\n<p><em>5<\/em>Les retrait\u00e9s peuvent-ils contracter un pr\u00eat\u00a0?<\/p>\n\n\n\n<div class=\"wp-block-group accordion-content has-padding is-layout-constrained wp-block-group-is-layout-constrained\">\n<p>Oui aussi <strong>Les retrait\u00e9s peuvent demander un pr\u00eat<\/strong>. Une condition pr\u00e9alable est une pension de retraite stable ou un revenu r\u00e9gulier garantissant le remboursement.<br>Nos consultants \u00e9valueront votre situation personnelle et trouveront une solution adapt\u00e9e \u00e0 vos besoins. <strong>Cr\u00e9dit priv\u00e9 Suisse<\/strong>.<\/p>\n<\/div>\n<\/div>\n\n\n\n<div class=\"wp-block-group accordion is-layout-flow wp-block-group-is-layout-flow\">\n<p><em>6<\/em>Les travailleurs ind\u00e9pendants peuvent-ils demander un pr\u00eat\u00a0?<\/p>\n\n\n\n<div class=\"wp-block-group accordion-content has-padding is-layout-constrained wp-block-group-is-layout-constrained\">\n<p>Aussi <strong>travailleur ind\u00e9pendant<\/strong> vous pouvez obtenir un pr\u00eat sur kredit.ch <strong>Contracter un pr\u00eat<\/strong>. Outre les informations habituelles, une preuve de revenus est requise, par exemple\u00a0:<\/p>\n\n\n\n<ul class=\"wp-block-list\">\n<li>d\u00e9clarations de revenus<\/li>\n\n\n\n<li>\u00e9tats financiers annuels<\/li>\n\n\n\n<li>\u00e9tats financiers<\/li>\n<\/ul>\n\n\n\n<p>Nos experts vous aideront \u00e0 choisir le montant et la dur\u00e9e du pr\u00eat les plus adapt\u00e9s.<\/p>\n<\/div>\n<\/div>\n\n\n\n<div class=\"wp-block-group accordion is-layout-flow wp-block-group-is-layout-flow\">\n<p><em>7<\/em>Les \u00e9tudiants peuvent-ils faire une demande de pr\u00eat\u00a0?<\/p>\n\n\n\n<div class=\"wp-block-group accordion-content has-padding is-layout-constrained wp-block-group-is-layout-constrained\">\n<p>Les \u00e9tudiants peuvent g\u00e9n\u00e9ralement <strong>pas de pr\u00eat personnel<\/strong> Pour \u00eatre admis, un revenu r\u00e9gulier est une condition requise.<br>Toutefois, si vous travaillez en parall\u00e8le de vos \u00e9tudes et que vous disposez d'un revenu v\u00e9rifiable, nous examinerons votre demande de pr\u00eat individuellement et vous conseillerons sur les alternatives possibles.<\/p>\n<\/div>\n<\/div>\n\n\n\n<div class=\"wp-block-group accordion is-layout-flow wp-block-group-is-layout-flow\">\n<p><em>8<\/em>Les int\u00e9r\u00eats d'emprunt sont-ils d\u00e9ductibles d'imp\u00f4t en Suisse\u00a0?<\/p>\n\n\n\n<div class=\"wp-block-group accordion-content has-padding is-layout-constrained wp-block-group-is-layout-constrained\">\n<p>Oui. <strong>Les int\u00e9r\u00eats d'un emprunt sont d\u00e9ductibles d'imp\u00f4t en Suisse.<\/strong>Vous pouvez d\u00e9clarer les int\u00e9r\u00eats pay\u00e9s comme int\u00e9r\u00eats d'emprunt dans votre d\u00e9claration de revenus et ainsi r\u00e9duire votre charge fiscale.<br>Nos consultants se feront un plaisir de vous expliquer comment tirer le meilleur parti de cet avantage.<\/p>\n<\/div>\n<\/div>\n\n\n\n<div class=\"wp-block-group accordion is-layout-flow wp-block-group-is-layout-flow\">\n<p><em>9<\/em>Puis-je combiner plusieurs pr\u00eats\u00a0?<\/p>\n\n\n\n<div class=\"wp-block-group accordion-content has-padding is-layout-constrained wp-block-group-is-layout-constrained\">\n<p>Oui. Avec un <strong>consolidation de cr\u00e9dit<\/strong> plusieurs pr\u00eats existants peuvent \u00eatre regroup\u00e9s en un seul. Cela offre les avantages suivants\u00a0:<\/p>\n\n\n\n<ul class=\"wp-block-list\">\n<li>Seulement <strong>un paiement mensuel<\/strong><\/li>\n\n\n\n<li>Fr\u00e9quemment <strong>de meilleurs taux d'int\u00e9r\u00eat<\/strong><\/li>\n\n\n\n<li>S\u00e9curit\u00e9 de la planification et de la vision \u00e9largie<\/li>\n<\/ul>\n\n\n\n<p>kredit.ch v\u00e9rifie gratuitement si un regroupement de vos pr\u00eats est avantageux.<\/p>\n<\/div>\n<\/div>\n\n\n\n<div class=\"wp-block-group accordion is-layout-flow wp-block-group-is-layout-flow\">\n<p><em>10<\/em>Que se passe-t-il si je prends du retard dans mes paiements\u00a0?<\/p>\n\n\n\n<div class=\"wp-block-group accordion-content has-padding is-layout-constrained wp-block-group-is-layout-constrained\">\n<p>Les retards de paiement peuvent entra\u00eener des frais de rappel et des co\u00fbts suppl\u00e9mentaires. De plus, un <strong>entr\u00e9e ZEK n\u00e9gative<\/strong> cela influencera votre solvabilit\u00e9 future.<br>Important\u00a0: Contactez-nous rapidement. Ensemble, nous trouverons une solution avant que des cons\u00e9quences graves ne surviennent.<\/p>\n<\/div>\n<\/div>\n\n\n\n<div class=\"wp-block-group accordion is-layout-flow wp-block-group-is-layout-flow\">\n<p><em>11<\/em>Combien de temps dure le traitement d'un pr\u00eat?<\/p>\n\n\n\n<div class=\"wp-block-group accordion-content has-padding is-layout-constrained wp-block-group-is-layout-constrained\">\n<p>Le traitement de votre <strong>Demande de pr\u00eat en ligne<\/strong> cela se produit g\u00e9n\u00e9ralement tr\u00e8s rapidement :<\/p>\n\n\n\n<ul class=\"wp-block-list\">\n<li>D\u00e9cision de cr\u00e9dit g\u00e9n\u00e9ralement <strong>sous 1 \u00e0 2 jours ouvrables<\/strong><\/li>\n\n\n\n<li>Le paiement intervient quelques jours apr\u00e8s la signature du contrat.<\/li>\n<\/ul>\n\n\n\n<p>Voici comment vous pouvez <strong>Le cr\u00e9dit en Suisse<\/strong> enregistrez rapidement et facilement.<\/p>\n<\/div>\n<\/div>\n\n\n\n<div class=\"wp-block-group accordion is-layout-flow wp-block-group-is-layout-flow\">\n<p><em>12<\/em>Comment puis-je augmenter mes chances d'obtenir un pr\u00eat\u00a0?<\/p>\n\n\n\n<div class=\"wp-block-group accordion-content has-padding is-layout-constrained wp-block-group-is-layout-constrained\">\n<p>Vos chances d'obtenir <strong>Le cr\u00e9dit en Suisse<\/strong> levez-vous si vous :<\/p>\n\n\n\n<ul class=\"wp-block-list\">\n<li>Preuve de revenus r\u00e9guliers<\/li>\n\n\n\n<li>Aucune dette en cours<\/li>\n\n\n\n<li>D\u00e9clarez correctement tous vos revenus (y compris les revenus annexes).<\/li>\n\n\n\n<li>Planifiez le paiement mensuel de mani\u00e8re r\u00e9aliste<\/li>\n<\/ul>\n\n\n\n<p>Nos experts ind\u00e9pendants en mati\u00e8re de cr\u00e9dit vous aideront \u00e0 am\u00e9liorer votre cote de cr\u00e9dit et votre <strong>Obtenir un pr\u00eat<\/strong>.<\/p>\n<\/div>\n<\/div>\n\n\n\n<div style=\"height:40px\" aria-hidden=\"true\" class=\"wp-block-spacer\"><\/div>\n\n\n\n<div class=\"wp-block-group has-secondary-light-background-color has-background is-layout-constrained wp-container-core-group-is-layout-db32e940 wp-block-group-is-layout-constrained\" style=\"padding-top:var(--wp--preset--spacing--60);padding-right:var(--wp--preset--spacing--60);padding-bottom:var(--wp--preset--spacing--60);padding-left:var(--wp--preset--spacing--60)\">\n<h4 class=\"wp-block-heading has-text-align-center\">Autres questions<\/h4>\n\n\n\n<hr class=\"wp-block-separator has-alpha-channel-opacity\"\/>\n\n\n\n<p class=\"has-text-align-center\" style=\"padding-top:var(--wp--preset--spacing--50)\">Avez-vous des questions concernant votre pr\u00eat personnel ou votre demande de pr\u00eat\u00a0?<br><strong>Appelez-nous au 044 404 75 70.<\/strong><br>Nous sommes heureux de vous conseiller sur tous les aspects du financement de pr\u00eats priv\u00e9s. Rapide, simple et efficace.<\/p>\n\n\n\n<div class=\"wp-block-buttons is-content-justification-center is-layout-flex wp-container-core-buttons-is-layout-c7e98c6b wp-block-buttons-is-layout-flex\" style=\"padding-top:var(--wp--preset--spacing--60);padding-bottom:0\">\n<div class=\"wp-block-button\"><a class=\"wp-block-button__link wp-element-button\" href=\"https:\/\/kredit.ch\/fr\/kontakt\/\">Demander \u00e0 \u00eatre rappel\u00e9<\/a><\/div>\n<\/div>\n<\/div>\n\n\n\n<div style=\"height:40px\" aria-hidden=\"true\" class=\"wp-block-spacer\"><\/div>\n<\/div>","protected":false},"excerpt":{"rendered":"<p>H\u00e4ufig gestellte Kreditfragen FAQ &#8211; das Wichtigste \u00fcber Kredit 1Was ist ein Privatkredit? Ein Privatkredit ist ein zweckfreier Kredit, den Sie als Privatperson aufnehmen k\u00f6nnen. Sie entscheiden selbst, wof\u00fcr Sie das Geld verwenden \u2013 zum Beispiel f\u00fcr M\u00f6bel, Ferien, Weiterbildungen, ein Auto oder zur Umschuldung bestehender Kredite.Die R\u00fcckzahlung erfolgt in monatlichen Raten \u00fcber eine Laufzeit [&hellip;]<\/p>\n","protected":false},"author":1,"featured_media":0,"parent":0,"menu_order":0,"comment_status":"closed","ping_status":"closed","template":"page-no-title-full-width","meta":{"footnotes":""},"class_list":["post-270","page","type-page","status-publish","hentry"],"yoast_head":"<!-- This site is optimized with the Yoast SEO plugin v27.5 - https:\/\/yoast.com\/product\/yoast-seo-wordpress\/ -->\n<title>H\u00e4ufig gestellte Kreditfragen - Kredit ab 4.9% beantragen<\/title>\n<meta name=\"description\" content=\"Welche Bedingungen gelten f\u00fcr einen Privatkredit? Hier finden Sie alle h\u00e4ufigen Fragen &amp; Antworten zu Kreditvoraussetzungen, Laufzeit &amp; Antrag.\" \/>\n<meta name=\"robots\" content=\"index, follow, max-snippet:-1, max-image-preview:large, max-video-preview:-1\" \/>\n<link rel=\"canonical\" href=\"https:\/\/kredit.ch\/fr\/haeufig-gestellte-kreditfragen\/\" \/>\n<meta property=\"og:locale\" content=\"fr_FR\" \/>\n<meta property=\"og:type\" content=\"article\" \/>\n<meta property=\"og:title\" content=\"H\u00e4ufig gestellte Kreditfragen - Kredit ab 4.9% beantragen\" \/>\n<meta property=\"og:description\" content=\"Welche Bedingungen gelten f\u00fcr einen Privatkredit? Hier finden Sie alle h\u00e4ufigen Fragen &amp; Antworten zu Kreditvoraussetzungen, Laufzeit &amp; Antrag.\" \/>\n<meta property=\"og:url\" content=\"https:\/\/kredit.ch\/fr\/haeufig-gestellte-kreditfragen\/\" \/>\n<meta property=\"og:site_name\" content=\"Kredit ab 4.9% beantragen\" \/>\n<meta property=\"article:publisher\" content=\"https:\/\/www.facebook.com\/easycreditag\/\" \/>\n<meta property=\"article:modified_time\" content=\"2026-01-29T12:53:03+00:00\" \/>\n<meta name=\"twitter:card\" content=\"summary_large_image\" \/>\n<meta name=\"twitter:label1\" content=\"Dur\u00e9e de lecture estim\u00e9e\" \/>\n\t<meta name=\"twitter:data1\" content=\"4 minutes\" \/>\n<script type=\"application\/ld+json\" class=\"yoast-schema-graph\">{\"@context\":\"https:\\\/\\\/schema.org\",\"@graph\":[{\"@type\":\"WebPage\",\"@id\":\"https:\\\/\\\/kredit.ch\\\/haeufig-gestellte-kreditfragen\\\/\",\"url\":\"https:\\\/\\\/kredit.ch\\\/haeufig-gestellte-kreditfragen\\\/\",\"name\":\"H\u00e4ufig gestellte Kreditfragen - Kredit ab 4.9% beantragen\",\"isPartOf\":{\"@id\":\"https:\\\/\\\/kredit.ch\\\/#website\"},\"datePublished\":\"2024-06-27T22:41:44+00:00\",\"dateModified\":\"2026-01-29T12:53:03+00:00\",\"description\":\"Welche Bedingungen gelten f\u00fcr einen Privatkredit? Hier finden Sie alle h\u00e4ufigen Fragen & Antworten zu Kreditvoraussetzungen, Laufzeit & Antrag.\",\"breadcrumb\":{\"@id\":\"https:\\\/\\\/kredit.ch\\\/haeufig-gestellte-kreditfragen\\\/#breadcrumb\"},\"inLanguage\":\"fr-FR\",\"potentialAction\":[{\"@type\":\"ReadAction\",\"target\":[\"https:\\\/\\\/kredit.ch\\\/haeufig-gestellte-kreditfragen\\\/\"]}]},{\"@type\":\"BreadcrumbList\",\"@id\":\"https:\\\/\\\/kredit.ch\\\/haeufig-gestellte-kreditfragen\\\/#breadcrumb\",\"itemListElement\":[{\"@type\":\"ListItem\",\"position\":1,\"name\":\"Home\",\"item\":\"https:\\\/\\\/kredit.ch\\\/\"},{\"@type\":\"ListItem\",\"position\":2,\"name\":\"H\u00e4ufig gestellte Kreditfragen\"}]},{\"@type\":\"WebSite\",\"@id\":\"https:\\\/\\\/kredit.ch\\\/#website\",\"url\":\"https:\\\/\\\/kredit.ch\\\/\",\"name\":\"easycredit\",\"description\":\"Seit 15 Jahren Kreditpartner in Schweiz\",\"publisher\":{\"@id\":\"https:\\\/\\\/kredit.ch\\\/#organization\"},\"potentialAction\":[{\"@type\":\"SearchAction\",\"target\":{\"@type\":\"EntryPoint\",\"urlTemplate\":\"https:\\\/\\\/kredit.ch\\\/?s={search_term_string}\"},\"query-input\":{\"@type\":\"PropertyValueSpecification\",\"valueRequired\":true,\"valueName\":\"search_term_string\"}}],\"inLanguage\":\"fr-FR\"},{\"@type\":\"Organization\",\"@id\":\"https:\\\/\\\/kredit.ch\\\/#organization\",\"name\":\"easycredit\",\"url\":\"https:\\\/\\\/kredit.ch\\\/\",\"logo\":{\"@type\":\"ImageObject\",\"inLanguage\":\"fr-FR\",\"@id\":\"https:\\\/\\\/kredit.ch\\\/#\\\/schema\\\/logo\\\/image\\\/\",\"url\":\"https:\\\/\\\/kredit.ch\\\/wp-content\\\/uploads\\\/2025\\\/11\\\/logo.svg\",\"contentUrl\":\"https:\\\/\\\/kredit.ch\\\/wp-content\\\/uploads\\\/2025\\\/11\\\/logo.svg\",\"caption\":\"easycredit\"},\"image\":{\"@id\":\"https:\\\/\\\/kredit.ch\\\/#\\\/schema\\\/logo\\\/image\\\/\"},\"sameAs\":[\"https:\\\/\\\/www.facebook.com\\\/easycreditag\\\/\"]}]}<\/script>\n<!-- \/ Yoast SEO plugin. -->","yoast_head_json":{"title":"H\u00e4ufig gestellte Kreditfragen - Kredit ab 4.9% beantragen","description":"Welche Bedingungen gelten f\u00fcr einen Privatkredit? Hier finden Sie alle h\u00e4ufigen Fragen & Antworten zu Kreditvoraussetzungen, Laufzeit & Antrag.","robots":{"index":"index","follow":"follow","max-snippet":"max-snippet:-1","max-image-preview":"max-image-preview:large","max-video-preview":"max-video-preview:-1"},"canonical":"https:\/\/kredit.ch\/fr\/haeufig-gestellte-kreditfragen\/","og_locale":"fr_FR","og_type":"article","og_title":"H\u00e4ufig gestellte Kreditfragen - Kredit ab 4.9% beantragen","og_description":"Welche Bedingungen gelten f\u00fcr einen Privatkredit? Hier finden Sie alle h\u00e4ufigen Fragen & Antworten zu Kreditvoraussetzungen, Laufzeit & Antrag.","og_url":"https:\/\/kredit.ch\/fr\/haeufig-gestellte-kreditfragen\/","og_site_name":"Kredit ab 4.9% beantragen","article_publisher":"https:\/\/www.facebook.com\/easycreditag\/","article_modified_time":"2026-01-29T12:53:03+00:00","twitter_card":"summary_large_image","twitter_misc":{"Dur\u00e9e de lecture estim\u00e9e":"4 minutes"},"schema":{"@context":"https:\/\/schema.org","@graph":[{"@type":"WebPage","@id":"https:\/\/kredit.ch\/haeufig-gestellte-kreditfragen\/","url":"https:\/\/kredit.ch\/haeufig-gestellte-kreditfragen\/","name":"H\u00e4ufig gestellte Kreditfragen - Kredit ab 4.9% beantragen","isPartOf":{"@id":"https:\/\/kredit.ch\/#website"},"datePublished":"2024-06-27T22:41:44+00:00","dateModified":"2026-01-29T12:53:03+00:00","description":"Welche Bedingungen gelten f\u00fcr einen Privatkredit? Hier finden Sie alle h\u00e4ufigen Fragen & Antworten zu Kreditvoraussetzungen, Laufzeit & Antrag.","breadcrumb":{"@id":"https:\/\/kredit.ch\/haeufig-gestellte-kreditfragen\/#breadcrumb"},"inLanguage":"fr-FR","potentialAction":[{"@type":"ReadAction","target":["https:\/\/kredit.ch\/haeufig-gestellte-kreditfragen\/"]}]},{"@type":"BreadcrumbList","@id":"https:\/\/kredit.ch\/haeufig-gestellte-kreditfragen\/#breadcrumb","itemListElement":[{"@type":"ListItem","position":1,"name":"Home","item":"https:\/\/kredit.ch\/"},{"@type":"ListItem","position":2,"name":"H\u00e4ufig gestellte Kreditfragen"}]},{"@type":"WebSite","@id":"https:\/\/kredit.ch\/#website","url":"https:\/\/kredit.ch\/","name":"easycredit","description":"Seit 15 Jahren Kreditpartner in Schweiz","publisher":{"@id":"https:\/\/kredit.ch\/#organization"},"potentialAction":[{"@type":"SearchAction","target":{"@type":"EntryPoint","urlTemplate":"https:\/\/kredit.ch\/?s={search_term_string}"},"query-input":{"@type":"PropertyValueSpecification","valueRequired":true,"valueName":"search_term_string"}}],"inLanguage":"fr-FR"},{"@type":"Organization","@id":"https:\/\/kredit.ch\/#organization","name":"easycredit","url":"https:\/\/kredit.ch\/","logo":{"@type":"ImageObject","inLanguage":"fr-FR","@id":"https:\/\/kredit.ch\/#\/schema\/logo\/image\/","url":"https:\/\/kredit.ch\/wp-content\/uploads\/2025\/11\/logo.svg","contentUrl":"https:\/\/kredit.ch\/wp-content\/uploads\/2025\/11\/logo.svg","caption":"easycredit"},"image":{"@id":"https:\/\/kredit.ch\/#\/schema\/logo\/image\/"},"sameAs":["https:\/\/www.facebook.com\/easycreditag\/"]}]}},"_links":{"self":[{"href":"https:\/\/kredit.ch\/fr\/wp-json\/wp\/v2\/pages\/270","targetHints":{"allow":["GET"]}}],"collection":[{"href":"https:\/\/kredit.ch\/fr\/wp-json\/wp\/v2\/pages"}],"about":[{"href":"https:\/\/kredit.ch\/fr\/wp-json\/wp\/v2\/types\/page"}],"author":[{"embeddable":true,"href":"https:\/\/kredit.ch\/fr\/wp-json\/wp\/v2\/users\/1"}],"replies":[{"embeddable":true,"href":"https:\/\/kredit.ch\/fr\/wp-json\/wp\/v2\/comments?post=270"}],"version-history":[{"count":12,"href":"https:\/\/kredit.ch\/fr\/wp-json\/wp\/v2\/pages\/270\/revisions"}],"predecessor-version":[{"id":1351,"href":"https:\/\/kredit.ch\/fr\/wp-json\/wp\/v2\/pages\/270\/revisions\/1351"}],"wp:attachment":[{"href":"https:\/\/kredit.ch\/fr\/wp-json\/wp\/v2\/media?parent=270"}],"curies":[{"name":"wp","href":"https:\/\/api.w.org\/{rel}","templated":true}]}}