{"id":202,"date":"2024-06-27T02:43:44","date_gmt":"2024-06-27T02:43:44","guid":{"rendered":"https:\/\/apuwavab.myhostpoint.ch\/?page_id=202"},"modified":"2026-01-24T13:15:26","modified_gmt":"2026-01-24T13:15:26","slug":"autokredit","status":"publish","type":"page","link":"https:\/\/kredit.ch\/fr\/autokredit\/","title":{"rendered":"Pr\u00eat auto"},"content":{"rendered":"<div class=\"wp-block-cover cover-image\" style=\"min-height:590px;aspect-ratio:unset;\"><img loading=\"lazy\" decoding=\"async\" width=\"1024\" height=\"468\" class=\"wp-block-cover__image-background wp-image-987 size-large\" alt=\"\" src=\"https:\/\/kredit.ch\/wp-content\/uploads\/2025\/12\/auto-kredit-1024x468.jpg\" data-object-fit=\"cover\" srcset=\"https:\/\/kredit.ch\/wp-content\/uploads\/2025\/12\/auto-kredit-1024x468.jpg 1024w, https:\/\/kredit.ch\/wp-content\/uploads\/2025\/12\/auto-kredit-300x137.jpg 300w, https:\/\/kredit.ch\/wp-content\/uploads\/2025\/12\/auto-kredit-768x351.jpg 768w, https:\/\/kredit.ch\/wp-content\/uploads\/2025\/12\/auto-kredit-1536x702.jpg 1536w, https:\/\/kredit.ch\/wp-content\/uploads\/2025\/12\/auto-kredit-2048x937.jpg 2048w, https:\/\/kredit.ch\/wp-content\/uploads\/2025\/12\/auto-kredit-18x8.jpg 18w\" sizes=\"auto, (max-width: 1024px) 100vw, 1024px\" \/><span aria-hidden=\"true\" class=\"wp-block-cover__background has-background-dim-60 has-background-dim wp-block-cover__gradient-background has-background-gradient has-gradient-3-gradient-background\"><\/span><div class=\"wp-block-cover__inner-container is-layout-constrained wp-block-cover-is-layout-constrained\">\n<div class=\"wp-block-group is-content-justification-space-between is-layout-flex wp-container-core-group-is-layout-f10d1765 wp-block-group-is-layout-flex\" style=\"padding-right:var(--wp--preset--spacing--40);padding-left:var(--wp--preset--spacing--40)\">\n<div class=\"wp-block-group is-content-justification-left is-layout-constrained wp-container-core-group-is-layout-03dfb0e2 wp-block-group-is-layout-constrained\">\n<h1 class=\"wp-block-heading has-text-align-left has-light-color has-text-color has-link-color has-large-font-size wp-elements-c58db61fc743ddba9d59efee8fce5e6b\">Pr\u00eat auto<\/h1>\n\n\n\n<hr class=\"wp-block-separator has-alpha-channel-opacity is-style-default\" style=\"margin-top:var(--wp--preset--spacing--50);margin-bottom:var(--wp--preset--spacing--50)\"\/>\n\n\n\n<p class=\"has-text-align-left has-light-color has-text-color has-link-color wp-elements-8c068fab095ac5d9ceab3d577e67d507\">Un pr\u00eat auto est la solution id\u00e9ale pour financer votre prochain achat de voiture, neuve ou d'occasion. Gr\u00e2ce \u00e0 un pr\u00eat auto, vous devenez imm\u00e9diatement propri\u00e9taire et profitez pleinement de votre nouveau v\u00e9hicule.<\/p>\n<\/div>\n\n\n<div class=\"narrow-calculator\"><form action=\"\/fr\/antrag\/?betrag=10000&#038;laufzeit_monate=36\" id=\"creditForm\" class=\"calculator-form\" data-trp-original-action=\"\/fr\/antrag?betrag=10000&laufzeit_monate=36\">\n\t\t<input type=\"hidden\" value=\"classic\" name=\"type\" \/>\n\t\t<h3 class=\"calculator-title\">Calculer son cr\u00e9dit<\/h3>\n  <div class=\"claculator-wrapper\">\n    <div class=\"form-group\">\n      <div class=\"flex\">\n        <label for=\"amount_input\">Cr\u00e9dit souhait\u00e9<\/label>\n        <input type=\"text\" class=\"form-control\" id=\"amount_input\" placeholder=\"10'000.00\" \/>\n      <\/div>\n      <input type=\"range\" min=\"1000\" max=\"250000\" step=\"1000\" value=\"10000\" class=\"custom-range\" id=\"amount_slider\" name=\"betrag\" \/>\n      <div class=\"flex small\">\n        <span><span>1'000<\/span> <em>CHF<\/em><\/span>\n        <span><span class=\"max\">250'000<\/span> <em>CHF<\/em><\/span>\n      <\/div>\n    <\/div>\n    <div class=\"form-group\">\n      <div class=\"flex\">\n        <label for=\"duration_input\">Dur\u00e9e (en mois)<\/label>\n        <input type=\"text\" class=\"form-control\" id=\"duration_input\" placeholder=\"36\" \/>\n      <\/div>\n      <input type=\"range\" min=\"6\" max=\"120\" step=\"6\" value=\"36\" class=\"custom-range\" id=\"duration_slider\" name=\"laufzeit_monate\" \/>\n      <div class=\"flex small\">\n        <span><span>6<\/span> <em>Monate<\/em><\/span>\n        <span><span class=\"max\">120<\/span> <em>Monate<\/em><\/span>\n      <\/div>\n    <\/div>\n    <div class=\"credit-protection\">\n      <label class=\"flex\"><span class=\"strong\">Garantie de cr\u00e9dit<\/span> <span class=\"tooltip tooltip-info\">\n\t\t\t\t\t\t\t\t\t\t<span>Garantie le paiement de vos mensualit\u00e9s en cas de perte d'emploi ou d'invalidit\u00e9. L'assurance n'est pas obligatoire.<\/span>\n        <\/span>\n      <\/label>\n      <div class=\"flex\">\n        <label class=\"form-check-label\" for=\"Ja\">\n          <input class=\"form-check-input check-input-custom\" type=\"radio\" name=\"ratenabsicherung\" id=\"Ja\" value=\"YES\" checked \/>\n          <span>Oui<\/span>\n        <\/label>\n        <label class=\"form-check-label\" for=\"Nein\">\n          <input class=\"form-check-input check-input-custom left\" type=\"radio\" name=\"ratenabsicherung\" id=\"Nein\" value=\"NO\" \/>\n          <span>Non<\/span>\n        <\/label>\n      <\/div>\n    <\/div>\n  <\/div>\n  <div class=\"easycredit-numbers\">\n    <div class=\"inner-numbers\">\n      <strong>Mensualit\u00e9 (CHF)<\/strong>\n      <div class=\"flex\">\n\t\t\t\t\t\t\t\t<div class=\"col\">\n          <div class=\"narrow-flex\">\n            <label class=\"small strong\"><em>Taux d'int\u00e9r\u00eat annuel<\/em> de <span id=\"interest_low\">4.9<\/span>%<\/label>\n          <\/div>\n\t\t\t\t\t\t\t\t\t\t<label class=\"big\" id=\"amount_output\">313.70<\/label>\n\t\t\t\t\t\t\t\t\t\t<span class=\"small-label\">dont garantie de cr\u00e9dit (CHF) <label id=\"interest_low_ppi\">14.92<\/label> <em>CHF<\/em><\/span>\n        <\/div>\n        <div class=\"col\">\n          <div class=\"narrow-flex\">\n            <label class=\"small strong\"><em>Taux d'int\u00e9r\u00eat annuel<\/em> \u00e0 <span id=\"interest_high\">9.95<\/span>%<\/label>\n\t\t\t\t\t     <\/div>\n          <label class=\"big\" id=\"duration_output\">347.10<\/label>\n\t\t\t\t\t\t\t\t\t\t<span class=\"small-label\">dont garantie de cr\u00e9dit (CHF) <label id=\"interest_high_ppi\">18.09<\/label> <em>CHF<\/em><\/span>\n        <\/div>\n\t\t\t\t\t\t<\/div>\n      <div class=\"bottom-wrapper\">\n\t\t\t\t\t\t\t\t<div class=\"full-width\">Vos frais d'int\u00e9r\u00eat totaux se situent entre CHF <span id=\"interest_low_output\">793.70<\/span> (4.9 % effectif) et CHF <span id=\"interest_high_output\">1'617.90<\/span> (9,95 % effectif), selon la solvabilit\u00e9.<\/div>\n\t\t\t\t\t\t\t\t<div class=\"button-wrapper\">\n\t\t\t\t\t\t\t\t\t\t<a href=\"\/fr\/antrag\/?betrag=10000&laufzeit_monate=36\" id=\"credit-form-submit\" class=\"button button-primary\">Demander un cr\u00e9dit<\/a>\n\t\t\t\t\t\t\t\t<\/div>\n\t\t   \t<\/div>\n    <\/div>\n  <\/div>\n<input type=\"hidden\" name=\"trp-form-language\" value=\"fr\"\/><\/form>\n<\/div>\n<\/div>\n<\/div><\/div>\n\n\n\n<div class=\"wp-block-group is-layout-constrained wp-block-group-is-layout-constrained\">\n<div style=\"height:40px\" aria-hidden=\"true\" class=\"wp-block-spacer\"><\/div>\n\n\n\n<h3 class=\"wp-block-heading has-text-align-center has-large-font-size\" style=\"padding-bottom:var(--wp--preset--spacing--50)\">Pr\u00eat automobile en Suisse<\/h3>\n\n\n\n<div class=\"wp-block-group is-layout-flow wp-block-group-is-layout-flow\">\n<p>En Suisse, le terme de cr\u00e9dit automobile d\u00e9signe un <a href=\"https:\/\/kredit.ch\/fr\/privatkredit\/\" type=\"page\" id=\"190\">Pr\u00eat personnel<\/a>, sp\u00e9cialement con\u00e7u pour financer un v\u00e9hicule personnel. Cependant, Kredit.ch propose non seulement des pr\u00eats automobiles, mais aussi une large gamme d'options de financement pour r\u00e9pondre \u00e0 divers besoins. D\u00e9couvrez notre gamme de produits, qui comprend des pr\u00eats automobiles ainsi que\u2026 <a href=\"https:\/\/kredit.ch\/fr\/kleinkredit\/\" type=\"page\" id=\"200\">Petit pr\u00eat<\/a> et <a href=\"https:\/\/kredit.ch\/fr\/konsumkredit\/\" type=\"page\" id=\"196\">Pr\u00eat \u00e0 la consommation<\/a> .<\/p>\n\n\n\n<h4 class=\"wp-block-heading\">Cr\u00e9dit pour voiture<\/h4>\n\n\n\n<p>Cr\u00e9dit pour voiture ou leasing ? D\u00e9cidez entre un cr\u00e9dit pour l'achat d'une voiture ou un leasing - chez nous, vous trouverez la solution de financement qui vous convient. Avec un cr\u00e9dit auto, vous achetez le v\u00e9hicule, tandis que le leasing vous permet de l'utiliser pour une dur\u00e9e d\u00e9termin\u00e9e. D\u00e9couvrez des options flexibles et trouvez le financement id\u00e9al qui correspond \u00e0 vos besoins et \u00e0 vos pr\u00e9f\u00e9rences.<\/p>\n<\/div>\n\n\n\n<div style=\"height:40px\" aria-hidden=\"true\" class=\"wp-block-spacer\"><\/div>\n\n\n\n<div class=\"wp-block-columns is-layout-flex wp-container-core-columns-is-layout-6ef9061c wp-block-columns-is-layout-flex\">\n<div class=\"wp-block-column is-layout-flow wp-block-column-is-layout-flow\" style=\"flex-basis:66.66%\">\n<h5 class=\"wp-block-heading\">Avantages d'un pr\u00eat automobile en Suisse\u00a0:<\/h5>\n\n\n\n<div class=\"wp-block-group count-stacks smaller is-vertical is-nowrap is-layout-flex wp-container-core-group-is-layout-52d14973 wp-block-group-is-layout-flex\" style=\"padding-bottom:var(--wp--preset--spacing--50)\">\n<div class=\"wp-block-group is-vertical is-layout-flex wp-container-core-group-is-layout-355c4241 wp-block-group-is-layout-flex\">\n<p>Un pr\u00eat automobile vous permet de vous pr\u00e9senter comme un acheteur au comptant chez le concessionnaire et ainsi de b\u00e9n\u00e9ficier de remises int\u00e9ressantes.<\/p>\n<\/div>\n\n\n\n<div class=\"wp-block-group is-vertical is-layout-flex wp-container-core-group-is-layout-355c4241 wp-block-group-is-layout-flex\">\n<p>Une fois le pr\u00eat personnel amorti, il vous appartient enti\u00e8rement.<\/p>\n<\/div>\n\n\n\n<div class=\"wp-block-group is-vertical is-layout-flex wp-container-core-group-is-layout-355c4241 wp-block-group-is-layout-flex\">\n<p>Aucun frais de restitution du v\u00e9hicule apr\u00e8s la fin du pr\u00eat.<\/p>\n<\/div>\n\n\n\n<div class=\"wp-block-group is-vertical is-layout-flex wp-container-core-group-is-layout-355c4241 wp-block-group-is-layout-flex\">\n<p>Le v\u00e9hicule peut \u00e9galement \u00eatre vendu pendant la dur\u00e9e du pr\u00eat et le pr\u00eat rembours\u00e9.<\/p>\n<\/div>\n\n\n\n<div class=\"wp-block-group is-vertical is-layout-flex wp-container-core-group-is-layout-355c4241 wp-block-group-is-layout-flex\">\n<p>Bien plus flexible que, par exemple, la location de voiture.<\/p>\n<\/div>\n<\/div>\n\n\n\n<h6 class=\"wp-block-heading\">Faites une demande de pr\u00eat automobile en ligne<\/h6>\n\n\n\n<p>Pour vous rapprocher de votre v\u00e9hicule de r\u00eave et financer votre voiture en Suisse, vous pouvez utiliser notre calculateur de pr\u00eat pour estimer vos mensualit\u00e9s personnelles, en fonction du montant et de la dur\u00e9e du pr\u00eat souhait\u00e9s.<\/p>\n\n\n\n<h6 class=\"wp-block-heading\">Conditions requises pour obtenir un pr\u00eat automobile en Suisse\u00a0:<\/h6>\n\n\n\n<p>Les conditions requises pour un pr\u00eat automobile sont les m\u00eames que pour un pr\u00eat personnel et, comme pour le cr\u00e9dit \u00e0 la consommation, elles sont soumises \u00e0 la loi sur le cr\u00e9dit \u00e0 la consommation.<\/p>\n\n\n\n<div class=\"wp-block-group count-stacks smaller check-list is-vertical is-nowrap is-layout-flex wp-container-core-group-is-layout-69b58489 wp-block-group-is-layout-flex\" style=\"padding-top:var(--wp--preset--spacing--50);padding-right:0;padding-bottom:0\">\n<div class=\"wp-block-group is-vertical is-layout-flex wp-container-core-group-is-layout-355c4241 wp-block-group-is-layout-flex\">\n<p>Ils ont un revenu net mensuel r\u00e9gulier de 3000 CHF.<\/p>\n<\/div>\n\n\n\n<div class=\"wp-block-group is-vertical is-layout-flex wp-container-core-group-is-layout-355c4241 wp-block-group-is-layout-flex\">\n<p>Pas de poursuites ouvertes, d\u2019acte de d\u00e9faut de biens ou de faillites.<\/p>\n<\/div>\n\n\n\n<div class=\"wp-block-group is-vertical is-layout-flex wp-container-core-group-is-layout-355c4241 wp-block-group-is-layout-flex\">\n<p>Passeport suisse valable ou permis de s\u00e9jour B ou C.<\/p>\n<\/div>\n\n\n\n<div class=\"wp-block-group is-vertical is-layout-flex wp-container-core-group-is-layout-355c4241 wp-block-group-is-layout-flex\">\n<p>Etrangers avec un permis de s\u00e9jour B r\u00e9sidant en Suisse depuis au moins 12 mois<\/p>\n<\/div>\n\n\n\n<div class=\"wp-block-group is-vertical is-layout-flex wp-container-core-group-is-layout-355c4241 wp-block-group-is-layout-flex\">\n<p>\u00c2ge entre 18 et 68 ans.<\/p>\n<\/div>\n<\/div>\n<\/div>\n\n\n\n<div class=\"wp-block-column is-layout-flow wp-block-column-is-layout-flow\" style=\"padding-top:0;padding-right:0;padding-bottom:0;padding-left:0;flex-basis:33.33%\">\n<div class=\"wp-block-group has-gradient-2-gradient-background has-background is-layout-constrained wp-container-core-group-is-layout-db32e940 wp-block-group-is-layout-constrained\" style=\"padding-top:var(--wp--preset--spacing--60);padding-right:var(--wp--preset--spacing--60);padding-bottom:var(--wp--preset--spacing--60);padding-left:var(--wp--preset--spacing--60)\">\n<h4 class=\"wp-block-heading has-text-align-center has-light-color has-text-color has-link-color wp-elements-73cdc8cf6a9f7a7b0c32b69926a781ea\">Conseils gratuits en mati\u00e8re de pr\u00eats<\/h4>\n\n\n\n<p class=\"has-text-align-center has-light-color has-text-color has-link-color wp-elements-0b0c372aff6be425a596a569e3270890\">Avec nous, vous recevrez un gratuit<\/p>\n\n\n\n<p class=\"has-text-align-center has-light-color has-text-color has-link-color wp-elements-126e59ece960d143c68550bd5a43a396\"><strong>Conseils en mati\u00e8re de cr\u00e9dit dans 10 langues diff\u00e9rentes<\/strong><\/p>\n\n\n\n<figure class=\"wp-block-image size-full\" style=\"margin-top:var(--wp--preset--spacing--50)\"><img loading=\"lazy\" decoding=\"async\" width=\"826\" height=\"580\" src=\"https:\/\/kredit.ch\/wp-content\/themes\/kredit\/img\/cta-image.png\" alt=\"\" class=\"wp-image-745\"\/><\/figure>\n\n\n\n<div class=\"wp-block-buttons is-content-justification-center is-layout-flex wp-container-core-buttons-is-layout-222c5d1d wp-block-buttons-is-layout-flex\" style=\"margin-bottom:var(--wp--preset--spacing--50)\">\n<div class=\"wp-block-button\"><a class=\"wp-block-button__link wp-element-button\" href=\"tel:044 404 75 70\">044 404 75 70<\/a><\/div>\n<\/div>\n<\/div>\n<\/div>\n<\/div>\n\n\n\n<div style=\"height:40px\" aria-hidden=\"true\" class=\"wp-block-spacer\"><\/div>\n\n\n\n<div class=\"wp-block-group requirements-bar has-secondary-light-background-color has-background is-layout-constrained wp-block-group-is-layout-constrained\">\n<div class=\"wp-block-columns is-layout-flex wp-container-core-columns-is-layout-6ef9061c wp-block-columns-is-layout-flex\">\n<div class=\"wp-block-column is-vertically-aligned-center has-secondary-light-background-color has-background is-content-justification-left is-layout-constrained wp-container-core-column-is-layout-a79fdcd2 wp-block-column-is-layout-constrained\" style=\"padding-right:0;flex-basis:66.66%\">\n<div class=\"wp-block-group is-content-justification-left is-layout-flex wp-container-core-group-is-layout-cbc9dc1c wp-block-group-is-layout-flex\">\n<figure class=\"wp-block-image size-full\"><img decoding=\"async\" src=\"https:\/\/kredit.ch\/wp-content\/uploads\/2025\/12\/book-icon.svg\" alt=\"\" class=\"wp-image-944\"\/><\/figure>\n\n\n\n<p class=\"border-right\" style=\"padding-right:var(--wp--preset--spacing--40)\"><strong>Remplissez-vous ces<br>Exigences?<\/strong><\/p>\n\n\n\n<p>En principe, rien ne s'oppose donc \u00e0 l'obtention<br>du pr\u00eat souhait\u00e9.<\/p>\n<\/div>\n<\/div>\n\n\n\n<div class=\"wp-block-column is-layout-flow wp-block-column-is-layout-flow\" style=\"padding-top:0;padding-right:0;padding-bottom:0;padding-left:0;flex-basis:33.33%\">\n<div class=\"wp-block-group min-height has-primary-background-color has-background is-layout-constrained wp-container-core-group-is-layout-a151063b wp-block-group-is-layout-constrained\" style=\"padding-top:var(--wp--preset--spacing--50);padding-right:var(--wp--preset--spacing--40);padding-bottom:var(--wp--preset--spacing--50);padding-left:var(--wp--preset--spacing--40)\">\n<p class=\"has-text-align-center arrow-link-light has-light-color has-text-color has-link-color wp-elements-d3d2060995bd96c27694df470b3a1692\"><strong><a href=\"https:\/\/kredit.ch\/fr\/kredit-beantragen\/\">Acc\u00e9dez au calculateur de pr\u00eat<\/a><\/strong><\/p>\n<\/div>\n<\/div>\n<\/div>\n<\/div>\n\n\n\n<div style=\"height:40px\" aria-hidden=\"true\" class=\"wp-block-spacer\"><\/div>\n<\/div>","protected":false},"excerpt":{"rendered":"<p>Autokredit in der Schweiz In der Schweiz bezeichnet der Begriff Autokredit einen Privatkredit, der speziell f\u00fcr die Finanzierung eines pers\u00f6nlichen Fahrzeugs vorgesehen ist. Kredit.ch bietet jedoch nicht nur Autokredite an, sondern auch vielseitige Finanzierungsm\u00f6glichkeiten f\u00fcr verschiedene Bed\u00fcrfnisse. Entdecken Sie unser Angebot, das neben einem Autokredit auch Kleinkredit und Konsumkredit umfasst. Kredit f\u00fcr Auto Kredit f\u00fcr [&hellip;]<\/p>\n","protected":false},"author":1,"featured_media":0,"parent":0,"menu_order":0,"comment_status":"closed","ping_status":"closed","template":"page-no-title-full-width","meta":{"footnotes":""},"class_list":["post-202","page","type-page","status-publish","hentry"],"yoast_head":"<!-- This site is optimized with the Yoast SEO plugin v27.5 - https:\/\/yoast.com\/product\/yoast-seo-wordpress\/ -->\n<title>Autokredit - Kredit ab 4.9% beantragen<\/title>\n<meta name=\"description\" content=\"Auto finanzieren leicht gemacht: Mit einem Autokredit zu transparenten Konditionen und steuerlichen Vorteilen. Jetzt unverbindlich anfragen!\" \/>\n<meta name=\"robots\" content=\"index, follow, max-snippet:-1, max-image-preview:large, max-video-preview:-1\" \/>\n<link rel=\"canonical\" href=\"https:\/\/kredit.ch\/fr\/autokredit\/\" \/>\n<meta property=\"og:locale\" content=\"fr_FR\" \/>\n<meta property=\"og:type\" content=\"article\" \/>\n<meta property=\"og:title\" content=\"Autokredit - Kredit ab 4.9% beantragen\" \/>\n<meta property=\"og:description\" content=\"Auto finanzieren leicht gemacht: Mit einem Autokredit zu transparenten Konditionen und steuerlichen Vorteilen. Jetzt unverbindlich anfragen!\" \/>\n<meta property=\"og:url\" content=\"https:\/\/kredit.ch\/fr\/autokredit\/\" \/>\n<meta property=\"og:site_name\" content=\"Kredit ab 4.9% beantragen\" \/>\n<meta property=\"article:publisher\" content=\"https:\/\/www.facebook.com\/easycreditag\/\" \/>\n<meta property=\"article:modified_time\" content=\"2026-01-24T13:15:26+00:00\" \/>\n<meta property=\"og:image\" content=\"https:\/\/kredit.ch\/wp-content\/uploads\/2025\/12\/auto-kredit-scaled.jpg\" \/>\n\t<meta property=\"og:image:width\" content=\"2560\" \/>\n\t<meta property=\"og:image:height\" content=\"1171\" \/>\n\t<meta property=\"og:image:type\" content=\"image\/jpeg\" \/>\n<meta name=\"twitter:card\" content=\"summary_large_image\" \/>\n<meta name=\"twitter:label1\" content=\"Dur\u00e9e de lecture estim\u00e9e\" \/>\n\t<meta name=\"twitter:data1\" content=\"5 minutes\" \/>\n<script type=\"application\/ld+json\" class=\"yoast-schema-graph\">{\"@context\":\"https:\\\/\\\/schema.org\",\"@graph\":[{\"@type\":\"WebPage\",\"@id\":\"https:\\\/\\\/kredit.ch\\\/autokredit\\\/\",\"url\":\"https:\\\/\\\/kredit.ch\\\/autokredit\\\/\",\"name\":\"Autokredit - Kredit ab 4.9% beantragen\",\"isPartOf\":{\"@id\":\"https:\\\/\\\/kredit.ch\\\/#website\"},\"primaryImageOfPage\":{\"@id\":\"https:\\\/\\\/kredit.ch\\\/autokredit\\\/#primaryimage\"},\"image\":{\"@id\":\"https:\\\/\\\/kredit.ch\\\/autokredit\\\/#primaryimage\"},\"thumbnailUrl\":\"https:\\\/\\\/kredit.ch\\\/wp-content\\\/uploads\\\/2025\\\/12\\\/auto-kredit-1024x468.jpg\",\"datePublished\":\"2024-06-27T02:43:44+00:00\",\"dateModified\":\"2026-01-24T13:15:26+00:00\",\"description\":\"Auto finanzieren leicht gemacht: Mit einem Autokredit zu transparenten Konditionen und steuerlichen Vorteilen. Jetzt unverbindlich anfragen!\",\"breadcrumb\":{\"@id\":\"https:\\\/\\\/kredit.ch\\\/autokredit\\\/#breadcrumb\"},\"inLanguage\":\"fr-FR\",\"potentialAction\":[{\"@type\":\"ReadAction\",\"target\":[\"https:\\\/\\\/kredit.ch\\\/autokredit\\\/\"]}]},{\"@type\":\"ImageObject\",\"inLanguage\":\"fr-FR\",\"@id\":\"https:\\\/\\\/kredit.ch\\\/autokredit\\\/#primaryimage\",\"url\":\"https:\\\/\\\/kredit.ch\\\/wp-content\\\/uploads\\\/2025\\\/12\\\/auto-kredit-1024x468.jpg\",\"contentUrl\":\"https:\\\/\\\/kredit.ch\\\/wp-content\\\/uploads\\\/2025\\\/12\\\/auto-kredit-1024x468.jpg\"},{\"@type\":\"BreadcrumbList\",\"@id\":\"https:\\\/\\\/kredit.ch\\\/autokredit\\\/#breadcrumb\",\"itemListElement\":[{\"@type\":\"ListItem\",\"position\":1,\"name\":\"Home\",\"item\":\"https:\\\/\\\/kredit.ch\\\/\"},{\"@type\":\"ListItem\",\"position\":2,\"name\":\"Autokredit\"}]},{\"@type\":\"WebSite\",\"@id\":\"https:\\\/\\\/kredit.ch\\\/#website\",\"url\":\"https:\\\/\\\/kredit.ch\\\/\",\"name\":\"easycredit\",\"description\":\"Seit 15 Jahren Kreditpartner in Schweiz\",\"publisher\":{\"@id\":\"https:\\\/\\\/kredit.ch\\\/#organization\"},\"potentialAction\":[{\"@type\":\"SearchAction\",\"target\":{\"@type\":\"EntryPoint\",\"urlTemplate\":\"https:\\\/\\\/kredit.ch\\\/?s={search_term_string}\"},\"query-input\":{\"@type\":\"PropertyValueSpecification\",\"valueRequired\":true,\"valueName\":\"search_term_string\"}}],\"inLanguage\":\"fr-FR\"},{\"@type\":\"Organization\",\"@id\":\"https:\\\/\\\/kredit.ch\\\/#organization\",\"name\":\"easycredit\",\"url\":\"https:\\\/\\\/kredit.ch\\\/\",\"logo\":{\"@type\":\"ImageObject\",\"inLanguage\":\"fr-FR\",\"@id\":\"https:\\\/\\\/kredit.ch\\\/#\\\/schema\\\/logo\\\/image\\\/\",\"url\":\"https:\\\/\\\/kredit.ch\\\/wp-content\\\/uploads\\\/2025\\\/11\\\/logo.svg\",\"contentUrl\":\"https:\\\/\\\/kredit.ch\\\/wp-content\\\/uploads\\\/2025\\\/11\\\/logo.svg\",\"caption\":\"easycredit\"},\"image\":{\"@id\":\"https:\\\/\\\/kredit.ch\\\/#\\\/schema\\\/logo\\\/image\\\/\"},\"sameAs\":[\"https:\\\/\\\/www.facebook.com\\\/easycreditag\\\/\"]}]}<\/script>\n<!-- \/ Yoast SEO plugin. -->","yoast_head_json":{"title":"Autokredit - Kredit ab 4.9% beantragen","description":"Auto finanzieren leicht gemacht: Mit einem Autokredit zu transparenten Konditionen und steuerlichen Vorteilen. Jetzt unverbindlich anfragen!","robots":{"index":"index","follow":"follow","max-snippet":"max-snippet:-1","max-image-preview":"max-image-preview:large","max-video-preview":"max-video-preview:-1"},"canonical":"https:\/\/kredit.ch\/fr\/autokredit\/","og_locale":"fr_FR","og_type":"article","og_title":"Autokredit - Kredit ab 4.9% beantragen","og_description":"Auto finanzieren leicht gemacht: Mit einem Autokredit zu transparenten Konditionen und steuerlichen Vorteilen. Jetzt unverbindlich anfragen!","og_url":"https:\/\/kredit.ch\/fr\/autokredit\/","og_site_name":"Kredit ab 4.9% beantragen","article_publisher":"https:\/\/www.facebook.com\/easycreditag\/","article_modified_time":"2026-01-24T13:15:26+00:00","og_image":[{"width":2560,"height":1171,"url":"https:\/\/kredit.ch\/wp-content\/uploads\/2025\/12\/auto-kredit-scaled.jpg","type":"image\/jpeg"}],"twitter_card":"summary_large_image","twitter_misc":{"Dur\u00e9e de lecture estim\u00e9e":"5 minutes"},"schema":{"@context":"https:\/\/schema.org","@graph":[{"@type":"WebPage","@id":"https:\/\/kredit.ch\/autokredit\/","url":"https:\/\/kredit.ch\/autokredit\/","name":"Autokredit - Kredit ab 4.9% beantragen","isPartOf":{"@id":"https:\/\/kredit.ch\/#website"},"primaryImageOfPage":{"@id":"https:\/\/kredit.ch\/autokredit\/#primaryimage"},"image":{"@id":"https:\/\/kredit.ch\/autokredit\/#primaryimage"},"thumbnailUrl":"https:\/\/kredit.ch\/wp-content\/uploads\/2025\/12\/auto-kredit-1024x468.jpg","datePublished":"2024-06-27T02:43:44+00:00","dateModified":"2026-01-24T13:15:26+00:00","description":"Auto finanzieren leicht gemacht: Mit einem Autokredit zu transparenten Konditionen und steuerlichen Vorteilen. Jetzt unverbindlich anfragen!","breadcrumb":{"@id":"https:\/\/kredit.ch\/autokredit\/#breadcrumb"},"inLanguage":"fr-FR","potentialAction":[{"@type":"ReadAction","target":["https:\/\/kredit.ch\/autokredit\/"]}]},{"@type":"ImageObject","inLanguage":"fr-FR","@id":"https:\/\/kredit.ch\/autokredit\/#primaryimage","url":"https:\/\/kredit.ch\/wp-content\/uploads\/2025\/12\/auto-kredit-1024x468.jpg","contentUrl":"https:\/\/kredit.ch\/wp-content\/uploads\/2025\/12\/auto-kredit-1024x468.jpg"},{"@type":"BreadcrumbList","@id":"https:\/\/kredit.ch\/autokredit\/#breadcrumb","itemListElement":[{"@type":"ListItem","position":1,"name":"Home","item":"https:\/\/kredit.ch\/"},{"@type":"ListItem","position":2,"name":"Autokredit"}]},{"@type":"WebSite","@id":"https:\/\/kredit.ch\/#website","url":"https:\/\/kredit.ch\/","name":"easycredit","description":"Seit 15 Jahren Kreditpartner in Schweiz","publisher":{"@id":"https:\/\/kredit.ch\/#organization"},"potentialAction":[{"@type":"SearchAction","target":{"@type":"EntryPoint","urlTemplate":"https:\/\/kredit.ch\/?s={search_term_string}"},"query-input":{"@type":"PropertyValueSpecification","valueRequired":true,"valueName":"search_term_string"}}],"inLanguage":"fr-FR"},{"@type":"Organization","@id":"https:\/\/kredit.ch\/#organization","name":"easycredit","url":"https:\/\/kredit.ch\/","logo":{"@type":"ImageObject","inLanguage":"fr-FR","@id":"https:\/\/kredit.ch\/#\/schema\/logo\/image\/","url":"https:\/\/kredit.ch\/wp-content\/uploads\/2025\/11\/logo.svg","contentUrl":"https:\/\/kredit.ch\/wp-content\/uploads\/2025\/11\/logo.svg","caption":"easycredit"},"image":{"@id":"https:\/\/kredit.ch\/#\/schema\/logo\/image\/"},"sameAs":["https:\/\/www.facebook.com\/easycreditag\/"]}]}},"_links":{"self":[{"href":"https:\/\/kredit.ch\/fr\/wp-json\/wp\/v2\/pages\/202","targetHints":{"allow":["GET"]}}],"collection":[{"href":"https:\/\/kredit.ch\/fr\/wp-json\/wp\/v2\/pages"}],"about":[{"href":"https:\/\/kredit.ch\/fr\/wp-json\/wp\/v2\/types\/page"}],"author":[{"embeddable":true,"href":"https:\/\/kredit.ch\/fr\/wp-json\/wp\/v2\/users\/1"}],"replies":[{"embeddable":true,"href":"https:\/\/kredit.ch\/fr\/wp-json\/wp\/v2\/comments?post=202"}],"version-history":[{"count":37,"href":"https:\/\/kredit.ch\/fr\/wp-json\/wp\/v2\/pages\/202\/revisions"}],"predecessor-version":[{"id":1344,"href":"https:\/\/kredit.ch\/fr\/wp-json\/wp\/v2\/pages\/202\/revisions\/1344"}],"wp:attachment":[{"href":"https:\/\/kredit.ch\/fr\/wp-json\/wp\/v2\/media?parent=202"}],"curies":[{"name":"wp","href":"https:\/\/api.w.org\/{rel}","templated":true}]}}