{"id":128,"date":"2024-06-27T01:59:10","date_gmt":"2024-06-27T01:59:10","guid":{"rendered":"https:\/\/apuwavab.myhostpoint.ch\/?page_id=128"},"modified":"2026-01-14T11:23:46","modified_gmt":"2026-01-14T11:23:46","slug":"kredit-beantragen","status":"publish","type":"page","link":"https:\/\/kredit.ch\/fr\/kredit-beantragen\/","title":{"rendered":"Demander un cr\u00e9dit"},"content":{"rendered":"<div class=\"wp-block-group has-light-background-background-color has-background is-layout-constrained wp-block-group-is-layout-constrained\" style=\"padding-bottom:var(--wp--preset--spacing--70)\">\n<div class=\"wp-block-group is-layout-constrained wp-block-group-is-layout-constrained\" style=\"padding-top:var(--wp--preset--spacing--60);padding-bottom:var(--wp--preset--spacing--60)\">\n<h1 class=\"wp-block-heading has-text-align-center has-large-font-size\">Calculateur de cr\u00e9dit<\/h1>\n\n\n\n<hr class=\"wp-block-separator has-alpha-channel-opacity\"\/>\n<\/div>\n\n\n\n<div class=\"wp-block-group is-layout-constrained wp-block-group-is-layout-constrained\"><div class=\"wide-calculator\"><form action=\"\/fr\/antrag\/?betrag=10000&#038;laufzeit_monate=36\" id=\"creditForm\" class=\"calculator-form\" data-trp-original-action=\"\/fr\/antrag?betrag=10000&laufzeit_monate=36\">\n\t\t<input type=\"hidden\" value=\"classic\" name=\"type\" \/>\n\t\t<h3 class=\"calculator-title\">Calculer son cr\u00e9dit<\/h3>\n  <div class=\"claculator-wrapper\">\n    <div class=\"form-group\">\n      <div class=\"flex\">\n        <label for=\"amount_input\">Cr\u00e9dit souhait\u00e9<\/label>\n        <input type=\"text\" class=\"form-control\" id=\"amount_input\" placeholder=\"10'000.00\" \/>\n      <\/div>\n      <input type=\"range\" min=\"1000\" max=\"250000\" step=\"1000\" value=\"10000\" class=\"custom-range\" id=\"amount_slider\" name=\"betrag\" \/>\n      <div class=\"flex small\">\n        <span><span>1'000<\/span> <em>CHF<\/em><\/span>\n        <span><span class=\"max\">250'000<\/span> <em>CHF<\/em><\/span>\n      <\/div>\n    <\/div>\n    <div class=\"form-group\">\n      <div class=\"flex\">\n        <label for=\"duration_input\">Dur\u00e9e (en mois)<\/label>\n        <input type=\"text\" class=\"form-control\" id=\"duration_input\" placeholder=\"36\" \/>\n      <\/div>\n      <input type=\"range\" min=\"6\" max=\"120\" step=\"6\" value=\"36\" class=\"custom-range\" id=\"duration_slider\" name=\"laufzeit_monate\" \/>\n      <div class=\"flex small\">\n        <span><span>6<\/span> <em>Monate<\/em><\/span>\n        <span><span class=\"max\">120<\/span> <em>Monate<\/em><\/span>\n      <\/div>\n    <\/div>\n    <div class=\"credit-protection\">\n      <label class=\"flex\"><span class=\"strong\">Garantie de cr\u00e9dit<\/span> <span class=\"tooltip tooltip-info\">\n\t\t\t\t\t\t\t\t\t\t<span>Garantie le paiement de vos mensualit\u00e9s en cas de perte d'emploi ou d'invalidit\u00e9. L'assurance n'est pas obligatoire.<\/span>\n        <\/span>\n      <\/label>\n      <div class=\"flex\">\n        <label class=\"form-check-label\" for=\"Ja\">\n          <input class=\"form-check-input check-input-custom\" type=\"radio\" name=\"ratenabsicherung\" id=\"Ja\" value=\"YES\" checked \/>\n          <span>Oui<\/span>\n        <\/label>\n        <label class=\"form-check-label\" for=\"Nein\">\n          <input class=\"form-check-input check-input-custom left\" type=\"radio\" name=\"ratenabsicherung\" id=\"Nein\" value=\"NO\" \/>\n          <span>Non<\/span>\n        <\/label>\n      <\/div>\n    <\/div>\n  <\/div>\n  <div class=\"easycredit-numbers\">\n    <div class=\"inner-numbers\">\n      <strong>Mensualit\u00e9 (CHF)<\/strong>\n      <div class=\"flex\">\n\t\t\t\t\t\t\t\t<div class=\"col\">\n          <div class=\"narrow-flex\">\n            <label class=\"small strong\"><em>Taux d'int\u00e9r\u00eat annuel<\/em> de <span id=\"interest_low\">4.9<\/span>%<\/label>\n          <\/div>\n\t\t\t\t\t\t\t\t\t\t<label class=\"big\" id=\"amount_output\">313.70<\/label>\n\t\t\t\t\t\t\t\t\t\t<span class=\"small-label\">dont garantie de cr\u00e9dit (CHF) <label id=\"interest_low_ppi\">14.92<\/label> <em>CHF<\/em><\/span>\n        <\/div>\n        <div class=\"col\">\n          <div class=\"narrow-flex\">\n            <label class=\"small strong\"><em>Taux d'int\u00e9r\u00eat annuel<\/em> \u00e0 <span id=\"interest_high\">9.95<\/span>%<\/label>\n\t\t\t\t\t     <\/div>\n          <label class=\"big\" id=\"duration_output\">347.10<\/label>\n\t\t\t\t\t\t\t\t\t\t<span class=\"small-label\">dont garantie de cr\u00e9dit (CHF) <label id=\"interest_high_ppi\">18.09<\/label> <em>CHF<\/em><\/span>\n        <\/div>\n\t\t\t\t\t\t<\/div>\n      <div class=\"bottom-wrapper\">\n\t\t\t\t\t\t\t\t<div class=\"full-width\">Vos frais d'int\u00e9r\u00eat totaux se situent entre CHF <span id=\"interest_low_output\">793.70<\/span> (4.9 % effectif) et CHF <span id=\"interest_high_output\">1'617.90<\/span> (9,95 % effectif), selon la solvabilit\u00e9.<\/div>\n\t\t\t\t\t\t\t\t<div class=\"button-wrapper\">\n\t\t\t\t\t\t\t\t\t\t<a href=\"\/fr\/antrag\/?betrag=10000&laufzeit_monate=36\" id=\"credit-form-submit\" class=\"button button-primary\">Demander un cr\u00e9dit<\/a>\n\t\t\t\t\t\t\t\t<\/div>\n\t\t   \t<\/div>\n    <\/div>\n  <\/div>\n<input type=\"hidden\" name=\"trp-form-language\" value=\"fr\"\/><\/form>\n<\/div>\n<\/div>\n<\/div>\n\n\n\n<div class=\"wp-block-group is-layout-constrained wp-block-group-is-layout-constrained\">\n<div style=\"height:40px\" aria-hidden=\"true\" class=\"wp-block-spacer\"><\/div>\n\n\n\n<h3 class=\"wp-block-heading has-text-align-center has-large-font-size\" style=\"padding-bottom:var(--wp--preset--spacing--50)\">Calculateur de cr\u00e9dit<\/h3>\n\n\n\n<div class=\"wp-block-group is-layout-flow wp-block-group-is-layout-flow\">\n<p class=\"has-text-align-left\">Le simulateur de pr\u00eat vous permet d'obtenir rapidement et facilement un aper\u00e7u des taux d'int\u00e9r\u00eat, des conditions de pr\u00eat et du financement global. Si vous souhaitez contracter un pr\u00eat, il est conseill\u00e9 de faire des recherches pr\u00e9liminaires approfondies et de comparer les offres.<\/p>\n\n\n\n<div style=\"height:20px\" aria-hidden=\"true\" class=\"wp-block-spacer\"><\/div>\n\n\n\n<p class=\"has-text-align-left\">Un pr\u00eat comprend diff\u00e9rents \u00e9l\u00e9ments qui varient selon l'offre et doivent \u00eatre pris en compte. Quel que soit le type de pr\u00eat, ces \u00e9l\u00e9ments incluent le montant emprunt\u00e9, le taux d'int\u00e9r\u00eat, la dur\u00e9e du pr\u00eat et le montant des mensualit\u00e9s.<br>Le simulateur de pr\u00eat vous permet d'afficher les mensualit\u00e9s apr\u00e8s la saisie de ces chiffres. Modifier la dur\u00e9e du pr\u00eat affichera \u00e9galement la variation des mensualit\u00e9s.<\/p>\n\n\n\n<div class=\"wp-block-group is-layout-constrained wp-block-group-is-layout-constrained\" style=\"padding-top:var(--wp--preset--spacing--60);padding-bottom:var(--wp--preset--spacing--60)\">\n<h5 class=\"wp-block-heading has-text-align-left\" style=\"font-style:normal;font-weight:500\">Comparaison de pr\u00eats<\/h5>\n\n\n\n<p>Le simulateur de pr\u00eat de kredit.ch compare diff\u00e9rentes offres et conditions de pr\u00eat. Que vous recherchiez un petit pr\u00eat, un pr\u00eat en ligne ou un pr\u00eat auto, kredit.ch travaille en partenariat avec des banques suisses de renom et vous offre des conseils d'experts pour le financement dont vous avez besoin.<\/p>\n<\/div>\n<\/div>\n\n\n\n<div class=\"wp-block-columns is-layout-flex wp-container-core-columns-is-layout-e0fb3f8c wp-block-columns-is-layout-flex\" style=\"margin-top:var(--wp--preset--spacing--50);margin-bottom:var(--wp--preset--spacing--50)\">\n<div class=\"wp-block-column is-layout-flow wp-block-column-is-layout-flow\">\n<div class=\"wp-block-group is-layout-constrained wp-block-group-is-layout-constrained\">\n<p class=\"gray-link\"><a href=\"https:\/\/kredit.ch\/fr\/privatkredit\/\"><img decoding=\"async\" class=\"wp-image-777\" style=\"width: NaNpx;\" src=\"https:\/\/kredit.ch\/wp-content\/uploads\/2025\/11\/kredit-icon-1.svg\" alt=\"\"><strong>Pr\u00eat personnel<\/strong><img decoding=\"async\" class=\"wp-image-778\" style=\"width: NaNpx;\" src=\"https:\/\/kredit.ch\/wp-content\/uploads\/2025\/11\/arrow-link.svg\" alt=\"\"><\/a><\/p>\n<\/div>\n<\/div>\n\n\n\n<div class=\"wp-block-column is-layout-flow wp-block-column-is-layout-flow\">\n<div class=\"wp-block-group is-layout-constrained wp-block-group-is-layout-constrained\">\n<div class=\"wp-block-group is-layout-constrained wp-block-group-is-layout-constrained\">\n<p class=\"gray-link\"><a href=\"https:\/\/kredit.ch\/fr\/kleinkredit\/\"><img decoding=\"async\" class=\"wp-image-783\" style=\"width: NaNpx;\" src=\"https:\/\/kredit.ch\/wp-content\/uploads\/2025\/11\/kredit-icon-2.svg\" alt=\"\"><strong>Petit pr\u00eat<\/strong><img decoding=\"async\" class=\"wp-image-778\" style=\"width: NaNpx;\" src=\"https:\/\/kredit.ch\/wp-content\/themes\/kredit\/img\/arrow-link.svg\" alt=\"\"><\/a><\/p>\n<\/div>\n<\/div>\n<\/div>\n\n\n\n<div class=\"wp-block-column is-layout-flow wp-block-column-is-layout-flow\">\n<div class=\"wp-block-group is-layout-constrained wp-block-group-is-layout-constrained\">\n<p class=\"gray-link\"><a href=\"https:\/\/kredit.ch\/fr\/konsumkredit\/\"><img decoding=\"async\" class=\"wp-image-787\" style=\"width: NaNpx;\" src=\"https:\/\/kredit.ch\/wp-content\/uploads\/2025\/11\/kredit-icon-3.svg\" alt=\"\"><strong>Pr\u00eat \u00e0 la consommation<\/strong><img decoding=\"async\" class=\"wp-image-778\" style=\"width: NaNpx;\" src=\"https:\/\/kredit.ch\/wp-content\/themes\/kredit\/img\/arrow-link.svg\" alt=\"\"><\/a><\/p>\n<\/div>\n<\/div>\n<\/div>\n\n\n\n<div class=\"wp-block-columns is-layout-flex wp-container-core-columns-is-layout-e0fb3f8c wp-block-columns-is-layout-flex\" style=\"margin-top:var(--wp--preset--spacing--50);margin-bottom:var(--wp--preset--spacing--50)\">\n<div class=\"wp-block-column is-layout-flow wp-block-column-is-layout-flow\">\n<div class=\"wp-block-group is-layout-constrained wp-block-group-is-layout-constrained\">\n<p class=\"gray-link\"><a href=\"https:\/\/kredit.ch\/fr\/modernisierungskredit\/\"><img decoding=\"async\" class=\"wp-image-788\" style=\"width: NaNpx;\" src=\"https:\/\/kredit.ch\/wp-content\/uploads\/2025\/11\/kredit-icon-4.svg\" alt=\"\"><strong>Pr\u00eat de modernisation<\/strong><img decoding=\"async\" class=\"wp-image-778\" style=\"width: NaNpx;\" src=\"https:\/\/kredit.ch\/wp-content\/uploads\/2025\/11\/arrow-link.svg\" alt=\"\"><\/a><\/p>\n<\/div>\n<\/div>\n\n\n\n<div class=\"wp-block-column is-layout-flow wp-block-column-is-layout-flow\">\n<div class=\"wp-block-group is-layout-constrained wp-block-group-is-layout-constrained\">\n<p class=\"gray-link\"><a href=\"https:\/\/kredit.ch\/fr\/autokredit\/\"><img decoding=\"async\" class=\"wp-image-790\" style=\"width: NaNpx;\" src=\"https:\/\/kredit.ch\/wp-content\/uploads\/2025\/11\/kredit-icon-5.svg\" alt=\"\"><strong>Pr\u00eat auto<\/strong><img decoding=\"async\" class=\"wp-image-778\" style=\"width: NaNpx;\" src=\"https:\/\/kredit.ch\/wp-content\/themes\/kredit\/img\/arrow-link.svg\" alt=\"\"><\/a><\/p>\n<\/div>\n<\/div>\n\n\n\n<div class=\"wp-block-column is-layout-flow wp-block-column-is-layout-flow\">\n<div class=\"wp-block-group is-layout-constrained wp-block-group-is-layout-constrained\">\n<p class=\"gray-link\"><a href=\"https:\/\/kredit.ch\/fr\/onlinekredit\/\"><img decoding=\"async\" class=\"wp-image-792\" style=\"width: NaNpx;\" src=\"https:\/\/kredit.ch\/wp-content\/uploads\/2025\/11\/kredit-icon-6.svg\" alt=\"\"><strong>Pr\u00eat en ligne<\/strong><img decoding=\"async\" class=\"wp-image-778\" style=\"width: NaNpx;\" src=\"https:\/\/kredit.ch\/wp-content\/themes\/kredit\/img\/arrow-link.svg\" alt=\"\"><\/a><\/p>\n<\/div>\n<\/div>\n<\/div>\n\n\n\n<div style=\"height:40px\" aria-hidden=\"true\" class=\"wp-block-spacer\"><\/div>\n<\/div>","protected":false},"excerpt":{"rendered":"<p>Kreditrechner Kreditrechner Der Kreditrechner hilft, schnell und unverbindlich einen \u00dcberblick \u00fcber Zinsen, Laufzeit und die gesamte Finanzierung zu bekommen. M\u00f6chte man einen Kredit aufnehmen, sollte eine gr\u00fcndliche Vorabrecherche und ein Kreditvergleich gemacht werden. Ein Kredit enth\u00e4lt verschiedene Komponenten, welche je nach Angebot variieren und ber\u00fccksichtigt werden m\u00fcssen. Zu diesen Komponenten geh\u00f6ren unabh\u00e4ngig von der Kreditart [&hellip;]<\/p>\n","protected":false},"author":1,"featured_media":0,"parent":0,"menu_order":0,"comment_status":"closed","ping_status":"closed","template":"page-no-title-full-width","meta":{"footnotes":""},"class_list":["post-128","page","type-page","status-publish","hentry"],"yoast_head":"<!-- This site is optimized with the Yoast SEO plugin v27.5 - https:\/\/yoast.com\/product\/yoast-seo-wordpress\/ -->\n<title>Kredit beantragen - Kredit ab 4.9% beantragen<\/title>\n<meta name=\"description\" content=\"Berechnen Sie jetzt Ihre monatliche Rate mit unserem Kredit Rechner f\u00fcr die Schweiz. Schnell, kostenlos &amp; unverbindlich \u2013 inklusive Laufzeit &amp; Zinssatz.\" \/>\n<meta name=\"robots\" content=\"index, follow, max-snippet:-1, max-image-preview:large, max-video-preview:-1\" \/>\n<link rel=\"canonical\" href=\"https:\/\/kredit.ch\/fr\/kredit-beantragen\/\" \/>\n<meta property=\"og:locale\" content=\"fr_FR\" \/>\n<meta property=\"og:type\" content=\"article\" \/>\n<meta property=\"og:title\" content=\"Kredit beantragen - Kredit ab 4.9% beantragen\" \/>\n<meta property=\"og:description\" content=\"Berechnen Sie jetzt Ihre monatliche Rate mit unserem Kredit Rechner f\u00fcr die Schweiz. Schnell, kostenlos &amp; unverbindlich \u2013 inklusive Laufzeit &amp; Zinssatz.\" \/>\n<meta property=\"og:url\" content=\"https:\/\/kredit.ch\/fr\/kredit-beantragen\/\" \/>\n<meta property=\"og:site_name\" content=\"Kredit ab 4.9% beantragen\" \/>\n<meta property=\"article:publisher\" content=\"https:\/\/www.facebook.com\/easycreditag\/\" \/>\n<meta property=\"article:modified_time\" content=\"2026-01-14T11:23:46+00:00\" \/>\n<meta name=\"twitter:card\" content=\"summary_large_image\" \/>\n<meta name=\"twitter:label1\" content=\"Dur\u00e9e de lecture estim\u00e9e\" \/>\n\t<meta name=\"twitter:data1\" content=\"4 minutes\" \/>\n<script type=\"application\/ld+json\" class=\"yoast-schema-graph\">{\"@context\":\"https:\\\/\\\/schema.org\",\"@graph\":[{\"@type\":\"WebPage\",\"@id\":\"https:\\\/\\\/kredit.ch\\\/kredit-beantragen\\\/\",\"url\":\"https:\\\/\\\/kredit.ch\\\/kredit-beantragen\\\/\",\"name\":\"Kredit beantragen - Kredit ab 4.9% beantragen\",\"isPartOf\":{\"@id\":\"https:\\\/\\\/kredit.ch\\\/#website\"},\"primaryImageOfPage\":{\"@id\":\"https:\\\/\\\/kredit.ch\\\/kredit-beantragen\\\/#primaryimage\"},\"image\":{\"@id\":\"https:\\\/\\\/kredit.ch\\\/kredit-beantragen\\\/#primaryimage\"},\"thumbnailUrl\":\"https:\\\/\\\/kredit.ch\\\/wp-content\\\/uploads\\\/2025\\\/11\\\/kredit-icon-1.svg\",\"datePublished\":\"2024-06-27T01:59:10+00:00\",\"dateModified\":\"2026-01-14T11:23:46+00:00\",\"description\":\"Berechnen Sie jetzt Ihre monatliche Rate mit unserem Kredit Rechner f\u00fcr die Schweiz. Schnell, kostenlos & unverbindlich \u2013 inklusive Laufzeit & Zinssatz.\",\"breadcrumb\":{\"@id\":\"https:\\\/\\\/kredit.ch\\\/kredit-beantragen\\\/#breadcrumb\"},\"inLanguage\":\"fr-FR\",\"potentialAction\":[{\"@type\":\"ReadAction\",\"target\":[\"https:\\\/\\\/kredit.ch\\\/kredit-beantragen\\\/\"]}]},{\"@type\":\"ImageObject\",\"inLanguage\":\"fr-FR\",\"@id\":\"https:\\\/\\\/kredit.ch\\\/kredit-beantragen\\\/#primaryimage\",\"url\":\"https:\\\/\\\/kredit.ch\\\/wp-content\\\/uploads\\\/2025\\\/11\\\/kredit-icon-1.svg\",\"contentUrl\":\"https:\\\/\\\/kredit.ch\\\/wp-content\\\/uploads\\\/2025\\\/11\\\/kredit-icon-1.svg\"},{\"@type\":\"BreadcrumbList\",\"@id\":\"https:\\\/\\\/kredit.ch\\\/kredit-beantragen\\\/#breadcrumb\",\"itemListElement\":[{\"@type\":\"ListItem\",\"position\":1,\"name\":\"Home\",\"item\":\"https:\\\/\\\/kredit.ch\\\/\"},{\"@type\":\"ListItem\",\"position\":2,\"name\":\"Kredit beantragen\"}]},{\"@type\":\"WebSite\",\"@id\":\"https:\\\/\\\/kredit.ch\\\/#website\",\"url\":\"https:\\\/\\\/kredit.ch\\\/\",\"name\":\"easycredit\",\"description\":\"Seit 15 Jahren Kreditpartner in Schweiz\",\"publisher\":{\"@id\":\"https:\\\/\\\/kredit.ch\\\/#organization\"},\"potentialAction\":[{\"@type\":\"SearchAction\",\"target\":{\"@type\":\"EntryPoint\",\"urlTemplate\":\"https:\\\/\\\/kredit.ch\\\/?s={search_term_string}\"},\"query-input\":{\"@type\":\"PropertyValueSpecification\",\"valueRequired\":true,\"valueName\":\"search_term_string\"}}],\"inLanguage\":\"fr-FR\"},{\"@type\":\"Organization\",\"@id\":\"https:\\\/\\\/kredit.ch\\\/#organization\",\"name\":\"easycredit\",\"url\":\"https:\\\/\\\/kredit.ch\\\/\",\"logo\":{\"@type\":\"ImageObject\",\"inLanguage\":\"fr-FR\",\"@id\":\"https:\\\/\\\/kredit.ch\\\/#\\\/schema\\\/logo\\\/image\\\/\",\"url\":\"https:\\\/\\\/kredit.ch\\\/wp-content\\\/uploads\\\/2025\\\/11\\\/logo.svg\",\"contentUrl\":\"https:\\\/\\\/kredit.ch\\\/wp-content\\\/uploads\\\/2025\\\/11\\\/logo.svg\",\"caption\":\"easycredit\"},\"image\":{\"@id\":\"https:\\\/\\\/kredit.ch\\\/#\\\/schema\\\/logo\\\/image\\\/\"},\"sameAs\":[\"https:\\\/\\\/www.facebook.com\\\/easycreditag\\\/\"]}]}<\/script>\n<!-- \/ Yoast SEO plugin. -->","yoast_head_json":{"title":"Kredit beantragen - Kredit ab 4.9% beantragen","description":"Berechnen Sie jetzt Ihre monatliche Rate mit unserem Kredit Rechner f\u00fcr die Schweiz. Schnell, kostenlos & unverbindlich \u2013 inklusive Laufzeit & Zinssatz.","robots":{"index":"index","follow":"follow","max-snippet":"max-snippet:-1","max-image-preview":"max-image-preview:large","max-video-preview":"max-video-preview:-1"},"canonical":"https:\/\/kredit.ch\/fr\/kredit-beantragen\/","og_locale":"fr_FR","og_type":"article","og_title":"Kredit beantragen - Kredit ab 4.9% beantragen","og_description":"Berechnen Sie jetzt Ihre monatliche Rate mit unserem Kredit Rechner f\u00fcr die Schweiz. Schnell, kostenlos & unverbindlich \u2013 inklusive Laufzeit & Zinssatz.","og_url":"https:\/\/kredit.ch\/fr\/kredit-beantragen\/","og_site_name":"Kredit ab 4.9% beantragen","article_publisher":"https:\/\/www.facebook.com\/easycreditag\/","article_modified_time":"2026-01-14T11:23:46+00:00","twitter_card":"summary_large_image","twitter_misc":{"Dur\u00e9e de lecture estim\u00e9e":"4 minutes"},"schema":{"@context":"https:\/\/schema.org","@graph":[{"@type":"WebPage","@id":"https:\/\/kredit.ch\/kredit-beantragen\/","url":"https:\/\/kredit.ch\/kredit-beantragen\/","name":"Kredit beantragen - Kredit ab 4.9% beantragen","isPartOf":{"@id":"https:\/\/kredit.ch\/#website"},"primaryImageOfPage":{"@id":"https:\/\/kredit.ch\/kredit-beantragen\/#primaryimage"},"image":{"@id":"https:\/\/kredit.ch\/kredit-beantragen\/#primaryimage"},"thumbnailUrl":"https:\/\/kredit.ch\/wp-content\/uploads\/2025\/11\/kredit-icon-1.svg","datePublished":"2024-06-27T01:59:10+00:00","dateModified":"2026-01-14T11:23:46+00:00","description":"Berechnen Sie jetzt Ihre monatliche Rate mit unserem Kredit Rechner f\u00fcr die Schweiz. Schnell, kostenlos & unverbindlich \u2013 inklusive Laufzeit & Zinssatz.","breadcrumb":{"@id":"https:\/\/kredit.ch\/kredit-beantragen\/#breadcrumb"},"inLanguage":"fr-FR","potentialAction":[{"@type":"ReadAction","target":["https:\/\/kredit.ch\/kredit-beantragen\/"]}]},{"@type":"ImageObject","inLanguage":"fr-FR","@id":"https:\/\/kredit.ch\/kredit-beantragen\/#primaryimage","url":"https:\/\/kredit.ch\/wp-content\/uploads\/2025\/11\/kredit-icon-1.svg","contentUrl":"https:\/\/kredit.ch\/wp-content\/uploads\/2025\/11\/kredit-icon-1.svg"},{"@type":"BreadcrumbList","@id":"https:\/\/kredit.ch\/kredit-beantragen\/#breadcrumb","itemListElement":[{"@type":"ListItem","position":1,"name":"Home","item":"https:\/\/kredit.ch\/"},{"@type":"ListItem","position":2,"name":"Kredit beantragen"}]},{"@type":"WebSite","@id":"https:\/\/kredit.ch\/#website","url":"https:\/\/kredit.ch\/","name":"easycredit","description":"Seit 15 Jahren Kreditpartner in Schweiz","publisher":{"@id":"https:\/\/kredit.ch\/#organization"},"potentialAction":[{"@type":"SearchAction","target":{"@type":"EntryPoint","urlTemplate":"https:\/\/kredit.ch\/?s={search_term_string}"},"query-input":{"@type":"PropertyValueSpecification","valueRequired":true,"valueName":"search_term_string"}}],"inLanguage":"fr-FR"},{"@type":"Organization","@id":"https:\/\/kredit.ch\/#organization","name":"easycredit","url":"https:\/\/kredit.ch\/","logo":{"@type":"ImageObject","inLanguage":"fr-FR","@id":"https:\/\/kredit.ch\/#\/schema\/logo\/image\/","url":"https:\/\/kredit.ch\/wp-content\/uploads\/2025\/11\/logo.svg","contentUrl":"https:\/\/kredit.ch\/wp-content\/uploads\/2025\/11\/logo.svg","caption":"easycredit"},"image":{"@id":"https:\/\/kredit.ch\/#\/schema\/logo\/image\/"},"sameAs":["https:\/\/www.facebook.com\/easycreditag\/"]}]}},"_links":{"self":[{"href":"https:\/\/kredit.ch\/fr\/wp-json\/wp\/v2\/pages\/128","targetHints":{"allow":["GET"]}}],"collection":[{"href":"https:\/\/kredit.ch\/fr\/wp-json\/wp\/v2\/pages"}],"about":[{"href":"https:\/\/kredit.ch\/fr\/wp-json\/wp\/v2\/types\/page"}],"author":[{"embeddable":true,"href":"https:\/\/kredit.ch\/fr\/wp-json\/wp\/v2\/users\/1"}],"replies":[{"embeddable":true,"href":"https:\/\/kredit.ch\/fr\/wp-json\/wp\/v2\/comments?post=128"}],"version-history":[{"count":16,"href":"https:\/\/kredit.ch\/fr\/wp-json\/wp\/v2\/pages\/128\/revisions"}],"predecessor-version":[{"id":1156,"href":"https:\/\/kredit.ch\/fr\/wp-json\/wp\/v2\/pages\/128\/revisions\/1156"}],"wp:attachment":[{"href":"https:\/\/kredit.ch\/fr\/wp-json\/wp\/v2\/media?parent=128"}],"curies":[{"name":"wp","href":"https:\/\/api.w.org\/{rel}","templated":true}]}}