{"id":1081,"date":"2026-01-14T00:20:29","date_gmt":"2026-01-14T00:20:29","guid":{"rendered":"https:\/\/kredit.ch\/?page_id=1081"},"modified":"2026-01-14T00:21:37","modified_gmt":"2026-01-14T00:21:37","slug":"nutzungsbedingungen","status":"publish","type":"page","link":"https:\/\/kredit.ch\/fr\/nutzungsbedingungen\/","title":{"rendered":"Conditions d'utilisation"},"content":{"rendered":"<h1 class=\"wp-block-heading\">Informations l\u00e9gales concernant kredit.ch<\/h1>\n\n\n\n<h2 class=\"wp-block-heading\">Consentement<\/h2>\n\n\n\n<p>Toute personne qui acc\u00e8de aux informations trouv\u00e9es sur le site web kredit.ch sur le World Wide Web<br>(www.kredit.ch) accepte les conditions g\u00e9n\u00e9rales suivantes.<\/p>\n\n\n\n<h2 class=\"wp-block-heading\">Destinataires<\/h2>\n\n\n\n<p>Le site web kredit.ch s'adresse exclusivement aux personnes physiques et morales ainsi qu'aux soci\u00e9t\u00e9s de personnes et aux soci\u00e9t\u00e9s de capitaux domicili\u00e9es ou ayant leur si\u00e8ge social en Suisse.<\/p>\n\n\n\n<h2 class=\"wp-block-heading\">Champ d'application<\/h2>\n\n\n\n<p>Les dispositions suivantes r\u00e9gissent le traitement des pr\u00eats entre\u00a0<a href=\"https:\/\/kredit.ch\/fr\/\">kredit.ch<\/a>\u00a0GmbH (si\u00e8ge social \u00e0 8400 Winterthur) et le demandeur. D\u00e8s la validation ou l'envoi du formulaire en ligne, les pr\u00e9sentes conditions sont r\u00e9put\u00e9es accept\u00e9es par les parties. kredit.ch est un produit de budgetgroup.ch GmbH (ci-apr\u00e8s\u00a0: kredit.ch).<\/p>\n\n\n\n<h2 class=\"wp-block-heading\">Service fourni par kredit.ch<\/h2>\n\n\n\n<p>Le service de\u00a0<a href=\"https:\/\/kredit.ch\/fr\/\">kredit.ch<\/a>\u00a0comprend la r\u00e9ception de la demande de pr\u00eat (en ligne, par courriel, par t\u00e9l\u00e9copieur, par t\u00e9l\u00e9phone ou en personne), l'analyse des besoins du client, une \u00e9valuation non contraignante de sa solvabilit\u00e9, des conseils et un soutien gratuits tout au long du processus de demande de pr\u00eat, ainsi que la gestion du dossier. Ce service est gratuit.<\/p>\n\n\n\n<p>Les conseillers client\u00e8le de kredit.ch sont disponibles \u00e0 tout moment pour r\u00e9pondre aux questions des demandeurs.<\/p>\n\n\n\n<h2 class=\"wp-block-heading\">Informations relatives \u00e0 la correspondance et \u00e0 la responsabilit\u00e9<\/h2>\n\n\n\n<p>En fournissant mon adresse \u00e9lectronique et\/ou mon num\u00e9ro de t\u00e9l\u00e9phone portable, j'autorise kredit.ch \u00e0 m'envoyer des offres de produits et des messages par courrier \u00e9lectronique non crypt\u00e9 (courriel) via internet et \u00e0 me contacter pour toute question relative \u00e0 ma demande de pr\u00eat et au contrat par courriel, t\u00e9l\u00e9phone ou SMS, ou \u00e0 laisser un message sur mon r\u00e9pondeur. Je peux r\u00e9voquer cette autorisation \u00e0 tout moment en adressant une notification \u00e9crite \u00e0 kredit.ch et\/ou \u00e0 la banque.<\/p>\n\n\n\n<p>Cette demande sera envoy\u00e9e de mani\u00e8re crypt\u00e9e. Les \u00e9changes ult\u00e9rieurs relatifs \u00e0 cette demande, notamment par courriel et SMS, pourront \u00eatre non crypt\u00e9s. Je suis conscient(e) des risques suivants li\u00e9s \u00e0 l'utilisation des communications \u00e9lectroniques\u00a0:<\/p>\n\n\n\n<ul class=\"wp-block-list\">\n<li>la transmission de donn\u00e9es via Internet n'est chiffr\u00e9e que si une connexion HTTPS s\u00e9curis\u00e9e est \u00e9tablie. Dans de nombreux cas (y compris la transmission par courrier \u00e9lectronique), cependant, la communication via Internet n'est pas chiffr\u00e9e et reste ouverte. La transmission par SMS n'est que partiellement chiffr\u00e9e.<\/li>\n\n\n\n<li>internet est un r\u00e9seau mondial ouvert et accessible \u00e0 tous. Le parcours de transmission des courriels est incontr\u00f4lable et peut m\u00eame emprunter des itin\u00e9raires \u00e0 l'\u00e9tranger. Par cons\u00e9quent, la confidentialit\u00e9 des donn\u00e9es transmises par courriel ne peut \u00eatre garantie.<\/li>\n\n\n\n<li>les courriels et leurs pi\u00e8ces jointes, ainsi que les SMS, peuvent \u00eatre falsifi\u00e9s ou modifi\u00e9s par des tiers \u00e0 leur insu ; l'exp\u00e9diteur et le destinataire peuvent \u00eatre chang\u00e9s, simulant ainsi l'authenticit\u00e9 ;<\/li>\n\n\n\n<li>Les courriels et les SMS peuvent \u00eatre supprim\u00e9s, mal achemin\u00e9s ou corrompus lors de la transmission en raison d'erreurs\/dysfonctionnements techniques\u00a0;<\/li>\n\n\n\n<li>l'acc\u00e8s \u00e0 des sites web, notamment le fait de cliquer sur des liens int\u00e9gr\u00e9s dans des courriels\/SMS et d'ouvrir des pi\u00e8ces jointes, peut potentiellement permettre \u00e0 des programmes informatiques malveillants tels que des virus, des vers, des chevaux de Troie d'infecter l'ordinateur, le smartphone ou tout autre appareil similaire du client.<\/li>\n<\/ul>\n\n\n\n<p>La responsabilit\u00e9 de Kredit.ch pour les dommages r\u00e9sultant de communications \u00e9lectroniques et d'\u00e9changes de donn\u00e9es par voie \u00e9lectronique n'est engag\u00e9e qu'en cas de faute intentionnelle ou de n\u00e9gligence grave. Dans le cadre de communications ouvertes par courriel, j'accepte express\u00e9ment le risque que mes donn\u00e9es soient intercept\u00e9es ou divulgu\u00e9es par des tiers lors de leur transmission et que leur confidentialit\u00e9 ne puisse \u00eatre garantie. Kredit.ch ne peut garantir que les courriels portant le nom de l'exp\u00e9diteur proviennent bien de Kredit.ch, ni que les courriels envoy\u00e9s par ou adress\u00e9s \u00e0 Kredit.ch parviennent intacts, \u00e0 temps et au bon destinataire.<\/p>\n\n\n\n<h2 class=\"wp-block-heading\">Aucune offre<\/h2>\n\n\n\n<p>kredit.ch se r\u00e9serve le droit de rejeter la pr\u00e9sente demande sans donner de raisons et de ne pas faire d'offre.<\/p>\n\n\n\n<h2 class=\"wp-block-heading\">Droits de propri\u00e9t\u00e9 intellectuelle<\/h2>\n\n\n\n<p>L'ensemble du contenu du site kredit.ch est prot\u00e9g\u00e9 par le droit d'auteur\u00a0; tous les droits y aff\u00e9rents sont r\u00e9serv\u00e9s \u00e0 kredit.ch. Les \u00e9l\u00e9ments pr\u00e9sents sur le site peuvent \u00eatre utilis\u00e9s librement uniquement \u00e0 des fins de consultation. Si l'utilisateur t\u00e9l\u00e9charge ou reproduit de quelque mani\u00e8re que ce soit des logiciels ou autres donn\u00e9es provenant du site, tous les droits de propri\u00e9t\u00e9 intellectuelle restent la propri\u00e9t\u00e9 de kredit.ch.<\/p>\n\n\n\n<p>Les op\u00e9rations suivantes sont interdites sans l'autorisation \u00e9crite pr\u00e9alable de kredit.ch\u00a0:<\/p>\n\n\n\n<ul class=\"wp-block-list\">\n<li>La reproduction (m\u00eame partielle), la transmission (\u00e9lectronique ou par d'autres moyens) et la modification du contenu ou des \u00e9l\u00e9ments du site web kredit.ch sont interdites.<\/li>\n\n\n\n<li>il est interdit de cr\u00e9er des liens vers le site web kredit.ch et de l'utiliser \u00e0 des fins publiques ou commerciales.<\/li>\n<\/ul>\n\n\n\n<p>Tutti i marchi utilizzati sul sito web kredit.ch appartengono a kredit.ch.<\/p>\n\n\n\n<h2 class=\"wp-block-heading\">S\u00e9curit\u00e9 des donn\u00e9es, liaison et responsabilit\u00e9<\/h2>\n\n\n\n<p>Internet est un r\u00e9seau ouvert accessible \u00e0 tous. Si un utilisateur consulte le site web kredit.ch, des tiers peuvent en d\u00e9duire l'existence ou l'avenir d'une relation commerciale entre lui et kredit.ch.<\/p>\n\n\n\n<p>La transmission d'informations via Internet peut subir des interruptions, des retards ou des erreurs de transmission de donn\u00e9es ind\u00e9pendants de la volont\u00e9 de kredit.ch et de tout fournisseur d'informations. Ni kredit.ch ni aucun fournisseur d'informations ne sauraient \u00eatre tenus responsables des dommages, directs ou indirects, r\u00e9sultant de tels dysfonctionnements. De m\u00eame, kredit.ch d\u00e9cline toute responsabilit\u00e9 pour les pertes ou dommages de quelque nature que ce soit d\u00e9coulant de l'utilisation de ce site web ou des informations qu'il contient. Les informations pr\u00e9sentes sur ce site web peuvent \u00eatre modifi\u00e9es \u00e0 tout moment et sans pr\u00e9avis.<\/p>\n\n\n\n<p>Si l'utilisateur clique sur certains liens du site kredit.ch, il peut \u00eatre redirig\u00e9 vers un autre site. kredit.ch n'a pas v\u00e9rifi\u00e9 le contenu des sites externes li\u00e9s \u00e0 son site et d\u00e9cline toute responsabilit\u00e9 quant \u00e0 leur contenu, aux produits, services ou autres offres qui y sont pr\u00e9sent\u00e9s.<\/p>\n\n\n\n<p>Toute personne qui place un lien vers le site web kredit.ch sur un autre site web doit obtenir au pr\u00e9alable l'autorisation \u00e9crite de kredit.ch.<\/p>\n\n\n\n<h2 class=\"wp-block-heading\">Protection des donn\u00e9es<\/h2>\n\n\n\n<p>Sur le site web kredit.ch, les utilisateurs sont r\u00e9guli\u00e8rement invit\u00e9s \u00e0 fournir des donn\u00e9es personnelles. S\u2019ils d\u00e9cident de transmettre des donn\u00e9es personnelles \u00e0 kredit.ch par Internet ou par courrier \u00e9lectronique, kredit.ch traitera ces donn\u00e9es conform\u00e9ment aux dispositions de la loi sur la protection des donn\u00e9es.<\/p>\n\n\n\n<p>En contactant kredit.ch par internet, courriel, courrier postal ou tout autre moyen, l'utilisateur accepte que kredit.ch puisse occasionnellement lui envoyer des informations sur la soci\u00e9t\u00e9, ses produits et ses services \u00e0 ses adresses postale et \u00e9lectronique. L'utilisateur peut s'opposer \u00e0 tout moment \u00e0 l'utilisation de ses donn\u00e9es client \u00e0 des fins de marketing en informant kredit.ch par \u00e9crit.<\/p>","protected":false},"excerpt":{"rendered":"<p>Rechtliches zu kredit.ch Einverst\u00e4ndnis Wer Informationen abruft, die auf der Webseite von kredit.ch im World Wide Web(www.kredit.ch) ver\u00f6ffentlicht sind, akzeptiert die nachstehenden Bedingungen. Adressaten Die Website von kredit.ch richtet sich ausschliesslich an nat\u00fcrliche und juristische Personen sowie an Personengesellschaften und K\u00f6rperschaften mit Wohnsitz bzw. Sitz in der Schweiz. Anwendungsbereich Die folgenden Bestimmungen regeln die Kreditabwicklung [&hellip;]<\/p>\n","protected":false},"author":1,"featured_media":0,"parent":0,"menu_order":0,"comment_status":"closed","ping_status":"closed","template":"","meta":{"footnotes":""},"class_list":["post-1081","page","type-page","status-publish","hentry"],"yoast_head":"<!-- This site is optimized with the Yoast SEO plugin v27.5 - https:\/\/yoast.com\/product\/yoast-seo-wordpress\/ -->\n<title>Nutzungsbedingungen - Kredit ab 4.9% beantragen<\/title>\n<meta name=\"robots\" content=\"index, follow, max-snippet:-1, max-image-preview:large, max-video-preview:-1\" \/>\n<link rel=\"canonical\" href=\"https:\/\/kredit.ch\/fr\/nutzungsbedingungen\/\" \/>\n<meta property=\"og:locale\" content=\"fr_FR\" \/>\n<meta property=\"og:type\" content=\"article\" \/>\n<meta property=\"og:title\" content=\"Nutzungsbedingungen - Kredit ab 4.9% beantragen\" \/>\n<meta property=\"og:description\" content=\"Rechtliches zu kredit.ch Einverst\u00e4ndnis Wer Informationen abruft, die auf der Webseite von kredit.ch im World Wide Web(www.kredit.ch) ver\u00f6ffentlicht sind, akzeptiert die nachstehenden Bedingungen. Adressaten Die Website von kredit.ch richtet sich ausschliesslich an nat\u00fcrliche und juristische Personen sowie an Personengesellschaften und K\u00f6rperschaften mit Wohnsitz bzw. Sitz in der Schweiz. Anwendungsbereich Die folgenden Bestimmungen regeln die Kreditabwicklung [&hellip;]\" \/>\n<meta property=\"og:url\" content=\"https:\/\/kredit.ch\/fr\/nutzungsbedingungen\/\" \/>\n<meta property=\"og:site_name\" content=\"Kredit ab 4.9% beantragen\" \/>\n<meta property=\"article:publisher\" content=\"https:\/\/www.facebook.com\/easycreditag\/\" \/>\n<meta property=\"article:modified_time\" content=\"2026-01-14T00:21:37+00:00\" \/>\n<meta name=\"twitter:card\" content=\"summary_large_image\" \/>\n<meta name=\"twitter:label1\" content=\"Dur\u00e9e de lecture estim\u00e9e\" \/>\n\t<meta name=\"twitter:data1\" content=\"6 minutes\" \/>\n<script type=\"application\/ld+json\" class=\"yoast-schema-graph\">{\"@context\":\"https:\\\/\\\/schema.org\",\"@graph\":[{\"@type\":\"WebPage\",\"@id\":\"https:\\\/\\\/kredit.ch\\\/nutzungsbedingungen\\\/\",\"url\":\"https:\\\/\\\/kredit.ch\\\/nutzungsbedingungen\\\/\",\"name\":\"Nutzungsbedingungen - Kredit ab 4.9% beantragen\",\"isPartOf\":{\"@id\":\"https:\\\/\\\/kredit.ch\\\/#website\"},\"datePublished\":\"2026-01-14T00:20:29+00:00\",\"dateModified\":\"2026-01-14T00:21:37+00:00\",\"breadcrumb\":{\"@id\":\"https:\\\/\\\/kredit.ch\\\/nutzungsbedingungen\\\/#breadcrumb\"},\"inLanguage\":\"fr-FR\",\"potentialAction\":[{\"@type\":\"ReadAction\",\"target\":[\"https:\\\/\\\/kredit.ch\\\/nutzungsbedingungen\\\/\"]}]},{\"@type\":\"BreadcrumbList\",\"@id\":\"https:\\\/\\\/kredit.ch\\\/nutzungsbedingungen\\\/#breadcrumb\",\"itemListElement\":[{\"@type\":\"ListItem\",\"position\":1,\"name\":\"Home\",\"item\":\"https:\\\/\\\/kredit.ch\\\/\"},{\"@type\":\"ListItem\",\"position\":2,\"name\":\"Nutzungsbedingungen\"}]},{\"@type\":\"WebSite\",\"@id\":\"https:\\\/\\\/kredit.ch\\\/#website\",\"url\":\"https:\\\/\\\/kredit.ch\\\/\",\"name\":\"easycredit\",\"description\":\"Seit 15 Jahren Kreditpartner in Schweiz\",\"publisher\":{\"@id\":\"https:\\\/\\\/kredit.ch\\\/#organization\"},\"potentialAction\":[{\"@type\":\"SearchAction\",\"target\":{\"@type\":\"EntryPoint\",\"urlTemplate\":\"https:\\\/\\\/kredit.ch\\\/?s={search_term_string}\"},\"query-input\":{\"@type\":\"PropertyValueSpecification\",\"valueRequired\":true,\"valueName\":\"search_term_string\"}}],\"inLanguage\":\"fr-FR\"},{\"@type\":\"Organization\",\"@id\":\"https:\\\/\\\/kredit.ch\\\/#organization\",\"name\":\"easycredit\",\"url\":\"https:\\\/\\\/kredit.ch\\\/\",\"logo\":{\"@type\":\"ImageObject\",\"inLanguage\":\"fr-FR\",\"@id\":\"https:\\\/\\\/kredit.ch\\\/#\\\/schema\\\/logo\\\/image\\\/\",\"url\":\"https:\\\/\\\/kredit.ch\\\/wp-content\\\/uploads\\\/2025\\\/11\\\/logo.svg\",\"contentUrl\":\"https:\\\/\\\/kredit.ch\\\/wp-content\\\/uploads\\\/2025\\\/11\\\/logo.svg\",\"caption\":\"easycredit\"},\"image\":{\"@id\":\"https:\\\/\\\/kredit.ch\\\/#\\\/schema\\\/logo\\\/image\\\/\"},\"sameAs\":[\"https:\\\/\\\/www.facebook.com\\\/easycreditag\\\/\"]}]}<\/script>\n<!-- \/ Yoast SEO plugin. -->","yoast_head_json":{"title":"Nutzungsbedingungen - Kredit ab 4.9% beantragen","robots":{"index":"index","follow":"follow","max-snippet":"max-snippet:-1","max-image-preview":"max-image-preview:large","max-video-preview":"max-video-preview:-1"},"canonical":"https:\/\/kredit.ch\/fr\/nutzungsbedingungen\/","og_locale":"fr_FR","og_type":"article","og_title":"Nutzungsbedingungen - Kredit ab 4.9% beantragen","og_description":"Rechtliches zu kredit.ch Einverst\u00e4ndnis Wer Informationen abruft, die auf der Webseite von kredit.ch im World Wide Web(www.kredit.ch) ver\u00f6ffentlicht sind, akzeptiert die nachstehenden Bedingungen. Adressaten Die Website von kredit.ch richtet sich ausschliesslich an nat\u00fcrliche und juristische Personen sowie an Personengesellschaften und K\u00f6rperschaften mit Wohnsitz bzw. Sitz in der Schweiz. Anwendungsbereich Die folgenden Bestimmungen regeln die Kreditabwicklung [&hellip;]","og_url":"https:\/\/kredit.ch\/fr\/nutzungsbedingungen\/","og_site_name":"Kredit ab 4.9% beantragen","article_publisher":"https:\/\/www.facebook.com\/easycreditag\/","article_modified_time":"2026-01-14T00:21:37+00:00","twitter_card":"summary_large_image","twitter_misc":{"Dur\u00e9e de lecture estim\u00e9e":"6 minutes"},"schema":{"@context":"https:\/\/schema.org","@graph":[{"@type":"WebPage","@id":"https:\/\/kredit.ch\/nutzungsbedingungen\/","url":"https:\/\/kredit.ch\/nutzungsbedingungen\/","name":"Nutzungsbedingungen - Kredit ab 4.9% beantragen","isPartOf":{"@id":"https:\/\/kredit.ch\/#website"},"datePublished":"2026-01-14T00:20:29+00:00","dateModified":"2026-01-14T00:21:37+00:00","breadcrumb":{"@id":"https:\/\/kredit.ch\/nutzungsbedingungen\/#breadcrumb"},"inLanguage":"fr-FR","potentialAction":[{"@type":"ReadAction","target":["https:\/\/kredit.ch\/nutzungsbedingungen\/"]}]},{"@type":"BreadcrumbList","@id":"https:\/\/kredit.ch\/nutzungsbedingungen\/#breadcrumb","itemListElement":[{"@type":"ListItem","position":1,"name":"Home","item":"https:\/\/kredit.ch\/"},{"@type":"ListItem","position":2,"name":"Nutzungsbedingungen"}]},{"@type":"WebSite","@id":"https:\/\/kredit.ch\/#website","url":"https:\/\/kredit.ch\/","name":"easycredit","description":"Seit 15 Jahren Kreditpartner in Schweiz","publisher":{"@id":"https:\/\/kredit.ch\/#organization"},"potentialAction":[{"@type":"SearchAction","target":{"@type":"EntryPoint","urlTemplate":"https:\/\/kredit.ch\/?s={search_term_string}"},"query-input":{"@type":"PropertyValueSpecification","valueRequired":true,"valueName":"search_term_string"}}],"inLanguage":"fr-FR"},{"@type":"Organization","@id":"https:\/\/kredit.ch\/#organization","name":"easycredit","url":"https:\/\/kredit.ch\/","logo":{"@type":"ImageObject","inLanguage":"fr-FR","@id":"https:\/\/kredit.ch\/#\/schema\/logo\/image\/","url":"https:\/\/kredit.ch\/wp-content\/uploads\/2025\/11\/logo.svg","contentUrl":"https:\/\/kredit.ch\/wp-content\/uploads\/2025\/11\/logo.svg","caption":"easycredit"},"image":{"@id":"https:\/\/kredit.ch\/#\/schema\/logo\/image\/"},"sameAs":["https:\/\/www.facebook.com\/easycreditag\/"]}]}},"_links":{"self":[{"href":"https:\/\/kredit.ch\/fr\/wp-json\/wp\/v2\/pages\/1081","targetHints":{"allow":["GET"]}}],"collection":[{"href":"https:\/\/kredit.ch\/fr\/wp-json\/wp\/v2\/pages"}],"about":[{"href":"https:\/\/kredit.ch\/fr\/wp-json\/wp\/v2\/types\/page"}],"author":[{"embeddable":true,"href":"https:\/\/kredit.ch\/fr\/wp-json\/wp\/v2\/users\/1"}],"replies":[{"embeddable":true,"href":"https:\/\/kredit.ch\/fr\/wp-json\/wp\/v2\/comments?post=1081"}],"version-history":[{"count":1,"href":"https:\/\/kredit.ch\/fr\/wp-json\/wp\/v2\/pages\/1081\/revisions"}],"predecessor-version":[{"id":1146,"href":"https:\/\/kredit.ch\/fr\/wp-json\/wp\/v2\/pages\/1081\/revisions\/1146"}],"wp:attachment":[{"href":"https:\/\/kredit.ch\/fr\/wp-json\/wp\/v2\/media?parent=1081"}],"curies":[{"name":"wp","href":"https:\/\/api.w.org\/{rel}","templated":true}]}}