{"id":1011,"date":"2025-12-29T21:33:22","date_gmt":"2025-12-29T21:33:22","guid":{"rendered":"https:\/\/kredit.ch\/?page_id=1011"},"modified":"2026-01-24T13:17:44","modified_gmt":"2026-01-24T13:17:44","slug":"so-einfach-funktionierts","status":"publish","type":"page","link":"https:\/\/kredit.ch\/fr\/so-einfach-funktionierts\/","title":{"rendered":"C'est aussi simple que \u00e7a."},"content":{"rendered":"<div class=\"wp-block-group is-layout-constrained wp-block-group-is-layout-constrained\">\n<div style=\"height:40px\" aria-hidden=\"true\" class=\"wp-block-spacer\"><\/div>\n\n\n\n<h2 class=\"wp-block-heading has-text-align-left has-medium-font-size\">Votre pr\u00eat est \u00e0 port\u00e9e de main, en seulement trois \u00e9tapes\u00a0:<\/h2>\n\n\n\n<div class=\"wp-block-group is-layout-flow wp-block-group-is-layout-flow\">\n<p>Pour vous pr\u00e9munir contre une \u00e9ventuelle p\u00e9riode de ch\u00f4mage pendant l'utilisation de votre pr\u00eat, nous vous recommandons de souscrire une assurance couvrant le ch\u00f4mage, l'invalidit\u00e9 et l'incapacit\u00e9 de travail. Ainsi, vous pourrez profiter pleinement de votre nouveau logement, de votre voiture ou de vos vacances en toute s\u00e9r\u00e9nit\u00e9.<\/p>\n\n\n\n<div style=\"height:50px\" aria-hidden=\"true\" class=\"wp-block-spacer\"><\/div>\n\n\n\n<div class=\"wp-block-columns framed-columns is-layout-flex wp-container-core-columns-is-layout-08c01c1c wp-block-columns-is-layout-flex\">\n<div class=\"wp-block-column has-border-color has-primary-light-border-color is-layout-flow wp-container-core-column-is-layout-8a368f38 wp-block-column-is-layout-flow\" style=\"border-width:1px\">\n<div class=\"wp-block-group has-secondary-light-background-color has-background is-layout-constrained wp-container-core-group-is-layout-f611be13 wp-block-group-is-layout-constrained\" style=\"padding-top:var(--wp--preset--spacing--50);padding-right:var(--wp--preset--spacing--50);padding-bottom:var(--wp--preset--spacing--50);padding-left:var(--wp--preset--spacing--50)\">\n<h6 class=\"wp-block-heading number has-medium-font-size\">01. <strong>Informer et calculer<\/strong><\/h6>\n<\/div>\n\n\n\n<div class=\"wp-block-group is-vertical is-content-justification-stretch is-nowrap is-layout-flex wp-container-core-group-is-layout-872ef9f2 wp-block-group-is-layout-flex\" style=\"padding-top:var(--wp--preset--spacing--50);padding-right:var(--wp--preset--spacing--50);padding-bottom:var(--wp--preset--spacing--50);padding-left:var(--wp--preset--spacing--50)\">\n<p><strong>D\u00e9couvrez vos options de pr\u00eat en quelques clics.<\/strong><\/p>\n\n\n\n<p>Pour une meilleure orientation, vous trouverez sous la rubrique \u00ab<a href=\"https:\/\/kredit.ch\/fr\/haeufig-gestellte-kreditfragen\/\" type=\"page\" id=\"270\">Foire aux questions<\/a>\u00ab les questions les plus fr\u00e9quemment pos\u00e9es sur les pr\u00eats. \u00bb <a href=\"https:\/\/kredit.ch\/fr\/kredit-beantragen\/\" type=\"page\" id=\"128\">Calculateur de cr\u00e9dit<\/a> D\u00e9terminez les mensualit\u00e9s appropri\u00e9es pour votre pr\u00eat bancaire.<\/p>\n\n\n\n<p>Et si vous souhaitez des conseils personnalis\u00e9s suppl\u00e9mentaires, nous serons toujours heureux de vous aider.<\/p>\n\n\n\n<div class=\"wp-block-buttons is-layout-flex wp-block-buttons-is-layout-flex\">\n<div class=\"wp-block-button\"><a class=\"wp-block-button__link wp-element-button\" href=\"https:\/\/kredit.ch\/fr\/kontakt\/\">Contactez-nous<\/a><\/div>\n<\/div>\n<\/div>\n<\/div>\n\n\n\n<div class=\"wp-block-column has-border-color has-primary-light-border-color is-layout-flow wp-block-column-is-layout-flow\" style=\"border-width:1px\">\n<div class=\"wp-block-group has-secondary-light-background-color has-background is-layout-constrained wp-container-core-group-is-layout-f611be13 wp-block-group-is-layout-constrained\" style=\"padding-top:var(--wp--preset--spacing--50);padding-right:var(--wp--preset--spacing--50);padding-bottom:var(--wp--preset--spacing--50);padding-left:var(--wp--preset--spacing--50)\">\n<h6 class=\"wp-block-heading number has-medium-font-size\">02. <strong>Faites une demande de pr\u00eat en ligne<\/strong><\/h6>\n<\/div>\n\n\n\n<div class=\"wp-block-group is-vertical is-nowrap is-layout-flex wp-container-core-group-is-layout-74765b67 wp-block-group-is-layout-flex\" style=\"padding-top:var(--wp--preset--spacing--50);padding-right:var(--wp--preset--spacing--50);padding-bottom:var(--wp--preset--spacing--50);padding-left:var(--wp--preset--spacing--50)\">\n<p><strong>Cr\u00e9ez votre demande de pr\u00eat gratuite.<\/strong><\/p>\n\n\n\n<p>Vous pouvez g\u00e9rer votre demande de financement pour un pr\u00eat avec nous de mani\u00e8re discr\u00e8te et facile\u00a0:<\/p>\n\n\n\n<div class=\"wp-block-group is-content-justification-left is-nowrap is-layout-flex wp-container-core-group-is-layout-b058e576 wp-block-group-is-layout-flex\">\n<figure class=\"wp-block-image size-full\"><img decoding=\"async\" src=\"https:\/\/kredit.ch\/wp-content\/uploads\/2025\/12\/phone-lighter-icon.svg\" alt=\"\" class=\"wp-image-1037\"\/><\/figure>\n\n\n\n<p class=\"border-right\" style=\"padding-right:var(--wp--preset--spacing--40)\"><strong><a href=\"tel:044 404 75 70\">044 404 75 70<\/a> <\/strong><br><strong>Appelez et faites une demande de pr\u00eat<\/strong><\/p>\n<\/div>\n\n\n\n<p>Une fois votre solvabilit\u00e9 v\u00e9rifi\u00e9e, vous recevrez vos documents contractuels par courrier. Il vous suffira de les signer et de nous les retourner.<\/p>\n\n\n\n<div class=\"wp-block-buttons is-layout-flex wp-block-buttons-is-layout-flex\">\n<div class=\"wp-block-button\"><a class=\"wp-block-button__link wp-element-button\" href=\"https:\/\/kredit.ch\/fr\/kredit-beantragen\/\">Demande de pr\u00eat<\/a><\/div>\n<\/div>\n<\/div>\n<\/div>\n\n\n\n<div class=\"wp-block-column has-border-color has-primary-light-border-color is-layout-flow wp-block-column-is-layout-flow\" style=\"border-width:1px\">\n<div class=\"wp-block-group has-secondary-light-background-color has-background is-layout-constrained wp-container-core-group-is-layout-f611be13 wp-block-group-is-layout-constrained\" style=\"padding-top:var(--wp--preset--spacing--50);padding-right:var(--wp--preset--spacing--50);padding-bottom:var(--wp--preset--spacing--50);padding-left:var(--wp--preset--spacing--50)\">\n<h6 class=\"wp-block-heading number has-medium-font-size\">03. <strong>Remboursement du pr\u00eat<\/strong><\/h6>\n<\/div>\n\n\n\n<div class=\"wp-block-group is-vertical is-nowrap is-layout-flex wp-container-core-group-is-layout-74765b67 wp-block-group-is-layout-flex\" style=\"padding-top:var(--wp--preset--spacing--50);padding-right:var(--wp--preset--spacing--50);padding-bottom:var(--wp--preset--spacing--50);padding-left:var(--wp--preset--spacing--50)\">\n<p><strong>Votre demande sera trait\u00e9e avec responsabilit\u00e9 et comp\u00e9tence.<\/strong><\/p>\n\n\n\n<p>Le pr\u00eat personnel sera d\u00e9bloqu\u00e9 apr\u00e8s l'expiration du d\u00e9lai l\u00e9gal. Le montant du pr\u00eat sera transf\u00e9r\u00e9 imm\u00e9diatement sur votre compte.<\/p>\n\n\n\n<div class=\"wp-block-buttons is-layout-flex wp-block-buttons-is-layout-flex\">\n<div class=\"wp-block-button\"><a class=\"wp-block-button__link wp-element-button\" href=\"https:\/\/kredit.ch\/fr\/haeufig-gestellte-kreditfragen\/\">Autres questions<\/a><\/div>\n<\/div>\n<\/div>\n<\/div>\n<\/div>\n<\/div>\n\n\n\n<div style=\"height:40px\" aria-hidden=\"true\" class=\"wp-block-spacer\"><\/div>\n\n\n\n<div class=\"wp-block-columns is-layout-flex wp-container-core-columns-is-layout-47c06fe3 wp-block-columns-is-layout-flex\">\n<div class=\"wp-block-column is-layout-flow wp-block-column-is-layout-flow\" style=\"flex-basis:66.66%\">\n<div class=\"wp-block-group gray-box has-secondary-light-background-color has-background is-content-justification-left is-layout-constrained wp-container-core-group-is-layout-12dd3699 wp-block-group-is-layout-constrained\">\n<h4 class=\"wp-block-heading\">Demande de pr\u00eat sans engagement, discr\u00e8te et gratuite !<\/h4>\n\n\n\n<hr class=\"wp-block-separator has-alpha-channel-opacity\"\/>\n\n\n\n<p style=\"padding-top:var(--wp--preset--spacing--50);padding-right:0;padding-bottom:var(--wp--preset--spacing--50)\">Notre plateforme en ligne est con\u00e7ue pour \u00eatre particuli\u00e8rement s\u00e9curis\u00e9e et conviviale, afin que vous<br>vous pouvez soumettre votre demande de pr\u00eat en ligne en quelques \u00e9tapes seulement, tout en prot\u00e9geant vos donn\u00e9es sensibles.<\/p>\n\n\n\n<div class=\"wp-block-buttons is-layout-flex wp-block-buttons-is-layout-flex\">\n<div class=\"wp-block-button\"><a class=\"wp-block-button__link wp-element-button\" href=\"https:\/\/kredit.ch\/fr\/kredit-beantragen\/\">Faites une demande de pr\u00eat d\u00e8s maintenant<\/a><\/div>\n<\/div>\n\n\n\n<figure class=\"wp-block-image size-full is-resized mockup\"><img loading=\"lazy\" decoding=\"async\" width=\"624\" height=\"934\" src=\"https:\/\/kredit.ch\/wp-content\/uploads\/2025\/12\/mockup.png-22-10-24-651.png\" alt=\"\" class=\"wp-image-1004\" style=\"object-fit:cover;width:312px;height:467px\" srcset=\"https:\/\/kredit.ch\/wp-content\/uploads\/2025\/12\/mockup.png-22-10-24-651.png 624w, https:\/\/kredit.ch\/wp-content\/uploads\/2025\/12\/mockup.png-22-10-24-651-200x300.png 200w, https:\/\/kredit.ch\/wp-content\/uploads\/2025\/12\/mockup.png-22-10-24-651-8x12.png 8w\" sizes=\"auto, (max-width: 624px) 100vw, 624px\" \/><\/figure>\n<\/div>\n<\/div>\n\n\n\n<div class=\"wp-block-column is-layout-flow wp-block-column-is-layout-flow\" style=\"padding-top:0;padding-right:0;padding-bottom:0;padding-left:0;flex-basis:33.33%\">\n<div class=\"wp-block-group has-gradient-2-gradient-background has-background is-layout-constrained wp-container-core-group-is-layout-db32e940 wp-block-group-is-layout-constrained\" style=\"padding-top:var(--wp--preset--spacing--60);padding-right:var(--wp--preset--spacing--60);padding-bottom:var(--wp--preset--spacing--60);padding-left:var(--wp--preset--spacing--60)\">\n<h4 class=\"wp-block-heading has-text-align-center has-light-color has-text-color has-link-color wp-elements-73cdc8cf6a9f7a7b0c32b69926a781ea\">Conseils gratuits en mati\u00e8re de pr\u00eats<\/h4>\n\n\n\n<p class=\"has-text-align-center has-light-color has-text-color has-link-color wp-elements-0b0c372aff6be425a596a569e3270890\">Avec nous, vous recevrez un gratuit<\/p>\n\n\n\n<p class=\"has-text-align-center has-light-color has-text-color has-link-color wp-elements-126e59ece960d143c68550bd5a43a396\"><strong>Conseils en mati\u00e8re de cr\u00e9dit dans 10 langues diff\u00e9rentes<\/strong><\/p>\n\n\n\n<figure class=\"wp-block-image size-full\" style=\"margin-top:var(--wp--preset--spacing--50)\"><img loading=\"lazy\" decoding=\"async\" width=\"826\" height=\"580\" src=\"https:\/\/kredit.ch\/wp-content\/themes\/kredit\/img\/cta-image.png\" alt=\"\" class=\"wp-image-745\"\/><\/figure>\n\n\n\n<div class=\"wp-block-buttons is-content-justification-center is-layout-flex wp-container-core-buttons-is-layout-222c5d1d wp-block-buttons-is-layout-flex\" style=\"margin-bottom:var(--wp--preset--spacing--50)\">\n<div class=\"wp-block-button\"><a class=\"wp-block-button__link wp-element-button\" href=\"tel:044 404 75 70\">044 404 75 70<\/a><\/div>\n<\/div>\n<\/div>\n<\/div>\n<\/div>\n\n\n\n<div style=\"height:40px\" aria-hidden=\"true\" class=\"wp-block-spacer\"><\/div>\n<\/div>","protected":false},"excerpt":{"rendered":"<p>Nur drei Schritten zu Ihrem Kredit: Damit Sie bei Ihrem Kredit auch f\u00fcr den Fall einer Erwerbslosigkeit vorbereitet sind, empfehlen wir Ihnen die Raten gegen Arbeitslosigkeit, Arbeitsunf\u00e4higkeit und Erwerbsunf\u00e4higkeit abzusichern. So k\u00f6nnen Sie Ihr neues Wohnungsinterieur, das Auto oder Ihre Ferien unbeschwert geniessen. 01. Informieren und rechnen Informieren Sie sich mit wenigen Klicks \u00fcber die [&hellip;]<\/p>\n","protected":false},"author":1,"featured_media":0,"parent":0,"menu_order":0,"comment_status":"closed","ping_status":"closed","template":"page-no-title-full-width","meta":{"footnotes":""},"class_list":["post-1011","page","type-page","status-publish","hentry"],"yoast_head":"<!-- This site is optimized with the Yoast SEO plugin v27.5 - https:\/\/yoast.com\/product\/yoast-seo-wordpress\/ -->\n<title>So einfach funktioniert&#039;s - Kredit ab 4.9% beantragen<\/title>\n<meta name=\"robots\" content=\"index, follow, max-snippet:-1, max-image-preview:large, max-video-preview:-1\" \/>\n<link rel=\"canonical\" href=\"https:\/\/kredit.ch\/fr\/so-einfach-funktionierts\/\" \/>\n<meta property=\"og:locale\" content=\"fr_FR\" \/>\n<meta property=\"og:type\" content=\"article\" \/>\n<meta property=\"og:title\" content=\"So einfach funktioniert&#039;s - Kredit ab 4.9% beantragen\" \/>\n<meta property=\"og:description\" content=\"Nur drei Schritten zu Ihrem Kredit: Damit Sie bei Ihrem Kredit auch f\u00fcr den Fall einer Erwerbslosigkeit vorbereitet sind, empfehlen wir Ihnen die Raten gegen Arbeitslosigkeit, Arbeitsunf\u00e4higkeit und Erwerbsunf\u00e4higkeit abzusichern. So k\u00f6nnen Sie Ihr neues Wohnungsinterieur, das Auto oder Ihre Ferien unbeschwert geniessen. 01. Informieren und rechnen Informieren Sie sich mit wenigen Klicks \u00fcber die [&hellip;]\" \/>\n<meta property=\"og:url\" content=\"https:\/\/kredit.ch\/fr\/so-einfach-funktionierts\/\" \/>\n<meta property=\"og:site_name\" content=\"Kredit ab 4.9% beantragen\" \/>\n<meta property=\"article:publisher\" content=\"https:\/\/www.facebook.com\/easycreditag\/\" \/>\n<meta property=\"article:modified_time\" content=\"2026-01-24T13:17:44+00:00\" \/>\n<meta name=\"twitter:card\" content=\"summary_large_image\" \/>\n<meta name=\"twitter:label1\" content=\"Dur\u00e9e de lecture estim\u00e9e\" \/>\n\t<meta name=\"twitter:data1\" content=\"4 minutes\" \/>\n<script type=\"application\/ld+json\" class=\"yoast-schema-graph\">{\"@context\":\"https:\\\/\\\/schema.org\",\"@graph\":[{\"@type\":\"WebPage\",\"@id\":\"https:\\\/\\\/kredit.ch\\\/so-einfach-funktionierts\\\/\",\"url\":\"https:\\\/\\\/kredit.ch\\\/so-einfach-funktionierts\\\/\",\"name\":\"So einfach funktioniert's - Kredit ab 4.9% beantragen\",\"isPartOf\":{\"@id\":\"https:\\\/\\\/kredit.ch\\\/#website\"},\"primaryImageOfPage\":{\"@id\":\"https:\\\/\\\/kredit.ch\\\/so-einfach-funktionierts\\\/#primaryimage\"},\"image\":{\"@id\":\"https:\\\/\\\/kredit.ch\\\/so-einfach-funktionierts\\\/#primaryimage\"},\"thumbnailUrl\":\"https:\\\/\\\/kredit.ch\\\/wp-content\\\/uploads\\\/2025\\\/12\\\/phone-lighter-icon.svg\",\"datePublished\":\"2025-12-29T21:33:22+00:00\",\"dateModified\":\"2026-01-24T13:17:44+00:00\",\"breadcrumb\":{\"@id\":\"https:\\\/\\\/kredit.ch\\\/so-einfach-funktionierts\\\/#breadcrumb\"},\"inLanguage\":\"fr-FR\",\"potentialAction\":[{\"@type\":\"ReadAction\",\"target\":[\"https:\\\/\\\/kredit.ch\\\/so-einfach-funktionierts\\\/\"]}]},{\"@type\":\"ImageObject\",\"inLanguage\":\"fr-FR\",\"@id\":\"https:\\\/\\\/kredit.ch\\\/so-einfach-funktionierts\\\/#primaryimage\",\"url\":\"https:\\\/\\\/kredit.ch\\\/wp-content\\\/uploads\\\/2025\\\/12\\\/phone-lighter-icon.svg\",\"contentUrl\":\"https:\\\/\\\/kredit.ch\\\/wp-content\\\/uploads\\\/2025\\\/12\\\/phone-lighter-icon.svg\"},{\"@type\":\"BreadcrumbList\",\"@id\":\"https:\\\/\\\/kredit.ch\\\/so-einfach-funktionierts\\\/#breadcrumb\",\"itemListElement\":[{\"@type\":\"ListItem\",\"position\":1,\"name\":\"Home\",\"item\":\"https:\\\/\\\/kredit.ch\\\/\"},{\"@type\":\"ListItem\",\"position\":2,\"name\":\"So einfach funktioniert&#8217;s\"}]},{\"@type\":\"WebSite\",\"@id\":\"https:\\\/\\\/kredit.ch\\\/#website\",\"url\":\"https:\\\/\\\/kredit.ch\\\/\",\"name\":\"easycredit\",\"description\":\"Seit 15 Jahren Kreditpartner in Schweiz\",\"publisher\":{\"@id\":\"https:\\\/\\\/kredit.ch\\\/#organization\"},\"potentialAction\":[{\"@type\":\"SearchAction\",\"target\":{\"@type\":\"EntryPoint\",\"urlTemplate\":\"https:\\\/\\\/kredit.ch\\\/?s={search_term_string}\"},\"query-input\":{\"@type\":\"PropertyValueSpecification\",\"valueRequired\":true,\"valueName\":\"search_term_string\"}}],\"inLanguage\":\"fr-FR\"},{\"@type\":\"Organization\",\"@id\":\"https:\\\/\\\/kredit.ch\\\/#organization\",\"name\":\"easycredit\",\"url\":\"https:\\\/\\\/kredit.ch\\\/\",\"logo\":{\"@type\":\"ImageObject\",\"inLanguage\":\"fr-FR\",\"@id\":\"https:\\\/\\\/kredit.ch\\\/#\\\/schema\\\/logo\\\/image\\\/\",\"url\":\"https:\\\/\\\/kredit.ch\\\/wp-content\\\/uploads\\\/2025\\\/11\\\/logo.svg\",\"contentUrl\":\"https:\\\/\\\/kredit.ch\\\/wp-content\\\/uploads\\\/2025\\\/11\\\/logo.svg\",\"caption\":\"easycredit\"},\"image\":{\"@id\":\"https:\\\/\\\/kredit.ch\\\/#\\\/schema\\\/logo\\\/image\\\/\"},\"sameAs\":[\"https:\\\/\\\/www.facebook.com\\\/easycreditag\\\/\"]}]}<\/script>\n<!-- \/ Yoast SEO plugin. -->","yoast_head_json":{"title":"So einfach funktioniert's - Kredit ab 4.9% beantragen","robots":{"index":"index","follow":"follow","max-snippet":"max-snippet:-1","max-image-preview":"max-image-preview:large","max-video-preview":"max-video-preview:-1"},"canonical":"https:\/\/kredit.ch\/fr\/so-einfach-funktionierts\/","og_locale":"fr_FR","og_type":"article","og_title":"So einfach funktioniert's - Kredit ab 4.9% beantragen","og_description":"Nur drei Schritten zu Ihrem Kredit: Damit Sie bei Ihrem Kredit auch f\u00fcr den Fall einer Erwerbslosigkeit vorbereitet sind, empfehlen wir Ihnen die Raten gegen Arbeitslosigkeit, Arbeitsunf\u00e4higkeit und Erwerbsunf\u00e4higkeit abzusichern. So k\u00f6nnen Sie Ihr neues Wohnungsinterieur, das Auto oder Ihre Ferien unbeschwert geniessen. 01. Informieren und rechnen Informieren Sie sich mit wenigen Klicks \u00fcber die [&hellip;]","og_url":"https:\/\/kredit.ch\/fr\/so-einfach-funktionierts\/","og_site_name":"Kredit ab 4.9% beantragen","article_publisher":"https:\/\/www.facebook.com\/easycreditag\/","article_modified_time":"2026-01-24T13:17:44+00:00","twitter_card":"summary_large_image","twitter_misc":{"Dur\u00e9e de lecture estim\u00e9e":"4 minutes"},"schema":{"@context":"https:\/\/schema.org","@graph":[{"@type":"WebPage","@id":"https:\/\/kredit.ch\/so-einfach-funktionierts\/","url":"https:\/\/kredit.ch\/so-einfach-funktionierts\/","name":"So einfach funktioniert's - Kredit ab 4.9% beantragen","isPartOf":{"@id":"https:\/\/kredit.ch\/#website"},"primaryImageOfPage":{"@id":"https:\/\/kredit.ch\/so-einfach-funktionierts\/#primaryimage"},"image":{"@id":"https:\/\/kredit.ch\/so-einfach-funktionierts\/#primaryimage"},"thumbnailUrl":"https:\/\/kredit.ch\/wp-content\/uploads\/2025\/12\/phone-lighter-icon.svg","datePublished":"2025-12-29T21:33:22+00:00","dateModified":"2026-01-24T13:17:44+00:00","breadcrumb":{"@id":"https:\/\/kredit.ch\/so-einfach-funktionierts\/#breadcrumb"},"inLanguage":"fr-FR","potentialAction":[{"@type":"ReadAction","target":["https:\/\/kredit.ch\/so-einfach-funktionierts\/"]}]},{"@type":"ImageObject","inLanguage":"fr-FR","@id":"https:\/\/kredit.ch\/so-einfach-funktionierts\/#primaryimage","url":"https:\/\/kredit.ch\/wp-content\/uploads\/2025\/12\/phone-lighter-icon.svg","contentUrl":"https:\/\/kredit.ch\/wp-content\/uploads\/2025\/12\/phone-lighter-icon.svg"},{"@type":"BreadcrumbList","@id":"https:\/\/kredit.ch\/so-einfach-funktionierts\/#breadcrumb","itemListElement":[{"@type":"ListItem","position":1,"name":"Home","item":"https:\/\/kredit.ch\/"},{"@type":"ListItem","position":2,"name":"So einfach funktioniert&#8217;s"}]},{"@type":"WebSite","@id":"https:\/\/kredit.ch\/#website","url":"https:\/\/kredit.ch\/","name":"easycredit","description":"Seit 15 Jahren Kreditpartner in Schweiz","publisher":{"@id":"https:\/\/kredit.ch\/#organization"},"potentialAction":[{"@type":"SearchAction","target":{"@type":"EntryPoint","urlTemplate":"https:\/\/kredit.ch\/?s={search_term_string}"},"query-input":{"@type":"PropertyValueSpecification","valueRequired":true,"valueName":"search_term_string"}}],"inLanguage":"fr-FR"},{"@type":"Organization","@id":"https:\/\/kredit.ch\/#organization","name":"easycredit","url":"https:\/\/kredit.ch\/","logo":{"@type":"ImageObject","inLanguage":"fr-FR","@id":"https:\/\/kredit.ch\/#\/schema\/logo\/image\/","url":"https:\/\/kredit.ch\/wp-content\/uploads\/2025\/11\/logo.svg","contentUrl":"https:\/\/kredit.ch\/wp-content\/uploads\/2025\/11\/logo.svg","caption":"easycredit"},"image":{"@id":"https:\/\/kredit.ch\/#\/schema\/logo\/image\/"},"sameAs":["https:\/\/www.facebook.com\/easycreditag\/"]}]}},"_links":{"self":[{"href":"https:\/\/kredit.ch\/fr\/wp-json\/wp\/v2\/pages\/1011","targetHints":{"allow":["GET"]}}],"collection":[{"href":"https:\/\/kredit.ch\/fr\/wp-json\/wp\/v2\/pages"}],"about":[{"href":"https:\/\/kredit.ch\/fr\/wp-json\/wp\/v2\/types\/page"}],"author":[{"embeddable":true,"href":"https:\/\/kredit.ch\/fr\/wp-json\/wp\/v2\/users\/1"}],"replies":[{"embeddable":true,"href":"https:\/\/kredit.ch\/fr\/wp-json\/wp\/v2\/comments?post=1011"}],"version-history":[{"count":37,"href":"https:\/\/kredit.ch\/fr\/wp-json\/wp\/v2\/pages\/1011\/revisions"}],"predecessor-version":[{"id":1346,"href":"https:\/\/kredit.ch\/fr\/wp-json\/wp\/v2\/pages\/1011\/revisions\/1346"}],"wp:attachment":[{"href":"https:\/\/kredit.ch\/fr\/wp-json\/wp\/v2\/media?parent=1011"}],"curies":[{"name":"wp","href":"https:\/\/api.w.org\/{rel}","templated":true}]}}