{"id":591,"date":"2025-08-24T15:05:33","date_gmt":"2025-08-24T15:05:33","guid":{"rendered":"http:\/\/localhost:3010\/?page_id=591"},"modified":"2026-01-14T11:29:35","modified_gmt":"2026-01-14T11:29:35","slug":"kreditantrag-lang","status":"publish","type":"page","link":"https:\/\/kredit.ch\/en\/kreditantrag-lang\/","title":{"rendered":"Long Application"},"content":{"rendered":"<div class=\"wp-block-group has-light-background-background-color has-background is-content-justification-center is-layout-constrained wp-block-group-is-layout-constrained\" style=\"padding-bottom:var(--wp--preset--spacing--70)\">\n<div class=\"wp-block-group is-layout-constrained wp-block-group-is-layout-constrained\" style=\"padding-top:var(--wp--preset--spacing--60);padding-bottom:var(--wp--preset--spacing--60)\">\n<h1 class=\"wp-block-heading has-text-align-center has-large-font-size\">Loan calculator<\/h1>\n\n\n\n<hr class=\"wp-block-separator has-alpha-channel-opacity\"\/>\n<\/div>\n\n\n\n<div class=\"wp-block-group is-layout-constrained wp-block-group-is-layout-constrained\"><div class=\"wide-calculator\"><form action=\"\/en\/antrag-lang\/?betrag=10000&#038;laufzeit_monate=36\" id=\"creditForm\" class=\"calculator-form\" data-trp-original-action=\"\/en\/antrag-lang?betrag=10000&laufzeit_monate=36\">\n\t\t<input type=\"hidden\" value=\"classic\" name=\"type\" \/>\n\t\t<h3 class=\"calculator-title\">Calculate a loan<\/h3>\n  <div class=\"claculator-wrapper\">\n    <div class=\"form-group\">\n      <div class=\"flex\">\n        <label for=\"amount_input\">Loan amount (CHF)<\/label>\n        <input type=\"text\" class=\"form-control\" id=\"amount_input\" placeholder=\"10'000.00\" \/>\n      <\/div>\n      <input type=\"range\" min=\"1000\" max=\"250000\" step=\"1000\" value=\"10000\" class=\"custom-range\" id=\"amount_slider\" name=\"betrag\" \/>\n      <div class=\"flex small\">\n        <span><span>1'000<\/span> <em>CHF<\/em><\/span>\n        <span><span class=\"max\">250'000<\/span> <em>CHF<\/em><\/span>\n      <\/div>\n    <\/div>\n    <div class=\"form-group\">\n      <div class=\"flex\">\n        <label for=\"duration_input\">Duration (Months)<\/label>\n        <input type=\"text\" class=\"form-control\" id=\"duration_input\" placeholder=\"36\" \/>\n      <\/div>\n      <input type=\"range\" min=\"6\" max=\"120\" step=\"6\" value=\"36\" class=\"custom-range\" id=\"duration_slider\" name=\"laufzeit_monate\" \/>\n      <div class=\"flex small\">\n        <span><span>6<\/span> <em>Monate<\/em><\/span>\n        <span><span class=\"max\">120<\/span> <em>Monate<\/em><\/span>\n      <\/div>\n    <\/div>\n    <div class=\"credit-protection\">\n      <label class=\"flex\"><span class=\"strong\">Credit protection<\/span> <span class=\"tooltip tooltip-info\">\n\t\t\t\t\t\t\t\t\t\t<span>In this way you also secure your installment payments in the event of disability as well as through no fault of unemployment. Credit protection is optional.<\/span>\n        <\/span>\n      <\/label>\n      <div class=\"flex\">\n        <label class=\"form-check-label\" for=\"Ja\">\n          <input class=\"form-check-input check-input-custom\" type=\"radio\" name=\"ratenabsicherung\" id=\"Ja\" value=\"YES\" checked \/>\n          <span>Yes<\/span>\n        <\/label>\n        <label class=\"form-check-label\" for=\"Nein\">\n          <input class=\"form-check-input check-input-custom left\" type=\"radio\" name=\"ratenabsicherung\" id=\"Nein\" value=\"NO\" \/>\n          <span>No<\/span>\n        <\/label>\n      <\/div>\n    <\/div>\n  <\/div>\n  <div class=\"easycredit-numbers\">\n    <div class=\"inner-numbers\">\n      <strong>Monthly rate (CHF)<\/strong>\n      <div class=\"flex\">\n\t\t\t\t\t\t\t\t<div class=\"col\">\n          <div class=\"narrow-flex\">\n            <label class=\"small strong\"><em>Effective interest per year<\/em> from <span id=\"interest_low\">4.9<\/span>%<\/label>\n          <\/div>\n\t\t\t\t\t\t\t\t\t\t<label class=\"big\" id=\"amount_output\">313.70<\/label>\n\t\t\t\t\t\t\t\t\t\t<span class=\"small-label\">Thereof credit protection in (CHF) <label id=\"interest_low_ppi\">14.92<\/label> <em>CHF<\/em><\/span>\n        <\/div>\n        <div class=\"col\">\n          <div class=\"narrow-flex\">\n            <label class=\"small strong\"><em>Effective interest per year<\/em> to <span id=\"interest_high\">9.95<\/span>%<\/label>\n\t\t\t\t\t     <\/div>\n          <label class=\"big\" id=\"duration_output\">347.10<\/label>\n\t\t\t\t\t\t\t\t\t\t<span class=\"small-label\">Thereof credit protection in (CHF) <label id=\"interest_high_ppi\">18.09<\/label> <em>CHF<\/em><\/span>\n        <\/div>\n\t\t\t\t\t\t<\/div>\n      <div class=\"bottom-wrapper\">\n\t\t\t\t\t\t\t\t<div class=\"full-width\">Your total interest costs range between CHF <span id=\"interest_low_output\">793.70<\/span> (4.9 % effective) and CHF <span id=\"interest_high_output\">1'617.90<\/span> (9.95% effective), depending on creditworthiness.<\/div>\n\t\t\t\t\t\t\t\t<div class=\"button-wrapper\">\n\t\t\t\t\t\t\t\t\t\t<a href=\"\/en\/antrag-lang\/?betrag=10000&laufzeit_monate=36\" id=\"credit-form-submit-long\" class=\"button button-primary\">Apply for a loan<\/a>\n\t\t\t\t\t\t\t\t<\/div>\n\t\t   \t<\/div>\n    <\/div>\n  <\/div>\n<input type=\"hidden\" name=\"trp-form-language\" value=\"en\"\/><\/form>\n<\/div>\n<\/div>\n<\/div>\n\n\n\n<div class=\"wp-block-group is-layout-constrained wp-block-group-is-layout-constrained\">\n<div style=\"height:40px\" aria-hidden=\"true\" class=\"wp-block-spacer\"><\/div>\n\n\n\n<h3 class=\"wp-block-heading has-text-align-center has-large-font-size\" style=\"padding-bottom:var(--wp--preset--spacing--50)\">Loan calculator<\/h3>\n\n\n\n<div class=\"wp-block-group is-layout-flow wp-block-group-is-layout-flow\">\n<p class=\"has-text-align-left\">The loan calculator helps you quickly and easily get an overview of interest rates, loan terms, and the entire financing. If you want to take out a loan, you should conduct thorough preliminary research and compare loan offers.<\/p>\n\n\n\n<div style=\"height:20px\" aria-hidden=\"true\" class=\"wp-block-spacer\"><\/div>\n\n\n\n<p class=\"has-text-align-left\">A loan comprises various components that vary depending on the offer and must be taken into account. Regardless of the type of loan, these components include the loan amount, the interest rate, the loan term, and the monthly payment.<br>The loan calculator allows you to display the monthly payments after entering these figures. Changing the loan term will also show you the change in the monthly payments.<\/p>\n\n\n\n<div class=\"wp-block-group is-layout-constrained wp-block-group-is-layout-constrained\" style=\"padding-top:var(--wp--preset--spacing--60);padding-bottom:var(--wp--preset--spacing--60)\">\n<h5 class=\"wp-block-heading has-text-align-left\" style=\"font-style:normal;font-weight:500\">Loan comparison<\/h5>\n\n\n\n<p>The loan calculator from kredit.ch compares different loan terms and offers. It doesn't matter whether you're looking for a small loan, an online loan, or a car loan. Kredit.ch partners with reputable Swiss banks and provides expert advice on your desired financing.<\/p>\n<\/div>\n<\/div>\n\n\n\n<div class=\"wp-block-columns is-layout-flex wp-container-core-columns-is-layout-e0fb3f8c wp-block-columns-is-layout-flex\" style=\"margin-top:var(--wp--preset--spacing--50);margin-bottom:var(--wp--preset--spacing--50)\">\n<div class=\"wp-block-column is-layout-flow wp-block-column-is-layout-flow\">\n<div class=\"wp-block-group is-layout-constrained wp-block-group-is-layout-constrained\">\n<p class=\"gray-link\"><a href=\"#\"><img decoding=\"async\" class=\"wp-image-777\" style=\"width: NaNpx;\" src=\"https:\/\/kredit.ch\/wp-content\/uploads\/2025\/11\/kredit-icon-1.svg\" alt=\"\"><strong>Personal loan<\/strong><img decoding=\"async\" class=\"wp-image-778\" style=\"width: NaNpx;\" src=\"https:\/\/kredit.ch\/wp-content\/uploads\/2025\/11\/arrow-link.svg\" alt=\"\"><\/a><\/p>\n<\/div>\n<\/div>\n\n\n\n<div class=\"wp-block-column is-layout-flow wp-block-column-is-layout-flow\">\n<div class=\"wp-block-group is-layout-constrained wp-block-group-is-layout-constrained\">\n<div class=\"wp-block-group is-layout-constrained wp-block-group-is-layout-constrained\">\n<p class=\"gray-link\"><a href=\"#\"><img decoding=\"async\" class=\"wp-image-783\" style=\"width: NaNpx;\" src=\"https:\/\/kredit.ch\/wp-content\/uploads\/2025\/11\/kredit-icon-2.svg\" alt=\"\"><strong>Small loan<\/strong><img decoding=\"async\" class=\"wp-image-778\" style=\"width: NaNpx;\" src=\"https:\/\/kredit.ch\/wp-content\/themes\/kredit\/img\/arrow-link.svg\" alt=\"\"><\/a><\/p>\n<\/div>\n<\/div>\n<\/div>\n\n\n\n<div class=\"wp-block-column is-layout-flow wp-block-column-is-layout-flow\">\n<div class=\"wp-block-group is-layout-constrained wp-block-group-is-layout-constrained\">\n<p class=\"gray-link\"><a href=\"#\"><img decoding=\"async\" class=\"wp-image-787\" style=\"width: NaNpx;\" src=\"https:\/\/kredit.ch\/wp-content\/uploads\/2025\/11\/kredit-icon-3.svg\" alt=\"\"><strong>Consumer loan<\/strong><img decoding=\"async\" class=\"wp-image-778\" style=\"width: NaNpx;\" src=\"https:\/\/kredit.ch\/wp-content\/themes\/kredit\/img\/arrow-link.svg\" alt=\"\"><\/a><\/p>\n<\/div>\n<\/div>\n<\/div>\n\n\n\n<div class=\"wp-block-columns is-layout-flex wp-container-core-columns-is-layout-e0fb3f8c wp-block-columns-is-layout-flex\" style=\"margin-top:var(--wp--preset--spacing--50);margin-bottom:var(--wp--preset--spacing--50)\">\n<div class=\"wp-block-column is-layout-flow wp-block-column-is-layout-flow\">\n<div class=\"wp-block-group is-layout-constrained wp-block-group-is-layout-constrained\">\n<p class=\"gray-link\"><a href=\"https:\/\/kredit.ch\/en\/modernisierungskredit\/\"><img decoding=\"async\" class=\"wp-image-788\" style=\"width: NaNpx;\" src=\"https:\/\/kredit.ch\/wp-content\/uploads\/2025\/11\/kredit-icon-4.svg\" alt=\"\"><strong>Modernization loan<\/strong><img decoding=\"async\" class=\"wp-image-778\" style=\"width: NaNpx;\" src=\"https:\/\/kredit.ch\/wp-content\/uploads\/2025\/11\/arrow-link.svg\" alt=\"\"><\/a><\/p>\n<\/div>\n<\/div>\n\n\n\n<div class=\"wp-block-column is-layout-flow wp-block-column-is-layout-flow\">\n<div class=\"wp-block-group is-layout-constrained wp-block-group-is-layout-constrained\">\n<p class=\"gray-link\"><a href=\"https:\/\/kredit.ch\/en\/autokredit\/\"><img decoding=\"async\" class=\"wp-image-790\" style=\"width: NaNpx;\" src=\"https:\/\/kredit.ch\/wp-content\/uploads\/2025\/11\/kredit-icon-5.svg\" alt=\"\"><strong>Car loan<\/strong><img decoding=\"async\" class=\"wp-image-778\" style=\"width: NaNpx;\" src=\"https:\/\/kredit.ch\/wp-content\/themes\/kredit\/img\/arrow-link.svg\" alt=\"\"><\/a><\/p>\n<\/div>\n<\/div>\n\n\n\n<div class=\"wp-block-column is-layout-flow wp-block-column-is-layout-flow\">\n<div class=\"wp-block-group is-layout-constrained wp-block-group-is-layout-constrained\">\n<p class=\"gray-link\"><a href=\"https:\/\/kredit.ch\/en\/onlinekredit\/\"><img decoding=\"async\" class=\"wp-image-792\" style=\"width: NaNpx;\" src=\"https:\/\/kredit.ch\/wp-content\/uploads\/2025\/11\/kredit-icon-6.svg\" alt=\"\"><strong>Online loan<\/strong><img decoding=\"async\" class=\"wp-image-778\" style=\"width: NaNpx;\" src=\"https:\/\/kredit.ch\/wp-content\/themes\/kredit\/img\/arrow-link.svg\" alt=\"\"><\/a><\/p>\n<\/div>\n<\/div>\n<\/div>\n\n\n\n<div style=\"height:40px\" aria-hidden=\"true\" class=\"wp-block-spacer\"><\/div>\n<\/div>","protected":false},"excerpt":{"rendered":"<p>Kreditrechner Kreditrechner Der Kreditrechner hilft, schnell und unverbindlich einen \u00dcberblick \u00fcber Zinsen, Laufzeit und die gesamte Finanzierung zu bekommen. M\u00f6chte man einen Kredit aufnehmen, sollte eine gr\u00fcndliche Vorabrecherche und ein Kreditvergleich gemacht werden. Ein Kredit enth\u00e4lt verschiedene Komponenten, welche je nach Angebot variieren und ber\u00fccksichtigt werden m\u00fcssen. Zu diesen Komponenten geh\u00f6ren unabh\u00e4ngig von der Kreditart [&hellip;]<\/p>\n","protected":false},"author":1,"featured_media":0,"parent":0,"menu_order":0,"comment_status":"closed","ping_status":"closed","template":"page-no-title-full-width","meta":{"footnotes":""},"class_list":["post-591","page","type-page","status-publish","hentry"],"yoast_head":"<!-- This site is optimized with the Yoast SEO plugin v27.5 - https:\/\/yoast.com\/product\/yoast-seo-wordpress\/ -->\n<title>Kreditantrag lang - Kredit ab 4.9% beantragen<\/title>\n<meta name=\"robots\" content=\"index, follow, max-snippet:-1, max-image-preview:large, max-video-preview:-1\" \/>\n<link rel=\"canonical\" href=\"https:\/\/kredit.ch\/en\/kreditantrag-lang\/\" \/>\n<meta property=\"og:locale\" content=\"en_US\" \/>\n<meta property=\"og:type\" content=\"article\" \/>\n<meta property=\"og:title\" content=\"Kreditantrag lang - Kredit ab 4.9% beantragen\" \/>\n<meta property=\"og:description\" content=\"Kreditrechner Kreditrechner Der Kreditrechner hilft, schnell und unverbindlich einen \u00dcberblick \u00fcber Zinsen, Laufzeit und die gesamte Finanzierung zu bekommen. M\u00f6chte man einen Kredit aufnehmen, sollte eine gr\u00fcndliche Vorabrecherche und ein Kreditvergleich gemacht werden. Ein Kredit enth\u00e4lt verschiedene Komponenten, welche je nach Angebot variieren und ber\u00fccksichtigt werden m\u00fcssen. Zu diesen Komponenten geh\u00f6ren unabh\u00e4ngig von der Kreditart [&hellip;]\" \/>\n<meta property=\"og:url\" content=\"https:\/\/kredit.ch\/en\/kreditantrag-lang\/\" \/>\n<meta property=\"og:site_name\" content=\"Kredit ab 4.9% beantragen\" \/>\n<meta property=\"article:publisher\" content=\"https:\/\/www.facebook.com\/easycreditag\/\" \/>\n<meta property=\"article:modified_time\" content=\"2026-01-14T11:29:35+00:00\" \/>\n<meta name=\"twitter:card\" content=\"summary_large_image\" \/>\n<meta name=\"twitter:label1\" content=\"Est. reading time\" \/>\n\t<meta name=\"twitter:data1\" content=\"4 minutes\" \/>\n<script type=\"application\/ld+json\" class=\"yoast-schema-graph\">{\"@context\":\"https:\\\/\\\/schema.org\",\"@graph\":[{\"@type\":\"WebPage\",\"@id\":\"https:\\\/\\\/kredit.ch\\\/kreditantrag-lang\\\/\",\"url\":\"https:\\\/\\\/kredit.ch\\\/kreditantrag-lang\\\/\",\"name\":\"Kreditantrag lang - Kredit ab 4.9% beantragen\",\"isPartOf\":{\"@id\":\"https:\\\/\\\/kredit.ch\\\/#website\"},\"primaryImageOfPage\":{\"@id\":\"https:\\\/\\\/kredit.ch\\\/kreditantrag-lang\\\/#primaryimage\"},\"image\":{\"@id\":\"https:\\\/\\\/kredit.ch\\\/kreditantrag-lang\\\/#primaryimage\"},\"thumbnailUrl\":\"https:\\\/\\\/kredit.ch\\\/wp-content\\\/uploads\\\/2025\\\/11\\\/kredit-icon-1.svg\",\"datePublished\":\"2025-08-24T15:05:33+00:00\",\"dateModified\":\"2026-01-14T11:29:35+00:00\",\"breadcrumb\":{\"@id\":\"https:\\\/\\\/kredit.ch\\\/kreditantrag-lang\\\/#breadcrumb\"},\"inLanguage\":\"en-US\",\"potentialAction\":[{\"@type\":\"ReadAction\",\"target\":[\"https:\\\/\\\/kredit.ch\\\/kreditantrag-lang\\\/\"]}]},{\"@type\":\"ImageObject\",\"inLanguage\":\"en-US\",\"@id\":\"https:\\\/\\\/kredit.ch\\\/kreditantrag-lang\\\/#primaryimage\",\"url\":\"https:\\\/\\\/kredit.ch\\\/wp-content\\\/uploads\\\/2025\\\/11\\\/kredit-icon-1.svg\",\"contentUrl\":\"https:\\\/\\\/kredit.ch\\\/wp-content\\\/uploads\\\/2025\\\/11\\\/kredit-icon-1.svg\"},{\"@type\":\"BreadcrumbList\",\"@id\":\"https:\\\/\\\/kredit.ch\\\/kreditantrag-lang\\\/#breadcrumb\",\"itemListElement\":[{\"@type\":\"ListItem\",\"position\":1,\"name\":\"Home\",\"item\":\"https:\\\/\\\/kredit.ch\\\/\"},{\"@type\":\"ListItem\",\"position\":2,\"name\":\"Kreditantrag lang\"}]},{\"@type\":\"WebSite\",\"@id\":\"https:\\\/\\\/kredit.ch\\\/#website\",\"url\":\"https:\\\/\\\/kredit.ch\\\/\",\"name\":\"easycredit\",\"description\":\"Seit 15 Jahren Kreditpartner in Schweiz\",\"publisher\":{\"@id\":\"https:\\\/\\\/kredit.ch\\\/#organization\"},\"potentialAction\":[{\"@type\":\"SearchAction\",\"target\":{\"@type\":\"EntryPoint\",\"urlTemplate\":\"https:\\\/\\\/kredit.ch\\\/?s={search_term_string}\"},\"query-input\":{\"@type\":\"PropertyValueSpecification\",\"valueRequired\":true,\"valueName\":\"search_term_string\"}}],\"inLanguage\":\"en-US\"},{\"@type\":\"Organization\",\"@id\":\"https:\\\/\\\/kredit.ch\\\/#organization\",\"name\":\"easycredit\",\"url\":\"https:\\\/\\\/kredit.ch\\\/\",\"logo\":{\"@type\":\"ImageObject\",\"inLanguage\":\"en-US\",\"@id\":\"https:\\\/\\\/kredit.ch\\\/#\\\/schema\\\/logo\\\/image\\\/\",\"url\":\"https:\\\/\\\/kredit.ch\\\/wp-content\\\/uploads\\\/2025\\\/11\\\/logo.svg\",\"contentUrl\":\"https:\\\/\\\/kredit.ch\\\/wp-content\\\/uploads\\\/2025\\\/11\\\/logo.svg\",\"caption\":\"easycredit\"},\"image\":{\"@id\":\"https:\\\/\\\/kredit.ch\\\/#\\\/schema\\\/logo\\\/image\\\/\"},\"sameAs\":[\"https:\\\/\\\/www.facebook.com\\\/easycreditag\\\/\"]}]}<\/script>\n<!-- \/ Yoast SEO plugin. -->","yoast_head_json":{"title":"Kreditantrag lang - Kredit ab 4.9% beantragen","robots":{"index":"index","follow":"follow","max-snippet":"max-snippet:-1","max-image-preview":"max-image-preview:large","max-video-preview":"max-video-preview:-1"},"canonical":"https:\/\/kredit.ch\/en\/kreditantrag-lang\/","og_locale":"en_US","og_type":"article","og_title":"Kreditantrag lang - Kredit ab 4.9% beantragen","og_description":"Kreditrechner Kreditrechner Der Kreditrechner hilft, schnell und unverbindlich einen \u00dcberblick \u00fcber Zinsen, Laufzeit und die gesamte Finanzierung zu bekommen. M\u00f6chte man einen Kredit aufnehmen, sollte eine gr\u00fcndliche Vorabrecherche und ein Kreditvergleich gemacht werden. Ein Kredit enth\u00e4lt verschiedene Komponenten, welche je nach Angebot variieren und ber\u00fccksichtigt werden m\u00fcssen. Zu diesen Komponenten geh\u00f6ren unabh\u00e4ngig von der Kreditart [&hellip;]","og_url":"https:\/\/kredit.ch\/en\/kreditantrag-lang\/","og_site_name":"Kredit ab 4.9% beantragen","article_publisher":"https:\/\/www.facebook.com\/easycreditag\/","article_modified_time":"2026-01-14T11:29:35+00:00","twitter_card":"summary_large_image","twitter_misc":{"Est. reading time":"4 minutes"},"schema":{"@context":"https:\/\/schema.org","@graph":[{"@type":"WebPage","@id":"https:\/\/kredit.ch\/kreditantrag-lang\/","url":"https:\/\/kredit.ch\/kreditantrag-lang\/","name":"Kreditantrag lang - Kredit ab 4.9% beantragen","isPartOf":{"@id":"https:\/\/kredit.ch\/#website"},"primaryImageOfPage":{"@id":"https:\/\/kredit.ch\/kreditantrag-lang\/#primaryimage"},"image":{"@id":"https:\/\/kredit.ch\/kreditantrag-lang\/#primaryimage"},"thumbnailUrl":"https:\/\/kredit.ch\/wp-content\/uploads\/2025\/11\/kredit-icon-1.svg","datePublished":"2025-08-24T15:05:33+00:00","dateModified":"2026-01-14T11:29:35+00:00","breadcrumb":{"@id":"https:\/\/kredit.ch\/kreditantrag-lang\/#breadcrumb"},"inLanguage":"en-US","potentialAction":[{"@type":"ReadAction","target":["https:\/\/kredit.ch\/kreditantrag-lang\/"]}]},{"@type":"ImageObject","inLanguage":"en-US","@id":"https:\/\/kredit.ch\/kreditantrag-lang\/#primaryimage","url":"https:\/\/kredit.ch\/wp-content\/uploads\/2025\/11\/kredit-icon-1.svg","contentUrl":"https:\/\/kredit.ch\/wp-content\/uploads\/2025\/11\/kredit-icon-1.svg"},{"@type":"BreadcrumbList","@id":"https:\/\/kredit.ch\/kreditantrag-lang\/#breadcrumb","itemListElement":[{"@type":"ListItem","position":1,"name":"Home","item":"https:\/\/kredit.ch\/"},{"@type":"ListItem","position":2,"name":"Kreditantrag lang"}]},{"@type":"WebSite","@id":"https:\/\/kredit.ch\/#website","url":"https:\/\/kredit.ch\/","name":"easycredit","description":"Seit 15 Jahren Kreditpartner in Schweiz","publisher":{"@id":"https:\/\/kredit.ch\/#organization"},"potentialAction":[{"@type":"SearchAction","target":{"@type":"EntryPoint","urlTemplate":"https:\/\/kredit.ch\/?s={search_term_string}"},"query-input":{"@type":"PropertyValueSpecification","valueRequired":true,"valueName":"search_term_string"}}],"inLanguage":"en-US"},{"@type":"Organization","@id":"https:\/\/kredit.ch\/#organization","name":"easycredit","url":"https:\/\/kredit.ch\/","logo":{"@type":"ImageObject","inLanguage":"en-US","@id":"https:\/\/kredit.ch\/#\/schema\/logo\/image\/","url":"https:\/\/kredit.ch\/wp-content\/uploads\/2025\/11\/logo.svg","contentUrl":"https:\/\/kredit.ch\/wp-content\/uploads\/2025\/11\/logo.svg","caption":"easycredit"},"image":{"@id":"https:\/\/kredit.ch\/#\/schema\/logo\/image\/"},"sameAs":["https:\/\/www.facebook.com\/easycreditag\/"]}]}},"_links":{"self":[{"href":"https:\/\/kredit.ch\/en\/wp-json\/wp\/v2\/pages\/591","targetHints":{"allow":["GET"]}}],"collection":[{"href":"https:\/\/kredit.ch\/en\/wp-json\/wp\/v2\/pages"}],"about":[{"href":"https:\/\/kredit.ch\/en\/wp-json\/wp\/v2\/types\/page"}],"author":[{"embeddable":true,"href":"https:\/\/kredit.ch\/en\/wp-json\/wp\/v2\/users\/1"}],"replies":[{"embeddable":true,"href":"https:\/\/kredit.ch\/en\/wp-json\/wp\/v2\/comments?post=591"}],"version-history":[{"count":12,"href":"https:\/\/kredit.ch\/en\/wp-json\/wp\/v2\/pages\/591\/revisions"}],"predecessor-version":[{"id":1160,"href":"https:\/\/kredit.ch\/en\/wp-json\/wp\/v2\/pages\/591\/revisions\/1160"}],"wp:attachment":[{"href":"https:\/\/kredit.ch\/en\/wp-json\/wp\/v2\/media?parent=591"}],"curies":[{"name":"wp","href":"https:\/\/api.w.org\/{rel}","templated":true}]}}