{"id":296,"date":"2024-06-27T23:04:51","date_gmt":"2024-06-27T23:04:51","guid":{"rendered":"https:\/\/apuwavab.myhostpoint.ch\/?page_id=296"},"modified":"2026-01-20T16:59:43","modified_gmt":"2026-01-20T16:59:43","slug":"benoetigte-unterlagen","status":"publish","type":"page","link":"https:\/\/kredit.ch\/en\/benoetigte-unterlagen\/","title":{"rendered":"Required documents"},"content":{"rendered":"<div class=\"wp-block-group has-light-background-background-color has-background is-layout-constrained wp-block-group-is-layout-constrained\">\n<div class=\"wp-block-group is-layout-constrained wp-block-group-is-layout-constrained\" style=\"padding-top:var(--wp--preset--spacing--60);padding-bottom:var(--wp--preset--spacing--60)\">\n<h1 class=\"wp-block-heading has-text-align-center has-large-font-size\">Required documents<\/h1>\n\n\n\n<hr class=\"wp-block-separator has-alpha-channel-opacity\"\/>\n\n\n\n<p class=\"has-text-align-center\" style=\"padding-top:var(--wp--preset--spacing--50)\">What do I need to apply for a loan? What documents do I need to send?<\/p>\n<\/div>\n<\/div>\n\n\n\n<div class=\"wp-block-group is-layout-constrained wp-block-group-is-layout-constrained\">\n<div style=\"height:40px\" aria-hidden=\"true\" class=\"wp-block-spacer\"><\/div>\n\n\n\n<h2 class=\"wp-block-heading has-text-align-left has-medium-font-size\">Documents required for a loan application<\/h2>\n\n\n\n<div class=\"wp-block-group is-layout-flow wp-block-group-is-layout-flow\">\n<p>The documents required depend on your personal credit details. The submission of certain documents and papers depends on your circumstances. The question \"What do I need for a loan?\" cannot be answered in a generalized way. Nevertheless, there are certain standards:<\/p>\n<\/div>\n\n\n\n<div style=\"height:40px\" aria-hidden=\"true\" class=\"wp-block-spacer\"><\/div>\n\n\n\n<div class=\"wp-block-group is-vertical is-content-justification-stretch is-layout-flex wp-container-core-group-is-layout-d2bb1a8d wp-block-group-is-layout-flex\">\n<div class=\"wp-block-group has-border-color has-primary-light-border-color wp-container-content-958eb9dc is-content-justification-left is-layout-constrained wp-container-core-group-is-layout-2b332e8c wp-block-group-is-layout-constrained\" style=\"padding-top:var(--wp--preset--spacing--50);padding-right:var(--wp--preset--spacing--50);padding-bottom:var(--wp--preset--spacing--50);padding-left:var(--wp--preset--spacing--50)\">\n<h6 class=\"wp-block-heading has-primary-color has-text-color has-link-color wp-elements-a05ac36325ac78fb18c2967e79fa1157\">Loans for single employed people:<\/h6>\n\n\n\n<div class=\"wp-block-group count-stacks smaller check-list is-vertical is-nowrap is-layout-flex wp-container-core-group-is-layout-0f7412a1 wp-block-group-is-layout-flex\">\n<div class=\"wp-block-group is-vertical is-layout-flex wp-container-core-group-is-layout-355c4241 wp-block-group-is-layout-flex\">\n<p>Copy of a valid Swiss passport \/ ID card or foreigner's permit (both sides).<\/p>\n<\/div>\n\n\n\n<div class=\"wp-block-group is-vertical is-layout-flex wp-container-core-group-is-layout-355c4241 wp-block-group-is-layout-flex\">\n<p>Copy of the last 3 payslips.<\/p>\n<\/div>\n<\/div>\n\n\n\n<hr class=\"wp-block-separator has-alpha-channel-opacity\" style=\"margin-top:var(--wp--preset--spacing--40);margin-bottom:var(--wp--preset--spacing--40)\"\/>\n\n\n\n<p class=\"has-small-font-size\">Format: PDF (pdf), image files (jpg, png, gif), Excel (xls, xlsx), Word (doc, docx).<\/p>\n<\/div>\n\n\n\n<div class=\"wp-block-group has-border-color has-primary-light-border-color wp-container-content-958eb9dc is-content-justification-left is-layout-constrained wp-container-core-group-is-layout-2b332e8c wp-block-group-is-layout-constrained\" style=\"padding-top:var(--wp--preset--spacing--50);padding-right:var(--wp--preset--spacing--50);padding-bottom:var(--wp--preset--spacing--50);padding-left:var(--wp--preset--spacing--50)\">\n<h6 class=\"wp-block-heading has-primary-color has-text-color has-link-color wp-elements-c305f9e783874488df46c9c1df480224\">Loans for married working people:<\/h6>\n\n\n\n<div class=\"wp-block-group count-stacks smaller check-list is-vertical is-nowrap is-layout-flex wp-container-core-group-is-layout-0f7412a1 wp-block-group-is-layout-flex\">\n<div class=\"wp-block-group is-vertical is-layout-flex wp-container-core-group-is-layout-355c4241 wp-block-group-is-layout-flex\">\n<p>Copy of a valid Swiss passport \/ ID card or foreigner's permit (both sides) \u2013 from both spouses.<\/p>\n<\/div>\n\n\n\n<div class=\"wp-block-group is-vertical is-layout-flex wp-container-core-group-is-layout-355c4241 wp-block-group-is-layout-flex\">\n<p>Copy of the last 3 payslips (from both spouses, if employed).<\/p>\n<\/div>\n<\/div>\n\n\n\n<hr class=\"wp-block-separator has-alpha-channel-opacity\" style=\"margin-top:var(--wp--preset--spacing--40);margin-bottom:var(--wp--preset--spacing--40)\"\/>\n\n\n\n<p class=\"has-small-font-size\">Format: PDF (pdf), image files (jpg, png, gif), Excel (xls, xlsx), Word (doc, docx).<\/p>\n<\/div>\n\n\n\n<div class=\"wp-block-group has-border-color has-primary-light-border-color wp-container-content-958eb9dc is-content-justification-left is-layout-constrained wp-container-core-group-is-layout-2b332e8c wp-block-group-is-layout-constrained\" style=\"padding-top:var(--wp--preset--spacing--50);padding-right:var(--wp--preset--spacing--50);padding-bottom:var(--wp--preset--spacing--50);padding-left:var(--wp--preset--spacing--50)\">\n<h6 class=\"wp-block-heading has-primary-color has-text-color has-link-color wp-elements-36c2516db5a5d129ef570690f32470f9\">Loans for self-employed people:<\/h6>\n\n\n\n<div class=\"wp-block-group count-stacks smaller check-list is-vertical is-nowrap is-layout-flex wp-container-core-group-is-layout-0f7412a1 wp-block-group-is-layout-flex\">\n<div class=\"wp-block-group is-vertical is-layout-flex wp-container-core-group-is-layout-355c4241 wp-block-group-is-layout-flex\">\n<p>Copy of a valid Swiss passport \/ ID card or foreigner's permit (both sides).<\/p>\n<\/div>\n\n\n\n<div class=\"wp-block-group is-vertical is-layout-flex wp-container-core-group-is-layout-355c4241 wp-block-group-is-layout-flex\">\n<p>Copy of the last definitive tax bill or tax assessment.<\/p>\n<\/div>\n<\/div>\n\n\n\n<hr class=\"wp-block-separator has-alpha-channel-opacity\" style=\"margin-top:var(--wp--preset--spacing--40);margin-bottom:var(--wp--preset--spacing--40)\"\/>\n\n\n\n<p class=\"has-small-font-size\">Format: PDF (pdf), image files (jpg, png, gif), Excel (xls, xlsx), Word (doc, docx).<\/p>\n<\/div>\n\n\n\n<div class=\"wp-block-group has-border-color has-primary-light-border-color wp-container-content-958eb9dc is-content-justification-left is-layout-constrained wp-container-core-group-is-layout-2b332e8c wp-block-group-is-layout-constrained\" style=\"padding-top:var(--wp--preset--spacing--50);padding-right:var(--wp--preset--spacing--50);padding-bottom:var(--wp--preset--spacing--50);padding-left:var(--wp--preset--spacing--50)\">\n<h6 class=\"wp-block-heading has-primary-color has-text-color has-link-color wp-elements-32bfcc8271f5bf62b70f4b77cb30d8a7\">Loans for temporary workers:<\/h6>\n\n\n\n<div class=\"wp-block-group count-stacks smaller check-list is-vertical is-nowrap is-layout-flex wp-container-core-group-is-layout-0f7412a1 wp-block-group-is-layout-flex\">\n<div class=\"wp-block-group is-vertical is-layout-flex wp-container-core-group-is-layout-355c4241 wp-block-group-is-layout-flex\">\n<p>Copy of a valid Swiss passport \/ ID card or foreigner's permit (both sides).<\/p>\n<\/div>\n\n\n\n<div class=\"wp-block-group is-vertical is-layout-flex wp-container-core-group-is-layout-355c4241 wp-block-group-is-layout-flex\">\n<p>Copy of the last 6 months' payslips.<\/p>\n<\/div>\n<\/div>\n\n\n\n<hr class=\"wp-block-separator has-alpha-channel-opacity\" style=\"margin-top:var(--wp--preset--spacing--40);margin-bottom:var(--wp--preset--spacing--40)\"\/>\n\n\n\n<p class=\"has-small-font-size\">Format: PDF (pdf), image files (jpg, png, gif), Excel (xls, xlsx), Word (doc, docx).<\/p>\n<\/div>\n\n\n\n<div class=\"wp-block-group has-border-color has-primary-light-border-color wp-container-content-958eb9dc is-content-justification-left is-layout-constrained wp-container-core-group-is-layout-2b332e8c wp-block-group-is-layout-constrained\" style=\"padding-top:var(--wp--preset--spacing--50);padding-right:var(--wp--preset--spacing--50);padding-bottom:var(--wp--preset--spacing--50);padding-left:var(--wp--preset--spacing--50)\">\n<h6 class=\"wp-block-heading has-primary-color has-text-color has-link-color wp-elements-350209db2aea7e86a5a1fb9ba1236069\">Loans for disability\/old-age pensioners:<\/h6>\n\n\n\n<div class=\"wp-block-group count-stacks smaller check-list is-vertical is-nowrap is-layout-flex wp-container-core-group-is-layout-0f7412a1 wp-block-group-is-layout-flex\">\n<div class=\"wp-block-group is-vertical is-layout-flex wp-container-core-group-is-layout-355c4241 wp-block-group-is-layout-flex\">\n<p>Copy of a valid Swiss passport \/ ID card or foreigner's permit (both sides).<\/p>\n<\/div>\n\n\n\n<div class=\"wp-block-group is-vertical is-layout-flex wp-container-core-group-is-layout-355c4241 wp-block-group-is-layout-flex\">\n<p>Copy of the last 3 account credits showing income.<\/p>\n<\/div>\n\n\n\n<div class=\"wp-block-group is-vertical is-layout-flex wp-container-core-group-is-layout-355c4241 wp-block-group-is-layout-flex\">\n<p>Copy of pension statement \/ pension fund.<\/p>\n<\/div>\n<\/div>\n\n\n\n<hr class=\"wp-block-separator has-alpha-channel-opacity\" style=\"margin-top:var(--wp--preset--spacing--40);margin-bottom:var(--wp--preset--spacing--40)\"\/>\n\n\n\n<p class=\"has-small-font-size\">Format: PDF (pdf), image files (jpg, png, gif), Excel (xls, xlsx), Word (doc, docx).<\/p>\n<\/div>\n<\/div>\n\n\n\n<div style=\"height:40px\" aria-hidden=\"true\" class=\"wp-block-spacer\"><\/div>\n\n\n\n<div class=\"wp-block-group has-secondary-light-background-color has-background is-layout-constrained wp-container-core-group-is-layout-db32e940 wp-block-group-is-layout-constrained\" style=\"padding-top:var(--wp--preset--spacing--60);padding-right:var(--wp--preset--spacing--60);padding-bottom:var(--wp--preset--spacing--60);padding-left:var(--wp--preset--spacing--60)\">\n<h4 class=\"wp-block-heading has-text-align-center\">Free consultation<br>in 10 different languages<\/h4>\n\n\n\n<hr class=\"wp-block-separator has-alpha-channel-opacity\"\/>\n\n\n\n<p class=\"has-text-align-center\" style=\"padding-top:var(--wp--preset--spacing--50)\">Arrange a free consultation appointment with us or<br><strong>call us at <strong>044 404 75 70<\/strong>\u00a0.<\/strong><br>We strive to answer all your questions about credit \/ personal credit \/ bank credit \/ financing in detail.<\/p>\n\n\n\n<div class=\"wp-block-buttons is-content-justification-center is-layout-flex wp-container-core-buttons-is-layout-c7e98c6b wp-block-buttons-is-layout-flex\" style=\"padding-top:var(--wp--preset--spacing--60);padding-bottom:0\">\n<div class=\"wp-block-button\"><a class=\"wp-block-button__link wp-element-button\" href=\"https:\/\/kredit.ch\/en\/kontakt\/\">Request a callback<\/a><\/div>\n<\/div>\n<\/div>\n\n\n\n<div style=\"height:40px\" aria-hidden=\"true\" class=\"wp-block-spacer\"><\/div>\n<\/div>","protected":false},"excerpt":{"rendered":"<p>Ben\u00f6tigte Unterlagen Was braucht es f\u00fcr einen Kreditantrag? Welche Dokumente muss ich senden? Ben\u00f6tigte Unterlagen f\u00fcr einen Kreditantrag Die ben\u00f6tigen Unterlagen sind je nach pers\u00f6nlichen Kreditangaben abh\u00e4ngig. F\u00fcr die Einreichung bestimmter Unterlagen und Dokumente sind von Ihren Verh\u00e4ltnissen abh\u00e4ngig. Die Frage \u201eWas braucht es f\u00fcr einen Kredit?\u201c kann nicht pauschalisiert beantwortet werden. Dennoch gibt es [&hellip;]<\/p>\n","protected":false},"author":1,"featured_media":0,"parent":0,"menu_order":0,"comment_status":"closed","ping_status":"closed","template":"page-no-title-full-width","meta":{"footnotes":""},"class_list":["post-296","page","type-page","status-publish","hentry"],"yoast_head":"<!-- This site is optimized with the Yoast SEO plugin v27.5 - https:\/\/yoast.com\/product\/yoast-seo-wordpress\/ -->\n<title>Ben\u00f6tigte Unterlagen - Kredit ab 4.9% beantragen<\/title>\n<meta name=\"description\" content=\"Welche Unterlagen braucht es f\u00fcr einen Kreditantrag in der Schweiz? Alle Anforderungen f\u00fcr Angestellte, Selbst\u00e4ndige und Rentner im \u00dcberblick.\" \/>\n<meta name=\"robots\" content=\"index, follow, max-snippet:-1, max-image-preview:large, max-video-preview:-1\" \/>\n<link rel=\"canonical\" href=\"https:\/\/kredit.ch\/en\/benoetigte-unterlagen\/\" \/>\n<meta property=\"og:locale\" content=\"en_US\" \/>\n<meta property=\"og:type\" content=\"article\" \/>\n<meta property=\"og:title\" content=\"Ben\u00f6tigte Unterlagen - Kredit ab 4.9% beantragen\" \/>\n<meta property=\"og:description\" content=\"Welche Unterlagen braucht es f\u00fcr einen Kreditantrag in der Schweiz? Alle Anforderungen f\u00fcr Angestellte, Selbst\u00e4ndige und Rentner im \u00dcberblick.\" \/>\n<meta property=\"og:url\" content=\"https:\/\/kredit.ch\/en\/benoetigte-unterlagen\/\" \/>\n<meta property=\"og:site_name\" content=\"Kredit ab 4.9% beantragen\" \/>\n<meta property=\"article:publisher\" content=\"https:\/\/www.facebook.com\/easycreditag\/\" \/>\n<meta property=\"article:modified_time\" content=\"2026-01-20T16:59:43+00:00\" \/>\n<meta name=\"twitter:card\" content=\"summary_large_image\" \/>\n<meta name=\"twitter:label1\" content=\"Est. reading time\" \/>\n\t<meta name=\"twitter:data1\" content=\"2 minutes\" \/>\n<script type=\"application\/ld+json\" class=\"yoast-schema-graph\">{\"@context\":\"https:\\\/\\\/schema.org\",\"@graph\":[{\"@type\":\"WebPage\",\"@id\":\"https:\\\/\\\/kredit.ch\\\/benoetigte-unterlagen\\\/\",\"url\":\"https:\\\/\\\/kredit.ch\\\/benoetigte-unterlagen\\\/\",\"name\":\"Ben\u00f6tigte Unterlagen - Kredit ab 4.9% beantragen\",\"isPartOf\":{\"@id\":\"https:\\\/\\\/kredit.ch\\\/#website\"},\"datePublished\":\"2024-06-27T23:04:51+00:00\",\"dateModified\":\"2026-01-20T16:59:43+00:00\",\"description\":\"Welche Unterlagen braucht es f\u00fcr einen Kreditantrag in der Schweiz? Alle Anforderungen f\u00fcr Angestellte, Selbst\u00e4ndige und Rentner im \u00dcberblick.\",\"breadcrumb\":{\"@id\":\"https:\\\/\\\/kredit.ch\\\/benoetigte-unterlagen\\\/#breadcrumb\"},\"inLanguage\":\"en-US\",\"potentialAction\":[{\"@type\":\"ReadAction\",\"target\":[\"https:\\\/\\\/kredit.ch\\\/benoetigte-unterlagen\\\/\"]}]},{\"@type\":\"BreadcrumbList\",\"@id\":\"https:\\\/\\\/kredit.ch\\\/benoetigte-unterlagen\\\/#breadcrumb\",\"itemListElement\":[{\"@type\":\"ListItem\",\"position\":1,\"name\":\"Home\",\"item\":\"https:\\\/\\\/kredit.ch\\\/\"},{\"@type\":\"ListItem\",\"position\":2,\"name\":\"Ben\u00f6tigte Unterlagen\"}]},{\"@type\":\"WebSite\",\"@id\":\"https:\\\/\\\/kredit.ch\\\/#website\",\"url\":\"https:\\\/\\\/kredit.ch\\\/\",\"name\":\"easycredit\",\"description\":\"Seit 15 Jahren Kreditpartner in Schweiz\",\"publisher\":{\"@id\":\"https:\\\/\\\/kredit.ch\\\/#organization\"},\"potentialAction\":[{\"@type\":\"SearchAction\",\"target\":{\"@type\":\"EntryPoint\",\"urlTemplate\":\"https:\\\/\\\/kredit.ch\\\/?s={search_term_string}\"},\"query-input\":{\"@type\":\"PropertyValueSpecification\",\"valueRequired\":true,\"valueName\":\"search_term_string\"}}],\"inLanguage\":\"en-US\"},{\"@type\":\"Organization\",\"@id\":\"https:\\\/\\\/kredit.ch\\\/#organization\",\"name\":\"easycredit\",\"url\":\"https:\\\/\\\/kredit.ch\\\/\",\"logo\":{\"@type\":\"ImageObject\",\"inLanguage\":\"en-US\",\"@id\":\"https:\\\/\\\/kredit.ch\\\/#\\\/schema\\\/logo\\\/image\\\/\",\"url\":\"https:\\\/\\\/kredit.ch\\\/wp-content\\\/uploads\\\/2025\\\/11\\\/logo.svg\",\"contentUrl\":\"https:\\\/\\\/kredit.ch\\\/wp-content\\\/uploads\\\/2025\\\/11\\\/logo.svg\",\"caption\":\"easycredit\"},\"image\":{\"@id\":\"https:\\\/\\\/kredit.ch\\\/#\\\/schema\\\/logo\\\/image\\\/\"},\"sameAs\":[\"https:\\\/\\\/www.facebook.com\\\/easycreditag\\\/\"]}]}<\/script>\n<!-- \/ Yoast SEO plugin. -->","yoast_head_json":{"title":"Ben\u00f6tigte Unterlagen - Kredit ab 4.9% beantragen","description":"Welche Unterlagen braucht es f\u00fcr einen Kreditantrag in der Schweiz? Alle Anforderungen f\u00fcr Angestellte, Selbst\u00e4ndige und Rentner im \u00dcberblick.","robots":{"index":"index","follow":"follow","max-snippet":"max-snippet:-1","max-image-preview":"max-image-preview:large","max-video-preview":"max-video-preview:-1"},"canonical":"https:\/\/kredit.ch\/en\/benoetigte-unterlagen\/","og_locale":"en_US","og_type":"article","og_title":"Ben\u00f6tigte Unterlagen - Kredit ab 4.9% beantragen","og_description":"Welche Unterlagen braucht es f\u00fcr einen Kreditantrag in der Schweiz? Alle Anforderungen f\u00fcr Angestellte, Selbst\u00e4ndige und Rentner im \u00dcberblick.","og_url":"https:\/\/kredit.ch\/en\/benoetigte-unterlagen\/","og_site_name":"Kredit ab 4.9% beantragen","article_publisher":"https:\/\/www.facebook.com\/easycreditag\/","article_modified_time":"2026-01-20T16:59:43+00:00","twitter_card":"summary_large_image","twitter_misc":{"Est. reading time":"2 minutes"},"schema":{"@context":"https:\/\/schema.org","@graph":[{"@type":"WebPage","@id":"https:\/\/kredit.ch\/benoetigte-unterlagen\/","url":"https:\/\/kredit.ch\/benoetigte-unterlagen\/","name":"Ben\u00f6tigte Unterlagen - Kredit ab 4.9% beantragen","isPartOf":{"@id":"https:\/\/kredit.ch\/#website"},"datePublished":"2024-06-27T23:04:51+00:00","dateModified":"2026-01-20T16:59:43+00:00","description":"Welche Unterlagen braucht es f\u00fcr einen Kreditantrag in der Schweiz? Alle Anforderungen f\u00fcr Angestellte, Selbst\u00e4ndige und Rentner im \u00dcberblick.","breadcrumb":{"@id":"https:\/\/kredit.ch\/benoetigte-unterlagen\/#breadcrumb"},"inLanguage":"en-US","potentialAction":[{"@type":"ReadAction","target":["https:\/\/kredit.ch\/benoetigte-unterlagen\/"]}]},{"@type":"BreadcrumbList","@id":"https:\/\/kredit.ch\/benoetigte-unterlagen\/#breadcrumb","itemListElement":[{"@type":"ListItem","position":1,"name":"Home","item":"https:\/\/kredit.ch\/"},{"@type":"ListItem","position":2,"name":"Ben\u00f6tigte Unterlagen"}]},{"@type":"WebSite","@id":"https:\/\/kredit.ch\/#website","url":"https:\/\/kredit.ch\/","name":"easycredit","description":"Seit 15 Jahren Kreditpartner in Schweiz","publisher":{"@id":"https:\/\/kredit.ch\/#organization"},"potentialAction":[{"@type":"SearchAction","target":{"@type":"EntryPoint","urlTemplate":"https:\/\/kredit.ch\/?s={search_term_string}"},"query-input":{"@type":"PropertyValueSpecification","valueRequired":true,"valueName":"search_term_string"}}],"inLanguage":"en-US"},{"@type":"Organization","@id":"https:\/\/kredit.ch\/#organization","name":"easycredit","url":"https:\/\/kredit.ch\/","logo":{"@type":"ImageObject","inLanguage":"en-US","@id":"https:\/\/kredit.ch\/#\/schema\/logo\/image\/","url":"https:\/\/kredit.ch\/wp-content\/uploads\/2025\/11\/logo.svg","contentUrl":"https:\/\/kredit.ch\/wp-content\/uploads\/2025\/11\/logo.svg","caption":"easycredit"},"image":{"@id":"https:\/\/kredit.ch\/#\/schema\/logo\/image\/"},"sameAs":["https:\/\/www.facebook.com\/easycreditag\/"]}]}},"_links":{"self":[{"href":"https:\/\/kredit.ch\/en\/wp-json\/wp\/v2\/pages\/296","targetHints":{"allow":["GET"]}}],"collection":[{"href":"https:\/\/kredit.ch\/en\/wp-json\/wp\/v2\/pages"}],"about":[{"href":"https:\/\/kredit.ch\/en\/wp-json\/wp\/v2\/types\/page"}],"author":[{"embeddable":true,"href":"https:\/\/kredit.ch\/en\/wp-json\/wp\/v2\/users\/1"}],"replies":[{"embeddable":true,"href":"https:\/\/kredit.ch\/en\/wp-json\/wp\/v2\/comments?post=296"}],"version-history":[{"count":11,"href":"https:\/\/kredit.ch\/en\/wp-json\/wp\/v2\/pages\/296\/revisions"}],"predecessor-version":[{"id":1290,"href":"https:\/\/kredit.ch\/en\/wp-json\/wp\/v2\/pages\/296\/revisions\/1290"}],"wp:attachment":[{"href":"https:\/\/kredit.ch\/en\/wp-json\/wp\/v2\/media?parent=296"}],"curies":[{"name":"wp","href":"https:\/\/api.w.org\/{rel}","templated":true}]}}