{"id":196,"date":"2024-06-27T02:42:44","date_gmt":"2024-06-27T02:42:44","guid":{"rendered":"https:\/\/apuwavab.myhostpoint.ch\/?page_id=196"},"modified":"2026-01-24T13:11:42","modified_gmt":"2026-01-24T13:11:42","slug":"konsumkredit","status":"publish","type":"page","link":"https:\/\/kredit.ch\/en\/konsumkredit\/","title":{"rendered":"Consumer loan"},"content":{"rendered":"<div class=\"wp-block-cover cover-image\" style=\"min-height:590px;aspect-ratio:unset;\"><img loading=\"lazy\" decoding=\"async\" width=\"1024\" height=\"468\" class=\"wp-block-cover__image-background wp-image-973 size-large\" alt=\"\" src=\"https:\/\/kredit.ch\/wp-content\/uploads\/2025\/12\/konsum-kredit-1024x468.jpg\" data-object-fit=\"cover\" srcset=\"https:\/\/kredit.ch\/wp-content\/uploads\/2025\/12\/konsum-kredit-1024x468.jpg 1024w, https:\/\/kredit.ch\/wp-content\/uploads\/2025\/12\/konsum-kredit-300x137.jpg 300w, https:\/\/kredit.ch\/wp-content\/uploads\/2025\/12\/konsum-kredit-768x351.jpg 768w, https:\/\/kredit.ch\/wp-content\/uploads\/2025\/12\/konsum-kredit-1536x702.jpg 1536w, https:\/\/kredit.ch\/wp-content\/uploads\/2025\/12\/konsum-kredit-2048x937.jpg 2048w, https:\/\/kredit.ch\/wp-content\/uploads\/2025\/12\/konsum-kredit-18x8.jpg 18w\" sizes=\"auto, (max-width: 1024px) 100vw, 1024px\" \/><span aria-hidden=\"true\" class=\"wp-block-cover__background has-background-dim-60 has-background-dim wp-block-cover__gradient-background has-background-gradient has-gradient-3-gradient-background\"><\/span><div class=\"wp-block-cover__inner-container is-layout-constrained wp-block-cover-is-layout-constrained\">\n<div class=\"wp-block-group is-content-justification-space-between is-layout-flex wp-container-core-group-is-layout-f10d1765 wp-block-group-is-layout-flex\" style=\"padding-right:var(--wp--preset--spacing--40);padding-left:var(--wp--preset--spacing--40)\">\n<div class=\"wp-block-group is-content-justification-left is-layout-constrained wp-container-core-group-is-layout-03dfb0e2 wp-block-group-is-layout-constrained\">\n<h1 class=\"wp-block-heading has-text-align-left has-light-color has-text-color has-link-color has-large-font-size wp-elements-b957b50802c651afec44355f8998a0ec\">Consumer loan<\/h1>\n\n\n\n<hr class=\"wp-block-separator has-alpha-channel-opacity is-style-default\" style=\"margin-top:var(--wp--preset--spacing--50);margin-bottom:var(--wp--preset--spacing--50)\"\/>\n\n\n\n<p class=\"has-text-align-left has-light-color has-text-color has-link-color wp-elements-6483372e080bc68efb10eb9d49d2103f\">We are your reliable partner for consumer credit in Switzerland. Apply for your customised consumer loan today and realise your financial goals.<\/p>\n<\/div>\n\n\n<div class=\"narrow-calculator\"><form action=\"\/en\/antrag\/?betrag=10000&#038;laufzeit_monate=36\" id=\"creditForm\" class=\"calculator-form\" data-trp-original-action=\"\/en\/antrag?betrag=10000&laufzeit_monate=36\">\n\t\t<input type=\"hidden\" value=\"classic\" name=\"type\" \/>\n\t\t<h3 class=\"calculator-title\">Calculate a loan<\/h3>\n  <div class=\"claculator-wrapper\">\n    <div class=\"form-group\">\n      <div class=\"flex\">\n        <label for=\"amount_input\">Loan amount (CHF)<\/label>\n        <input type=\"text\" class=\"form-control\" id=\"amount_input\" placeholder=\"10'000.00\" \/>\n      <\/div>\n      <input type=\"range\" min=\"1000\" max=\"250000\" step=\"1000\" value=\"10000\" class=\"custom-range\" id=\"amount_slider\" name=\"betrag\" \/>\n      <div class=\"flex small\">\n        <span><span>1'000<\/span> <em>CHF<\/em><\/span>\n        <span><span class=\"max\">250'000<\/span> <em>CHF<\/em><\/span>\n      <\/div>\n    <\/div>\n    <div class=\"form-group\">\n      <div class=\"flex\">\n        <label for=\"duration_input\">Duration (Months)<\/label>\n        <input type=\"text\" class=\"form-control\" id=\"duration_input\" placeholder=\"36\" \/>\n      <\/div>\n      <input type=\"range\" min=\"6\" max=\"120\" step=\"6\" value=\"36\" class=\"custom-range\" id=\"duration_slider\" name=\"laufzeit_monate\" \/>\n      <div class=\"flex small\">\n        <span><span>6<\/span> <em>Monate<\/em><\/span>\n        <span><span class=\"max\">120<\/span> <em>Monate<\/em><\/span>\n      <\/div>\n    <\/div>\n    <div class=\"credit-protection\">\n      <label class=\"flex\"><span class=\"strong\">Credit protection<\/span> <span class=\"tooltip tooltip-info\">\n\t\t\t\t\t\t\t\t\t\t<span>In this way you also secure your installment payments in the event of disability as well as through no fault of unemployment. Credit protection is optional.<\/span>\n        <\/span>\n      <\/label>\n      <div class=\"flex\">\n        <label class=\"form-check-label\" for=\"Ja\">\n          <input class=\"form-check-input check-input-custom\" type=\"radio\" name=\"ratenabsicherung\" id=\"Ja\" value=\"YES\" checked \/>\n          <span>Yes<\/span>\n        <\/label>\n        <label class=\"form-check-label\" for=\"Nein\">\n          <input class=\"form-check-input check-input-custom left\" type=\"radio\" name=\"ratenabsicherung\" id=\"Nein\" value=\"NO\" \/>\n          <span>No<\/span>\n        <\/label>\n      <\/div>\n    <\/div>\n  <\/div>\n  <div class=\"easycredit-numbers\">\n    <div class=\"inner-numbers\">\n      <strong>Monthly rate (CHF)<\/strong>\n      <div class=\"flex\">\n\t\t\t\t\t\t\t\t<div class=\"col\">\n          <div class=\"narrow-flex\">\n            <label class=\"small strong\"><em>Effective interest per year<\/em> from <span id=\"interest_low\">4.9<\/span>%<\/label>\n          <\/div>\n\t\t\t\t\t\t\t\t\t\t<label class=\"big\" id=\"amount_output\">313.70<\/label>\n\t\t\t\t\t\t\t\t\t\t<span class=\"small-label\">Thereof credit protection in (CHF) <label id=\"interest_low_ppi\">14.92<\/label> <em>CHF<\/em><\/span>\n        <\/div>\n        <div class=\"col\">\n          <div class=\"narrow-flex\">\n            <label class=\"small strong\"><em>Effective interest per year<\/em> to <span id=\"interest_high\">9.95<\/span>%<\/label>\n\t\t\t\t\t     <\/div>\n          <label class=\"big\" id=\"duration_output\">347.10<\/label>\n\t\t\t\t\t\t\t\t\t\t<span class=\"small-label\">Thereof credit protection in (CHF) <label id=\"interest_high_ppi\">18.09<\/label> <em>CHF<\/em><\/span>\n        <\/div>\n\t\t\t\t\t\t<\/div>\n      <div class=\"bottom-wrapper\">\n\t\t\t\t\t\t\t\t<div class=\"full-width\">Your total interest costs range between CHF <span id=\"interest_low_output\">793.70<\/span> (4.9 % effective) and CHF <span id=\"interest_high_output\">1'617.90<\/span> (9.95% effective), depending on creditworthiness.<\/div>\n\t\t\t\t\t\t\t\t<div class=\"button-wrapper\">\n\t\t\t\t\t\t\t\t\t\t<a href=\"\/en\/antrag\/?betrag=10000&laufzeit_monate=36\" id=\"credit-form-submit\" class=\"button button-primary\">Apply for a loan<\/a>\n\t\t\t\t\t\t\t\t<\/div>\n\t\t   \t<\/div>\n    <\/div>\n  <\/div>\n<input type=\"hidden\" name=\"trp-form-language\" value=\"en\"\/><\/form>\n<\/div>\n<\/div>\n<\/div><\/div>\n\n\n\n<div class=\"wp-block-group is-layout-constrained wp-block-group-is-layout-constrained\">\n<div style=\"height:40px\" aria-hidden=\"true\" class=\"wp-block-spacer\"><\/div>\n\n\n\n<h3 class=\"wp-block-heading has-text-align-center has-large-font-size\" style=\"padding-bottom:var(--wp--preset--spacing--50)\">Consumer credit in Switzerland<\/h3>\n\n\n\n<div class=\"wp-block-group is-layout-flow wp-block-group-is-layout-flow\">\n<p>Consumer loans in Switzerland cover various types of loans, including <a href=\"https:\/\/kredit.ch\/en\/autokredit\/\" type=\"page\" id=\"202\">Car loan<\/a>, <a href=\"https:\/\/kredit.ch\/en\/privatkredit\/\" type=\"page\" id=\"190\">Personal loan<\/a>, <a href=\"https:\/\/kredit.ch\/en\/onlinekredit\/\" type=\"page\" id=\"204\">Online loan<\/a> and Small loans. Do you dream of modernizing your apartment or are you planning to buy a new car? A consumer loan could be the solution to your financial needs. In Switzerland, we offer you the opportunity to apply for a consumer loan easily and transparently to make your plans a reality.<\/p>\n\n\n\n<div style=\"height:20px\" aria-hidden=\"true\" class=\"wp-block-spacer\"><\/div>\n\n\n\n<p>As an experienced credit broker, our service is designed to make it easier for you to access attractive consumer loans. Whether you are looking for a specific consumer loan or are interested in consumer loans in general - we offer customised solutions that meet your individual needs.<\/p>\n<\/div>\n\n\n\n<div style=\"height:40px\" aria-hidden=\"true\" class=\"wp-block-spacer\"><\/div>\n\n\n\n<div class=\"wp-block-columns is-layout-flex wp-container-core-columns-is-layout-6ef9061c wp-block-columns-is-layout-flex\">\n<div class=\"wp-block-column is-layout-flow wp-block-column-is-layout-flow\" style=\"flex-basis:66.66%\">\n<h4 class=\"wp-block-heading\">Apply for a consumer loan online<\/h4>\n\n\n\n<p>You can conveniently apply for a consumer loan online. Our loan calculator allows you to quickly and easily determine your optimal loan term. Furthermore, we are happy to advise you and assist you with our free loan consultation.<\/p>\n\n\n\n<div style=\"height:20px\" aria-hidden=\"true\" class=\"wp-block-spacer\"><\/div>\n\n\n\n<p>There are no closing fees or commissions. Best of all: You will receive a decision within 24 hours of your credit check, and the loan will be disbursed after the 14-day cancellation period following the signing of the contract.<\/p>\n\n\n\n<h6 class=\"wp-block-heading\">Requirements for a consumer loan in Switzerland:<\/h6>\n\n\n\n<p>The requirements for consumer credit are the same as for personal credit and, like consumer credit, are subject to the Consumer Credit Act.<\/p>\n\n\n\n<div class=\"wp-block-group count-stacks smaller check-list is-vertical is-nowrap is-layout-flex wp-container-core-group-is-layout-69b58489 wp-block-group-is-layout-flex\" style=\"padding-top:var(--wp--preset--spacing--50);padding-right:0;padding-bottom:0\">\n<div class=\"wp-block-group is-vertical is-layout-flex wp-container-core-group-is-layout-355c4241 wp-block-group-is-layout-flex\">\n<p>They have a regular monthly net income of CHF 3000.-<\/p>\n<\/div>\n\n\n\n<div class=\"wp-block-group is-vertical is-layout-flex wp-container-core-group-is-layout-355c4241 wp-block-group-is-layout-flex\">\n<p>No outstanding debt enforcement proceedings, certificates of loss or bankruptcy.<\/p>\n<\/div>\n\n\n\n<div class=\"wp-block-group is-vertical is-layout-flex wp-container-core-group-is-layout-355c4241 wp-block-group-is-layout-flex\">\n<p>Valid Swiss passport or B or C residence permit.<\/p>\n<\/div>\n\n\n\n<div class=\"wp-block-group is-vertical is-layout-flex wp-container-core-group-is-layout-355c4241 wp-block-group-is-layout-flex\">\n<p>Foreigners with a B residence permit who have lived in Switzerland for at least 12 months.<\/p>\n<\/div>\n\n\n\n<div class=\"wp-block-group is-vertical is-layout-flex wp-container-core-group-is-layout-355c4241 wp-block-group-is-layout-flex\">\n<p>Age between 18 and 68 years.<\/p>\n<\/div>\n<\/div>\n<\/div>\n\n\n\n<div class=\"wp-block-column is-layout-flow wp-block-column-is-layout-flow\" style=\"padding-top:0;padding-right:0;padding-bottom:0;padding-left:0;flex-basis:33.33%\">\n<div class=\"wp-block-group has-gradient-2-gradient-background has-background is-layout-constrained wp-container-core-group-is-layout-db32e940 wp-block-group-is-layout-constrained\" style=\"padding-top:var(--wp--preset--spacing--60);padding-right:var(--wp--preset--spacing--60);padding-bottom:var(--wp--preset--spacing--60);padding-left:var(--wp--preset--spacing--60)\">\n<h4 class=\"wp-block-heading has-text-align-center has-light-color has-text-color has-link-color wp-elements-73cdc8cf6a9f7a7b0c32b69926a781ea\">Free loan advice<\/h4>\n\n\n\n<p class=\"has-text-align-center has-light-color has-text-color has-link-color wp-elements-0b0c372aff6be425a596a569e3270890\">With us you will receive a free<\/p>\n\n\n\n<p class=\"has-text-align-center has-light-color has-text-color has-link-color wp-elements-126e59ece960d143c68550bd5a43a396\"><strong>Credit advice in 10 different languages<\/strong><\/p>\n\n\n\n<figure class=\"wp-block-image size-full\" style=\"margin-top:var(--wp--preset--spacing--50)\"><img loading=\"lazy\" decoding=\"async\" width=\"826\" height=\"580\" src=\"https:\/\/kredit.ch\/wp-content\/themes\/kredit\/img\/cta-image.png\" alt=\"\" class=\"wp-image-745\"\/><\/figure>\n\n\n\n<div class=\"wp-block-buttons is-content-justification-center is-layout-flex wp-container-core-buttons-is-layout-222c5d1d wp-block-buttons-is-layout-flex\" style=\"margin-bottom:var(--wp--preset--spacing--50)\">\n<div class=\"wp-block-button\"><a class=\"wp-block-button__link wp-element-button\" href=\"tel:044 404 75 70\">044 404 75 70<\/a><\/div>\n<\/div>\n<\/div>\n<\/div>\n<\/div>\n\n\n\n<div style=\"height:40px\" aria-hidden=\"true\" class=\"wp-block-spacer\"><\/div>\n\n\n\n<div class=\"wp-block-group requirements-bar has-secondary-light-background-color has-background is-layout-constrained wp-block-group-is-layout-constrained\">\n<div class=\"wp-block-columns is-layout-flex wp-container-core-columns-is-layout-6ef9061c wp-block-columns-is-layout-flex\">\n<div class=\"wp-block-column is-vertically-aligned-center has-secondary-light-background-color has-background is-content-justification-left is-layout-constrained wp-container-core-column-is-layout-a79fdcd2 wp-block-column-is-layout-constrained\" style=\"padding-right:0;flex-basis:66.66%\">\n<div class=\"wp-block-group is-content-justification-left is-layout-flex wp-container-core-group-is-layout-cbc9dc1c wp-block-group-is-layout-flex\">\n<figure class=\"wp-block-image size-full\"><img decoding=\"async\" src=\"https:\/\/kredit.ch\/wp-content\/uploads\/2025\/12\/book-icon.svg\" alt=\"\" class=\"wp-image-944\"\/><\/figure>\n\n\n\n<p class=\"border-right\" style=\"padding-right:var(--wp--preset--spacing--40)\"><strong>Do you fulfill these<br>Requirements?<\/strong><\/p>\n\n\n\n<p>Then, in principle, nothing stands in the way<br>of your desired loan.<\/p>\n<\/div>\n<\/div>\n\n\n\n<div class=\"wp-block-column is-layout-flow wp-block-column-is-layout-flow\" style=\"padding-top:0;padding-right:0;padding-bottom:0;padding-left:0;flex-basis:33.33%\">\n<div class=\"wp-block-group min-height has-primary-background-color has-background is-layout-constrained wp-container-core-group-is-layout-a151063b wp-block-group-is-layout-constrained\" style=\"padding-top:var(--wp--preset--spacing--50);padding-right:var(--wp--preset--spacing--40);padding-bottom:var(--wp--preset--spacing--50);padding-left:var(--wp--preset--spacing--40)\">\n<p class=\"has-text-align-center arrow-link-light has-light-color has-text-color has-link-color wp-elements-d3d2060995bd96c27694df470b3a1692\"><strong><a href=\"https:\/\/kredit.ch\/en\/kredit-beantragen\/\">Go to the loan calculator<\/a><\/strong><\/p>\n<\/div>\n<\/div>\n<\/div>\n<\/div>\n\n\n\n<div style=\"height:40px\" aria-hidden=\"true\" class=\"wp-block-spacer\"><\/div>\n<\/div>","protected":false},"excerpt":{"rendered":"<p>Konsumkredit in der Schweiz Konsumkredit Schweiz umfasst verschiedene Kreditarten, darunter Autokredit, Privatkredit, Online Kredite und Kleinkredit. Sie tr\u00e4umen davon, Ihre Wohnung zu modernisieren oder planen Sie die Anschaffung eines neuen Autos? Ein Konsumkredit k\u00f6nnte die L\u00f6sung f\u00fcr Ihre finanziellen W\u00fcnsche sein. In der Schweiz bieten wir Ihnen die M\u00f6glichkeit, unkompliziert und transparent einen Konsumkredit zu [&hellip;]<\/p>\n","protected":false},"author":1,"featured_media":0,"parent":0,"menu_order":0,"comment_status":"closed","ping_status":"closed","template":"page-no-title-full-width","meta":{"footnotes":""},"class_list":["post-196","page","type-page","status-publish","hentry"],"yoast_head":"<!-- This site is optimized with the Yoast SEO plugin v27.5 - https:\/\/yoast.com\/product\/yoast-seo-wordpress\/ -->\n<title>Konsumkredit - Kredit ab 4.9% beantragen<\/title>\n<meta name=\"description\" content=\"Konsumkredit beantragen \u2013 flexibel finanzieren mit fairen Konditionen. Jetzt passenden Kredit finden und pers\u00f6nliche W\u00fcnsche verwirklichen.\" \/>\n<meta name=\"robots\" content=\"index, follow, max-snippet:-1, max-image-preview:large, max-video-preview:-1\" \/>\n<link rel=\"canonical\" href=\"https:\/\/kredit.ch\/en\/konsumkredit\/\" \/>\n<meta property=\"og:locale\" content=\"en_US\" \/>\n<meta property=\"og:type\" content=\"article\" \/>\n<meta property=\"og:title\" content=\"Konsumkredit - Kredit ab 4.9% beantragen\" \/>\n<meta property=\"og:description\" content=\"Konsumkredit beantragen \u2013 flexibel finanzieren mit fairen Konditionen. Jetzt passenden Kredit finden und pers\u00f6nliche W\u00fcnsche verwirklichen.\" \/>\n<meta property=\"og:url\" content=\"https:\/\/kredit.ch\/en\/konsumkredit\/\" \/>\n<meta property=\"og:site_name\" content=\"Kredit ab 4.9% beantragen\" \/>\n<meta property=\"article:publisher\" content=\"https:\/\/www.facebook.com\/easycreditag\/\" \/>\n<meta property=\"article:modified_time\" content=\"2026-01-24T13:11:42+00:00\" \/>\n<meta property=\"og:image\" content=\"https:\/\/kredit.ch\/wp-content\/uploads\/2025\/12\/konsum-kredit-scaled.jpg\" \/>\n\t<meta property=\"og:image:width\" content=\"2560\" \/>\n\t<meta property=\"og:image:height\" content=\"1171\" \/>\n\t<meta property=\"og:image:type\" content=\"image\/jpeg\" \/>\n<meta name=\"twitter:card\" content=\"summary_large_image\" \/>\n<meta name=\"twitter:label1\" content=\"Est. reading time\" \/>\n\t<meta name=\"twitter:data1\" content=\"4 minutes\" \/>\n<script type=\"application\/ld+json\" class=\"yoast-schema-graph\">{\"@context\":\"https:\\\/\\\/schema.org\",\"@graph\":[{\"@type\":\"WebPage\",\"@id\":\"https:\\\/\\\/kredit.ch\\\/konsumkredit\\\/\",\"url\":\"https:\\\/\\\/kredit.ch\\\/konsumkredit\\\/\",\"name\":\"Konsumkredit - Kredit ab 4.9% beantragen\",\"isPartOf\":{\"@id\":\"https:\\\/\\\/kredit.ch\\\/#website\"},\"primaryImageOfPage\":{\"@id\":\"https:\\\/\\\/kredit.ch\\\/konsumkredit\\\/#primaryimage\"},\"image\":{\"@id\":\"https:\\\/\\\/kredit.ch\\\/konsumkredit\\\/#primaryimage\"},\"thumbnailUrl\":\"https:\\\/\\\/kredit.ch\\\/wp-content\\\/uploads\\\/2025\\\/12\\\/konsum-kredit-1024x468.jpg\",\"datePublished\":\"2024-06-27T02:42:44+00:00\",\"dateModified\":\"2026-01-24T13:11:42+00:00\",\"description\":\"Konsumkredit beantragen \u2013 flexibel finanzieren mit fairen Konditionen. Jetzt passenden Kredit finden und pers\u00f6nliche W\u00fcnsche verwirklichen.\",\"breadcrumb\":{\"@id\":\"https:\\\/\\\/kredit.ch\\\/konsumkredit\\\/#breadcrumb\"},\"inLanguage\":\"en-US\",\"potentialAction\":[{\"@type\":\"ReadAction\",\"target\":[\"https:\\\/\\\/kredit.ch\\\/konsumkredit\\\/\"]}]},{\"@type\":\"ImageObject\",\"inLanguage\":\"en-US\",\"@id\":\"https:\\\/\\\/kredit.ch\\\/konsumkredit\\\/#primaryimage\",\"url\":\"https:\\\/\\\/kredit.ch\\\/wp-content\\\/uploads\\\/2025\\\/12\\\/konsum-kredit-1024x468.jpg\",\"contentUrl\":\"https:\\\/\\\/kredit.ch\\\/wp-content\\\/uploads\\\/2025\\\/12\\\/konsum-kredit-1024x468.jpg\"},{\"@type\":\"BreadcrumbList\",\"@id\":\"https:\\\/\\\/kredit.ch\\\/konsumkredit\\\/#breadcrumb\",\"itemListElement\":[{\"@type\":\"ListItem\",\"position\":1,\"name\":\"Home\",\"item\":\"https:\\\/\\\/kredit.ch\\\/\"},{\"@type\":\"ListItem\",\"position\":2,\"name\":\"Konsumkredit\"}]},{\"@type\":\"WebSite\",\"@id\":\"https:\\\/\\\/kredit.ch\\\/#website\",\"url\":\"https:\\\/\\\/kredit.ch\\\/\",\"name\":\"easycredit\",\"description\":\"Seit 15 Jahren Kreditpartner in Schweiz\",\"publisher\":{\"@id\":\"https:\\\/\\\/kredit.ch\\\/#organization\"},\"potentialAction\":[{\"@type\":\"SearchAction\",\"target\":{\"@type\":\"EntryPoint\",\"urlTemplate\":\"https:\\\/\\\/kredit.ch\\\/?s={search_term_string}\"},\"query-input\":{\"@type\":\"PropertyValueSpecification\",\"valueRequired\":true,\"valueName\":\"search_term_string\"}}],\"inLanguage\":\"en-US\"},{\"@type\":\"Organization\",\"@id\":\"https:\\\/\\\/kredit.ch\\\/#organization\",\"name\":\"easycredit\",\"url\":\"https:\\\/\\\/kredit.ch\\\/\",\"logo\":{\"@type\":\"ImageObject\",\"inLanguage\":\"en-US\",\"@id\":\"https:\\\/\\\/kredit.ch\\\/#\\\/schema\\\/logo\\\/image\\\/\",\"url\":\"https:\\\/\\\/kredit.ch\\\/wp-content\\\/uploads\\\/2025\\\/11\\\/logo.svg\",\"contentUrl\":\"https:\\\/\\\/kredit.ch\\\/wp-content\\\/uploads\\\/2025\\\/11\\\/logo.svg\",\"caption\":\"easycredit\"},\"image\":{\"@id\":\"https:\\\/\\\/kredit.ch\\\/#\\\/schema\\\/logo\\\/image\\\/\"},\"sameAs\":[\"https:\\\/\\\/www.facebook.com\\\/easycreditag\\\/\"]}]}<\/script>\n<!-- \/ Yoast SEO plugin. -->","yoast_head_json":{"title":"Konsumkredit - Kredit ab 4.9% beantragen","description":"Konsumkredit beantragen \u2013 flexibel finanzieren mit fairen Konditionen. Jetzt passenden Kredit finden und pers\u00f6nliche W\u00fcnsche verwirklichen.","robots":{"index":"index","follow":"follow","max-snippet":"max-snippet:-1","max-image-preview":"max-image-preview:large","max-video-preview":"max-video-preview:-1"},"canonical":"https:\/\/kredit.ch\/en\/konsumkredit\/","og_locale":"en_US","og_type":"article","og_title":"Konsumkredit - Kredit ab 4.9% beantragen","og_description":"Konsumkredit beantragen \u2013 flexibel finanzieren mit fairen Konditionen. Jetzt passenden Kredit finden und pers\u00f6nliche W\u00fcnsche verwirklichen.","og_url":"https:\/\/kredit.ch\/en\/konsumkredit\/","og_site_name":"Kredit ab 4.9% beantragen","article_publisher":"https:\/\/www.facebook.com\/easycreditag\/","article_modified_time":"2026-01-24T13:11:42+00:00","og_image":[{"width":2560,"height":1171,"url":"https:\/\/kredit.ch\/wp-content\/uploads\/2025\/12\/konsum-kredit-scaled.jpg","type":"image\/jpeg"}],"twitter_card":"summary_large_image","twitter_misc":{"Est. reading time":"4 minutes"},"schema":{"@context":"https:\/\/schema.org","@graph":[{"@type":"WebPage","@id":"https:\/\/kredit.ch\/konsumkredit\/","url":"https:\/\/kredit.ch\/konsumkredit\/","name":"Konsumkredit - Kredit ab 4.9% beantragen","isPartOf":{"@id":"https:\/\/kredit.ch\/#website"},"primaryImageOfPage":{"@id":"https:\/\/kredit.ch\/konsumkredit\/#primaryimage"},"image":{"@id":"https:\/\/kredit.ch\/konsumkredit\/#primaryimage"},"thumbnailUrl":"https:\/\/kredit.ch\/wp-content\/uploads\/2025\/12\/konsum-kredit-1024x468.jpg","datePublished":"2024-06-27T02:42:44+00:00","dateModified":"2026-01-24T13:11:42+00:00","description":"Konsumkredit beantragen \u2013 flexibel finanzieren mit fairen Konditionen. Jetzt passenden Kredit finden und pers\u00f6nliche W\u00fcnsche verwirklichen.","breadcrumb":{"@id":"https:\/\/kredit.ch\/konsumkredit\/#breadcrumb"},"inLanguage":"en-US","potentialAction":[{"@type":"ReadAction","target":["https:\/\/kredit.ch\/konsumkredit\/"]}]},{"@type":"ImageObject","inLanguage":"en-US","@id":"https:\/\/kredit.ch\/konsumkredit\/#primaryimage","url":"https:\/\/kredit.ch\/wp-content\/uploads\/2025\/12\/konsum-kredit-1024x468.jpg","contentUrl":"https:\/\/kredit.ch\/wp-content\/uploads\/2025\/12\/konsum-kredit-1024x468.jpg"},{"@type":"BreadcrumbList","@id":"https:\/\/kredit.ch\/konsumkredit\/#breadcrumb","itemListElement":[{"@type":"ListItem","position":1,"name":"Home","item":"https:\/\/kredit.ch\/"},{"@type":"ListItem","position":2,"name":"Konsumkredit"}]},{"@type":"WebSite","@id":"https:\/\/kredit.ch\/#website","url":"https:\/\/kredit.ch\/","name":"easycredit","description":"Seit 15 Jahren Kreditpartner in Schweiz","publisher":{"@id":"https:\/\/kredit.ch\/#organization"},"potentialAction":[{"@type":"SearchAction","target":{"@type":"EntryPoint","urlTemplate":"https:\/\/kredit.ch\/?s={search_term_string}"},"query-input":{"@type":"PropertyValueSpecification","valueRequired":true,"valueName":"search_term_string"}}],"inLanguage":"en-US"},{"@type":"Organization","@id":"https:\/\/kredit.ch\/#organization","name":"easycredit","url":"https:\/\/kredit.ch\/","logo":{"@type":"ImageObject","inLanguage":"en-US","@id":"https:\/\/kredit.ch\/#\/schema\/logo\/image\/","url":"https:\/\/kredit.ch\/wp-content\/uploads\/2025\/11\/logo.svg","contentUrl":"https:\/\/kredit.ch\/wp-content\/uploads\/2025\/11\/logo.svg","caption":"easycredit"},"image":{"@id":"https:\/\/kredit.ch\/#\/schema\/logo\/image\/"},"sameAs":["https:\/\/www.facebook.com\/easycreditag\/"]}]}},"_links":{"self":[{"href":"https:\/\/kredit.ch\/en\/wp-json\/wp\/v2\/pages\/196","targetHints":{"allow":["GET"]}}],"collection":[{"href":"https:\/\/kredit.ch\/en\/wp-json\/wp\/v2\/pages"}],"about":[{"href":"https:\/\/kredit.ch\/en\/wp-json\/wp\/v2\/types\/page"}],"author":[{"embeddable":true,"href":"https:\/\/kredit.ch\/en\/wp-json\/wp\/v2\/users\/1"}],"replies":[{"embeddable":true,"href":"https:\/\/kredit.ch\/en\/wp-json\/wp\/v2\/comments?post=196"}],"version-history":[{"count":26,"href":"https:\/\/kredit.ch\/en\/wp-json\/wp\/v2\/pages\/196\/revisions"}],"predecessor-version":[{"id":1341,"href":"https:\/\/kredit.ch\/en\/wp-json\/wp\/v2\/pages\/196\/revisions\/1341"}],"wp:attachment":[{"href":"https:\/\/kredit.ch\/en\/wp-json\/wp\/v2\/media?parent=196"}],"curies":[{"name":"wp","href":"https:\/\/api.w.org\/{rel}","templated":true}]}}