{"id":126,"date":"2024-06-26T20:26:19","date_gmt":"2024-06-26T20:26:19","guid":{"rendered":"https:\/\/apuwavab.myhostpoint.ch\/?page_id=126"},"modified":"2026-01-20T17:06:37","modified_gmt":"2026-01-20T17:06:37","slug":"dokumente-hochgeladen","status":"publish","type":"page","link":"https:\/\/kredit.ch\/en\/dokumente-hochgeladen\/","title":{"rendered":"Documents uploaded"},"content":{"rendered":"<div class=\"wp-block-group has-light-background-background-color has-background is-layout-constrained wp-block-group-is-layout-constrained\">\n<div class=\"wp-block-group is-layout-flow wp-block-group-is-layout-flow\" style=\"padding-top:var(--wp--preset--spacing--70);padding-bottom:var(--wp--preset--spacing--70)\">\n<div class=\"wp-block-group breadcrumbs is-nowrap is-layout-flex wp-container-core-group-is-layout-911a4333 wp-block-group-is-layout-flex\" style=\"margin-top:0;margin-bottom:0;padding-top:0;padding-bottom:0\">\n<div class=\"wp-block-group breadcrumb-item active done is-layout-constrained wp-block-group-is-layout-constrained\">\n<p class=\"breadcrumb-number\">1<\/p>\n\n\n\n<p class=\"breadcrumb-text\">Credit information<\/p>\n<\/div>\n\n\n\n<div class=\"wp-block-group breadcrumb-item active done is-layout-constrained wp-block-group-is-layout-constrained\">\n<p class=\"breadcrumb-number\">2<\/p>\n\n\n\n<p class=\"breadcrumb-text\">Personal details<\/p>\n<\/div>\n\n\n\n<div class=\"wp-block-group breadcrumb-item active done is-layout-constrained wp-block-group-is-layout-constrained\">\n<p class=\"breadcrumb-number\">3<\/p>\n\n\n\n<p class=\"breadcrumb-text\">General data<\/p>\n<\/div>\n\n\n\n<div class=\"wp-block-group breadcrumb-item active done is-layout-constrained wp-block-group-is-layout-constrained\">\n<p class=\"breadcrumb-number\">4<\/p>\n\n\n\n<p class=\"breadcrumb-text\">Additional Information<\/p>\n<\/div>\n\n\n\n<div class=\"wp-block-group breadcrumb-item active done is-layout-constrained wp-block-group-is-layout-constrained\">\n<p class=\"breadcrumb-number\">5<\/p>\n\n\n\n<p class=\"breadcrumb-text\">Upload file<\/p>\n<\/div>\n\n\n\n<div class=\"wp-block-group breadcrumb-item active done is-layout-constrained wp-block-group-is-layout-constrained\">\n<p class=\"breadcrumb-number\">6<\/p>\n\n\n\n<p class=\"breadcrumb-text\">Send request<\/p>\n<\/div>\n<\/div>\n<\/div>\n\n\n\n<div class=\"wp-block-group is-layout-constrained wp-block-group-is-layout-constrained\" style=\"padding-top:var(--wp--preset--spacing--60);padding-bottom:var(--wp--preset--spacing--60)\">\n<h1 class=\"wp-block-heading has-text-align-center has-large-font-size\">6. Send application<\/h1>\n\n\n\n<hr class=\"wp-block-separator has-alpha-channel-opacity\" style=\"margin-top:var(--wp--preset--spacing--50);margin-bottom:var(--wp--preset--spacing--50)\"\/>\n\n\n\n\t<div class=\"final-form-success\"><img decoding=\"async\" src=\"https:\/\/kredit.ch\/wp-content\/themes\/kredit\/img\/sent-icon.svg\" alt=\"Success\" \/>\n\t\t<h4>Transmission confirmation<\/h4>\n\t\t<h4>Thank you for your loan application. We will be in touch shortly.<\/h4>\n\t\t<p>This initial rating serves as a guide and is based on truthful information. The rating is not a guarantee that a loan will be granted and cannot replace a proper credit check.<\/p>\n<\/div>\n\n<\/div>\n<\/div>\n\n\n\n<div class=\"wp-block-group is-layout-constrained wp-block-group-is-layout-constrained\">\n<div style=\"height:100px\" aria-hidden=\"true\" class=\"wp-block-spacer\"><\/div>\n\n\n\n<h3 class=\"wp-block-heading has-text-align-center has-large-font-size\" style=\"padding-bottom:var(--wp--preset--spacing--50)\">Take out a loan<\/h3>\n\n\n\n<div class=\"wp-block-group is-layout-flow wp-block-group-is-layout-flow\">\n<p>Taking out a loan in Switzerland is a breeze with the right advice. Whether for a new car or furniture, a loan is often the most flexible and predictable financing solution. Kredit.ch offers you a customized offer tailored to your needs.<\/p>\n<\/div>\n\n\n\n<div class=\"wp-block-columns is-layout-flex wp-container-core-columns-is-layout-e0fb3f8c wp-block-columns-is-layout-flex\" style=\"margin-top:var(--wp--preset--spacing--50);margin-bottom:var(--wp--preset--spacing--50)\">\n<div class=\"wp-block-column is-layout-flow wp-block-column-is-layout-flow\">\n<div class=\"wp-block-group min-height has-border-color has-gray-light-border-color wp-container-content-0733e5d0 is-layout-flow wp-block-group-is-layout-flow\" style=\"border-width:1px;padding-top:var(--wp--preset--spacing--50);padding-right:var(--wp--preset--spacing--50);padding-bottom:var(--wp--preset--spacing--50);padding-left:var(--wp--preset--spacing--50)\">\n<p><strong>Loan amount in CHF:<\/strong><\/p>\n\n\n\n<hr class=\"wp-block-separator has-alpha-channel-opacity\" style=\"margin-top:var(--wp--preset--spacing--30);margin-bottom:var(--wp--preset--spacing--30)\"\/>\n\n\n\n<p>From CHF 1,000 to CHF 250,000 (higher amounts on request)<\/p>\n<\/div>\n<\/div>\n\n\n\n<div class=\"wp-block-column is-layout-flow wp-block-column-is-layout-flow\">\n<div class=\"wp-block-group min-height has-border-color has-gray-light-border-color wp-container-content-0733e5d0 is-layout-flow wp-block-group-is-layout-flow\" style=\"border-width:1px;padding-top:var(--wp--preset--spacing--50);padding-right:var(--wp--preset--spacing--50);padding-bottom:var(--wp--preset--spacing--50);padding-left:var(--wp--preset--spacing--50)\">\n<p><strong>Duration:<\/strong><\/p>\n\n\n\n<hr class=\"wp-block-separator has-alpha-channel-opacity\" style=\"margin-top:var(--wp--preset--spacing--30);margin-bottom:var(--wp--preset--spacing--30)\"\/>\n\n\n\n<p>From 6 to 120 months<\/p>\n<\/div>\n<\/div>\n\n\n\n<div class=\"wp-block-column is-layout-flow wp-block-column-is-layout-flow\">\n<div class=\"wp-block-group min-height has-border-color has-gray-light-border-color wp-container-content-0733e5d0 is-layout-flow wp-block-group-is-layout-flow\" style=\"border-width:1px;padding-top:var(--wp--preset--spacing--50);padding-right:var(--wp--preset--spacing--50);padding-bottom:var(--wp--preset--spacing--50);padding-left:var(--wp--preset--spacing--50)\">\n<p><strong>Repayment terms:<\/strong><\/p>\n\n\n\n<hr class=\"wp-block-separator has-alpha-channel-opacity\" style=\"margin-top:var(--wp--preset--spacing--30);margin-bottom:var(--wp--preset--spacing--30)\"\/>\n\n\n\n<p>Fixed monthly installments<\/p>\n<\/div>\n<\/div>\n<\/div>\n\n\n\n<div class=\"wp-block-columns is-layout-flex wp-container-core-columns-is-layout-e0fb3f8c wp-block-columns-is-layout-flex\" style=\"margin-top:var(--wp--preset--spacing--50);margin-bottom:var(--wp--preset--spacing--50)\">\n<div class=\"wp-block-column is-layout-flow wp-block-column-is-layout-flow\">\n<div class=\"wp-block-group min-height has-border-color has-gray-light-border-color wp-container-content-0733e5d0 is-layout-flow wp-block-group-is-layout-flow\" style=\"border-width:1px;padding-top:var(--wp--preset--spacing--50);padding-right:var(--wp--preset--spacing--50);padding-bottom:var(--wp--preset--spacing--50);padding-left:var(--wp--preset--spacing--50)\">\n<p><strong>Effective annual interest rate:<\/strong><\/p>\n\n\n\n<hr class=\"wp-block-separator has-alpha-channel-opacity\" style=\"margin-top:var(--wp--preset--spacing--30);margin-bottom:var(--wp--preset--spacing--30)\"\/>\n\n\n\n<p>Interest rate between 4.9% and 10.95%, depending on customer creditworthiness, constant<\/p>\n<\/div>\n<\/div>\n\n\n\n<div class=\"wp-block-column is-layout-flow wp-block-column-is-layout-flow\">\n<div class=\"wp-block-group min-height has-border-color has-gray-light-border-color wp-container-content-0733e5d0 is-layout-flow wp-block-group-is-layout-flow\" style=\"border-width:1px;padding-top:var(--wp--preset--spacing--50);padding-right:var(--wp--preset--spacing--50);padding-bottom:var(--wp--preset--spacing--50);padding-left:var(--wp--preset--spacing--50)\">\n<p><strong>Payment protection in case of death:<\/strong><\/p>\n\n\n\n<hr class=\"wp-block-separator has-alpha-channel-opacity\" style=\"margin-top:var(--wp--preset--spacing--30);margin-bottom:var(--wp--preset--spacing--30)\"\/>\n\n\n\n<p>Including<\/p>\n<\/div>\n<\/div>\n\n\n\n<div class=\"wp-block-column is-layout-flow wp-block-column-is-layout-flow\">\n<div class=\"wp-block-group min-height has-border-color has-gray-light-border-color wp-container-content-0733e5d0 is-layout-flow wp-block-group-is-layout-flow\" style=\"border-width:1px;padding-top:var(--wp--preset--spacing--50);padding-right:var(--wp--preset--spacing--50);padding-bottom:var(--wp--preset--spacing--50);padding-left:var(--wp--preset--spacing--50)\">\n<p><strong>Loan protection in case of unemployment:<\/strong><\/p>\n\n\n\n<hr class=\"wp-block-separator has-alpha-channel-opacity\" style=\"margin-top:var(--wp--preset--spacing--30);margin-bottom:var(--wp--preset--spacing--30)\"\/>\n\n\n\n<p>Selectable<\/p>\n<\/div>\n<\/div>\n<\/div>\n\n\n\n<div style=\"height:100px\" aria-hidden=\"true\" class=\"wp-block-spacer\"><\/div>\n\n\n\n<div class=\"wp-block-columns is-layout-flex wp-container-core-columns-is-layout-6ef9061c wp-block-columns-is-layout-flex\">\n<div class=\"wp-block-column is-layout-flow wp-block-column-is-layout-flow\" style=\"flex-basis:66.66%\">\n<h4 class=\"wp-block-heading\">Taking out a loan \u2013 here's how it works<\/h4>\n\n\n\n<div class=\"wp-block-group count-stacks smaller is-vertical is-nowrap is-layout-flex wp-container-core-group-is-layout-0f7412a1 wp-block-group-is-layout-flex\">\n<div class=\"wp-block-group is-vertical is-layout-flex wp-container-core-group-is-layout-355c4241 wp-block-group-is-layout-flex\">\n<p>Use our loan calculator to easily calculate your monthly payment.<\/p>\n<\/div>\n\n\n\n<div class=\"wp-block-group is-vertical is-layout-flex wp-container-core-group-is-layout-355c4241 wp-block-group-is-layout-flex\">\n<p>Apply for a loan online. Make sure you declare all income, premium reductions, alimony, and any secondary or additional income.<\/p>\n<\/div>\n\n\n\n<div class=\"wp-block-group is-vertical is-layout-flex wp-container-core-group-is-layout-355c4241 wp-block-group-is-layout-flex\">\n<p>Your application will be analyzed by our credit specialists.<\/p>\n<\/div>\n\n\n\n<div class=\"wp-block-group is-vertical is-layout-flex wp-container-core-group-is-layout-355c4241 wp-block-group-is-layout-flex\">\n<p>Your personal account manager will contact you to clarify any uncertainties or questions. Once we have all the necessary information and documents, you will be informed of your creditworthiness immediately.<\/p>\n<\/div>\n\n\n\n<div class=\"wp-block-group is-vertical is-layout-flex wp-container-core-group-is-layout-355c4241 wp-block-group-is-layout-flex\">\n<p>If your application is approved, you will receive your personalized offer the following day.<\/p>\n<\/div>\n\n\n\n<div class=\"wp-block-group is-vertical is-layout-flex wp-container-core-group-is-layout-355c4241 wp-block-group-is-layout-flex\">\n<p>Your loan amount will be transferred to your postal or bank account. Cash payment is possible upon request. Please let us know which payment method you prefer.<\/p>\n<\/div>\n\n\n\n<div class=\"wp-block-group is-vertical is-layout-flex wp-container-core-group-is-layout-355c4241 wp-block-group-is-layout-flex\">\n<p>Now you can realize your plans without worry.<\/p>\n<\/div>\n<\/div>\n<\/div>\n\n\n\n<div class=\"wp-block-column is-layout-flow wp-block-column-is-layout-flow\" style=\"padding-top:0;padding-right:0;padding-bottom:0;padding-left:0;flex-basis:33.33%\">\n<div class=\"wp-block-group has-gradient-2-gradient-background has-background is-layout-constrained wp-container-core-group-is-layout-db32e940 wp-block-group-is-layout-constrained\" style=\"padding-top:var(--wp--preset--spacing--60);padding-right:var(--wp--preset--spacing--60);padding-bottom:var(--wp--preset--spacing--60);padding-left:var(--wp--preset--spacing--60)\">\n<h4 class=\"wp-block-heading has-text-align-center has-light-color has-text-color has-link-color wp-elements-73cdc8cf6a9f7a7b0c32b69926a781ea\">Free loan advice<\/h4>\n\n\n\n<p class=\"has-text-align-center has-light-color has-text-color has-link-color wp-elements-0b0c372aff6be425a596a569e3270890\">With us you will receive a free<\/p>\n\n\n\n<p class=\"has-text-align-center has-light-color has-text-color has-link-color wp-elements-126e59ece960d143c68550bd5a43a396\"><strong>Credit advice in 10 different languages<\/strong><\/p>\n\n\n\n<figure class=\"wp-block-image size-full\" style=\"margin-top:var(--wp--preset--spacing--50)\"><img loading=\"lazy\" decoding=\"async\" width=\"826\" height=\"580\" src=\"https:\/\/kredit.ch\/wp-content\/themes\/kredit\/img\/cta-image.png\" alt=\"\" class=\"wp-image-745\"\/><\/figure>\n\n\n\n<div class=\"wp-block-buttons is-content-justification-center is-layout-flex wp-container-core-buttons-is-layout-222c5d1d wp-block-buttons-is-layout-flex\" style=\"margin-bottom:var(--wp--preset--spacing--50)\">\n<div class=\"wp-block-button\"><a class=\"wp-block-button__link wp-element-button\" href=\"tel:044 404 75 70\">044 404 75 70<\/a><\/div>\n<\/div>\n<\/div>\n<\/div>\n<\/div>\n\n\n\n<div style=\"height:100px\" aria-hidden=\"true\" class=\"wp-block-spacer\"><\/div>\n<\/div>","protected":false},"excerpt":{"rendered":"<p>1 Kreditinformationen 2 Pers\u00f6nliche Angaben 3 Allgemeine Daten 4 Zus\u00e4tzliche Informationen 5 Datei hochladen 6 Antrag senden 6. Antrag senden Kredit aufnehmen In der Schweiz einen Kredit aufnehmen ist mit der richtigen Beratung ein Kinderspiel. Sei es f\u00fcr ein neues Auto oder f\u00fcr Mobiliar, ein Kredit ist oftmals die flexibelste und planbarste Finanzierungsl\u00f6sung. Kredit.ch bietet [&hellip;]<\/p>\n","protected":false},"author":1,"featured_media":0,"parent":0,"menu_order":0,"comment_status":"closed","ping_status":"closed","template":"page-no-title-full-width","meta":{"footnotes":""},"class_list":["post-126","page","type-page","status-publish","hentry"],"yoast_head":"<!-- This site is optimized with the Yoast SEO plugin v27.5 - https:\/\/yoast.com\/product\/yoast-seo-wordpress\/ -->\n<title>Dokumente hochgeladen - Kredit ab 4.9% beantragen<\/title>\n<meta name=\"robots\" content=\"index, follow, max-snippet:-1, max-image-preview:large, max-video-preview:-1\" \/>\n<link rel=\"canonical\" href=\"https:\/\/kredit.ch\/en\/dokumente-hochgeladen\/\" \/>\n<meta property=\"og:locale\" content=\"en_US\" \/>\n<meta property=\"og:type\" content=\"article\" \/>\n<meta property=\"og:title\" content=\"Dokumente hochgeladen - Kredit ab 4.9% beantragen\" \/>\n<meta property=\"og:description\" content=\"1 Kreditinformationen 2 Pers\u00f6nliche Angaben 3 Allgemeine Daten 4 Zus\u00e4tzliche Informationen 5 Datei hochladen 6 Antrag senden 6. Antrag senden Kredit aufnehmen In der Schweiz einen Kredit aufnehmen ist mit der richtigen Beratung ein Kinderspiel. Sei es f\u00fcr ein neues Auto oder f\u00fcr Mobiliar, ein Kredit ist oftmals die flexibelste und planbarste Finanzierungsl\u00f6sung. Kredit.ch bietet [&hellip;]\" \/>\n<meta property=\"og:url\" content=\"https:\/\/kredit.ch\/en\/dokumente-hochgeladen\/\" \/>\n<meta property=\"og:site_name\" content=\"Kredit ab 4.9% beantragen\" \/>\n<meta property=\"article:publisher\" content=\"https:\/\/www.facebook.com\/easycreditag\/\" \/>\n<meta property=\"article:modified_time\" content=\"2026-01-20T17:06:37+00:00\" \/>\n<meta name=\"twitter:card\" content=\"summary_large_image\" \/>\n<meta name=\"twitter:label1\" content=\"Est. reading time\" \/>\n\t<meta name=\"twitter:data1\" content=\"2 minutes\" \/>\n<script type=\"application\/ld+json\" class=\"yoast-schema-graph\">{\"@context\":\"https:\\\/\\\/schema.org\",\"@graph\":[{\"@type\":\"WebPage\",\"@id\":\"https:\\\/\\\/kredit.ch\\\/dokumente-hochgeladen\\\/\",\"url\":\"https:\\\/\\\/kredit.ch\\\/dokumente-hochgeladen\\\/\",\"name\":\"Dokumente hochgeladen - Kredit ab 4.9% beantragen\",\"isPartOf\":{\"@id\":\"https:\\\/\\\/kredit.ch\\\/#website\"},\"datePublished\":\"2024-06-26T20:26:19+00:00\",\"dateModified\":\"2026-01-20T17:06:37+00:00\",\"breadcrumb\":{\"@id\":\"https:\\\/\\\/kredit.ch\\\/dokumente-hochgeladen\\\/#breadcrumb\"},\"inLanguage\":\"en-US\",\"potentialAction\":[{\"@type\":\"ReadAction\",\"target\":[\"https:\\\/\\\/kredit.ch\\\/dokumente-hochgeladen\\\/\"]}]},{\"@type\":\"BreadcrumbList\",\"@id\":\"https:\\\/\\\/kredit.ch\\\/dokumente-hochgeladen\\\/#breadcrumb\",\"itemListElement\":[{\"@type\":\"ListItem\",\"position\":1,\"name\":\"Home\",\"item\":\"https:\\\/\\\/kredit.ch\\\/\"},{\"@type\":\"ListItem\",\"position\":2,\"name\":\"Dokumente hochgeladen\"}]},{\"@type\":\"WebSite\",\"@id\":\"https:\\\/\\\/kredit.ch\\\/#website\",\"url\":\"https:\\\/\\\/kredit.ch\\\/\",\"name\":\"easycredit\",\"description\":\"Seit 15 Jahren Kreditpartner in Schweiz\",\"publisher\":{\"@id\":\"https:\\\/\\\/kredit.ch\\\/#organization\"},\"potentialAction\":[{\"@type\":\"SearchAction\",\"target\":{\"@type\":\"EntryPoint\",\"urlTemplate\":\"https:\\\/\\\/kredit.ch\\\/?s={search_term_string}\"},\"query-input\":{\"@type\":\"PropertyValueSpecification\",\"valueRequired\":true,\"valueName\":\"search_term_string\"}}],\"inLanguage\":\"en-US\"},{\"@type\":\"Organization\",\"@id\":\"https:\\\/\\\/kredit.ch\\\/#organization\",\"name\":\"easycredit\",\"url\":\"https:\\\/\\\/kredit.ch\\\/\",\"logo\":{\"@type\":\"ImageObject\",\"inLanguage\":\"en-US\",\"@id\":\"https:\\\/\\\/kredit.ch\\\/#\\\/schema\\\/logo\\\/image\\\/\",\"url\":\"https:\\\/\\\/kredit.ch\\\/wp-content\\\/uploads\\\/2025\\\/11\\\/logo.svg\",\"contentUrl\":\"https:\\\/\\\/kredit.ch\\\/wp-content\\\/uploads\\\/2025\\\/11\\\/logo.svg\",\"caption\":\"easycredit\"},\"image\":{\"@id\":\"https:\\\/\\\/kredit.ch\\\/#\\\/schema\\\/logo\\\/image\\\/\"},\"sameAs\":[\"https:\\\/\\\/www.facebook.com\\\/easycreditag\\\/\"]}]}<\/script>\n<!-- \/ Yoast SEO plugin. -->","yoast_head_json":{"title":"Dokumente hochgeladen - Kredit ab 4.9% beantragen","robots":{"index":"index","follow":"follow","max-snippet":"max-snippet:-1","max-image-preview":"max-image-preview:large","max-video-preview":"max-video-preview:-1"},"canonical":"https:\/\/kredit.ch\/en\/dokumente-hochgeladen\/","og_locale":"en_US","og_type":"article","og_title":"Dokumente hochgeladen - Kredit ab 4.9% beantragen","og_description":"1 Kreditinformationen 2 Pers\u00f6nliche Angaben 3 Allgemeine Daten 4 Zus\u00e4tzliche Informationen 5 Datei hochladen 6 Antrag senden 6. Antrag senden Kredit aufnehmen In der Schweiz einen Kredit aufnehmen ist mit der richtigen Beratung ein Kinderspiel. Sei es f\u00fcr ein neues Auto oder f\u00fcr Mobiliar, ein Kredit ist oftmals die flexibelste und planbarste Finanzierungsl\u00f6sung. Kredit.ch bietet [&hellip;]","og_url":"https:\/\/kredit.ch\/en\/dokumente-hochgeladen\/","og_site_name":"Kredit ab 4.9% beantragen","article_publisher":"https:\/\/www.facebook.com\/easycreditag\/","article_modified_time":"2026-01-20T17:06:37+00:00","twitter_card":"summary_large_image","twitter_misc":{"Est. reading time":"2 minutes"},"schema":{"@context":"https:\/\/schema.org","@graph":[{"@type":"WebPage","@id":"https:\/\/kredit.ch\/dokumente-hochgeladen\/","url":"https:\/\/kredit.ch\/dokumente-hochgeladen\/","name":"Dokumente hochgeladen - Kredit ab 4.9% beantragen","isPartOf":{"@id":"https:\/\/kredit.ch\/#website"},"datePublished":"2024-06-26T20:26:19+00:00","dateModified":"2026-01-20T17:06:37+00:00","breadcrumb":{"@id":"https:\/\/kredit.ch\/dokumente-hochgeladen\/#breadcrumb"},"inLanguage":"en-US","potentialAction":[{"@type":"ReadAction","target":["https:\/\/kredit.ch\/dokumente-hochgeladen\/"]}]},{"@type":"BreadcrumbList","@id":"https:\/\/kredit.ch\/dokumente-hochgeladen\/#breadcrumb","itemListElement":[{"@type":"ListItem","position":1,"name":"Home","item":"https:\/\/kredit.ch\/"},{"@type":"ListItem","position":2,"name":"Dokumente hochgeladen"}]},{"@type":"WebSite","@id":"https:\/\/kredit.ch\/#website","url":"https:\/\/kredit.ch\/","name":"easycredit","description":"Seit 15 Jahren Kreditpartner in Schweiz","publisher":{"@id":"https:\/\/kredit.ch\/#organization"},"potentialAction":[{"@type":"SearchAction","target":{"@type":"EntryPoint","urlTemplate":"https:\/\/kredit.ch\/?s={search_term_string}"},"query-input":{"@type":"PropertyValueSpecification","valueRequired":true,"valueName":"search_term_string"}}],"inLanguage":"en-US"},{"@type":"Organization","@id":"https:\/\/kredit.ch\/#organization","name":"easycredit","url":"https:\/\/kredit.ch\/","logo":{"@type":"ImageObject","inLanguage":"en-US","@id":"https:\/\/kredit.ch\/#\/schema\/logo\/image\/","url":"https:\/\/kredit.ch\/wp-content\/uploads\/2025\/11\/logo.svg","contentUrl":"https:\/\/kredit.ch\/wp-content\/uploads\/2025\/11\/logo.svg","caption":"easycredit"},"image":{"@id":"https:\/\/kredit.ch\/#\/schema\/logo\/image\/"},"sameAs":["https:\/\/www.facebook.com\/easycreditag\/"]}]}},"_links":{"self":[{"href":"https:\/\/kredit.ch\/en\/wp-json\/wp\/v2\/pages\/126","targetHints":{"allow":["GET"]}}],"collection":[{"href":"https:\/\/kredit.ch\/en\/wp-json\/wp\/v2\/pages"}],"about":[{"href":"https:\/\/kredit.ch\/en\/wp-json\/wp\/v2\/types\/page"}],"author":[{"embeddable":true,"href":"https:\/\/kredit.ch\/en\/wp-json\/wp\/v2\/users\/1"}],"replies":[{"embeddable":true,"href":"https:\/\/kredit.ch\/en\/wp-json\/wp\/v2\/comments?post=126"}],"version-history":[{"count":7,"href":"https:\/\/kredit.ch\/en\/wp-json\/wp\/v2\/pages\/126\/revisions"}],"predecessor-version":[{"id":1298,"href":"https:\/\/kredit.ch\/en\/wp-json\/wp\/v2\/pages\/126\/revisions\/1298"}],"wp:attachment":[{"href":"https:\/\/kredit.ch\/en\/wp-json\/wp\/v2\/media?parent=126"}],"curies":[{"name":"wp","href":"https:\/\/api.w.org\/{rel}","templated":true}]}}