{"id":1011,"date":"2025-12-29T21:33:22","date_gmt":"2025-12-29T21:33:22","guid":{"rendered":"https:\/\/kredit.ch\/?page_id=1011"},"modified":"2026-01-24T13:17:44","modified_gmt":"2026-01-24T13:17:44","slug":"so-einfach-funktionierts","status":"publish","type":"page","link":"https:\/\/kredit.ch\/en\/so-einfach-funktionierts\/","title":{"rendered":"It works that easily."},"content":{"rendered":"<div class=\"wp-block-group is-layout-constrained wp-block-group-is-layout-constrained\">\n<div style=\"height:40px\" aria-hidden=\"true\" class=\"wp-block-spacer\"><\/div>\n\n\n\n<h2 class=\"wp-block-heading has-text-align-left has-medium-font-size\">Your loan is just three steps away:<\/h2>\n\n\n\n<div class=\"wp-block-group is-layout-flow wp-block-group-is-layout-flow\">\n<p>To ensure you're prepared for the possibility of unemployment when using your loan, we recommend insuring your loan repayments against unemployment, disability, and incapacity for work. This way, you can enjoy your new home furnishings, car, or vacation without worry.<\/p>\n\n\n\n<div style=\"height:50px\" aria-hidden=\"true\" class=\"wp-block-spacer\"><\/div>\n\n\n\n<div class=\"wp-block-columns framed-columns is-layout-flex wp-container-core-columns-is-layout-08c01c1c wp-block-columns-is-layout-flex\">\n<div class=\"wp-block-column has-border-color has-primary-light-border-color is-layout-flow wp-container-core-column-is-layout-8a368f38 wp-block-column-is-layout-flow\" style=\"border-width:1px\">\n<div class=\"wp-block-group has-secondary-light-background-color has-background is-layout-constrained wp-container-core-group-is-layout-f611be13 wp-block-group-is-layout-constrained\" style=\"padding-top:var(--wp--preset--spacing--50);padding-right:var(--wp--preset--spacing--50);padding-bottom:var(--wp--preset--spacing--50);padding-left:var(--wp--preset--spacing--50)\">\n<h6 class=\"wp-block-heading number has-medium-font-size\">01. <strong>Inform and calculate<\/strong><\/h6>\n<\/div>\n\n\n\n<div class=\"wp-block-group is-vertical is-content-justification-stretch is-nowrap is-layout-flex wp-container-core-group-is-layout-872ef9f2 wp-block-group-is-layout-flex\" style=\"padding-top:var(--wp--preset--spacing--50);padding-right:var(--wp--preset--spacing--50);padding-bottom:var(--wp--preset--spacing--50);padding-left:var(--wp--preset--spacing--50)\">\n<p><strong>Find out about your loan options in just a few clicks.<\/strong><\/p>\n\n\n\n<p>For better orientation, you will find under the heading \u00ab<a href=\"https:\/\/kredit.ch\/en\/haeufig-gestellte-kreditfragen\/\" type=\"page\" id=\"270\">Frequently Asked Questions<\/a>\" the most frequently asked questions about loans.\" <a href=\"https:\/\/kredit.ch\/en\/kredit-beantragen\/\" type=\"page\" id=\"128\">Loan calculator<\/a> Determine the appropriate installments for your bank loan.<\/p>\n\n\n\n<p>And if you would like additional personal advice, we are always happy to assist you.<\/p>\n\n\n\n<div class=\"wp-block-buttons is-layout-flex wp-block-buttons-is-layout-flex\">\n<div class=\"wp-block-button\"><a class=\"wp-block-button__link wp-element-button\" href=\"https:\/\/kredit.ch\/en\/kontakt\/\">Contact us<\/a><\/div>\n<\/div>\n<\/div>\n<\/div>\n\n\n\n<div class=\"wp-block-column has-border-color has-primary-light-border-color is-layout-flow wp-block-column-is-layout-flow\" style=\"border-width:1px\">\n<div class=\"wp-block-group has-secondary-light-background-color has-background is-layout-constrained wp-container-core-group-is-layout-f611be13 wp-block-group-is-layout-constrained\" style=\"padding-top:var(--wp--preset--spacing--50);padding-right:var(--wp--preset--spacing--50);padding-bottom:var(--wp--preset--spacing--50);padding-left:var(--wp--preset--spacing--50)\">\n<h6 class=\"wp-block-heading number has-medium-font-size\">02. <strong>Apply for a loan online<\/strong><\/h6>\n<\/div>\n\n\n\n<div class=\"wp-block-group is-vertical is-nowrap is-layout-flex wp-container-core-group-is-layout-74765b67 wp-block-group-is-layout-flex\" style=\"padding-top:var(--wp--preset--spacing--50);padding-right:var(--wp--preset--spacing--50);padding-bottom:var(--wp--preset--spacing--50);padding-left:var(--wp--preset--spacing--50)\">\n<p><strong>Create your free loan application.<\/strong><\/p>\n\n\n\n<p>You can handle your financing request for a loan with us discreetly and easily:<\/p>\n\n\n\n<div class=\"wp-block-group is-content-justification-left is-nowrap is-layout-flex wp-container-core-group-is-layout-b058e576 wp-block-group-is-layout-flex\">\n<figure class=\"wp-block-image size-full\"><img decoding=\"async\" src=\"https:\/\/kredit.ch\/wp-content\/uploads\/2025\/12\/phone-lighter-icon.svg\" alt=\"\" class=\"wp-image-1037\"\/><\/figure>\n\n\n\n<p class=\"border-right\" style=\"padding-right:var(--wp--preset--spacing--40)\"><strong><a href=\"tel:044 404 75 70\">044 404 75 70<\/a> <\/strong><br><strong>Call and apply for a loan<\/strong><\/p>\n<\/div>\n\n\n\n<p>After your creditworthiness has been checked, you will receive your contract documents by mail. You simply need to sign the documents and return them to us.<\/p>\n\n\n\n<div class=\"wp-block-buttons is-layout-flex wp-block-buttons-is-layout-flex\">\n<div class=\"wp-block-button\"><a class=\"wp-block-button__link wp-element-button\" href=\"https:\/\/kredit.ch\/en\/kredit-beantragen\/\">Loan application<\/a><\/div>\n<\/div>\n<\/div>\n<\/div>\n\n\n\n<div class=\"wp-block-column has-border-color has-primary-light-border-color is-layout-flow wp-block-column-is-layout-flow\" style=\"border-width:1px\">\n<div class=\"wp-block-group has-secondary-light-background-color has-background is-layout-constrained wp-container-core-group-is-layout-f611be13 wp-block-group-is-layout-constrained\" style=\"padding-top:var(--wp--preset--spacing--50);padding-right:var(--wp--preset--spacing--50);padding-bottom:var(--wp--preset--spacing--50);padding-left:var(--wp--preset--spacing--50)\">\n<h6 class=\"wp-block-heading number has-medium-font-size\">03. <strong>Loan payout<\/strong><\/h6>\n<\/div>\n\n\n\n<div class=\"wp-block-group is-vertical is-nowrap is-layout-flex wp-container-core-group-is-layout-74765b67 wp-block-group-is-layout-flex\" style=\"padding-top:var(--wp--preset--spacing--50);padding-right:var(--wp--preset--spacing--50);padding-bottom:var(--wp--preset--spacing--50);padding-left:var(--wp--preset--spacing--50)\">\n<p><strong>Your application will be processed responsibly and competently.<\/strong><\/p>\n\n\n\n<p>The personal loan will be disbursed after the statutory waiting period has expired. The loan amount will be transferred to your account immediately.<\/p>\n\n\n\n<div class=\"wp-block-buttons is-layout-flex wp-block-buttons-is-layout-flex\">\n<div class=\"wp-block-button\"><a class=\"wp-block-button__link wp-element-button\" href=\"https:\/\/kredit.ch\/en\/haeufig-gestellte-kreditfragen\/\">Further questions<\/a><\/div>\n<\/div>\n<\/div>\n<\/div>\n<\/div>\n<\/div>\n\n\n\n<div style=\"height:40px\" aria-hidden=\"true\" class=\"wp-block-spacer\"><\/div>\n\n\n\n<div class=\"wp-block-columns is-layout-flex wp-container-core-columns-is-layout-47c06fe3 wp-block-columns-is-layout-flex\">\n<div class=\"wp-block-column is-layout-flow wp-block-column-is-layout-flow\" style=\"flex-basis:66.66%\">\n<div class=\"wp-block-group gray-box has-secondary-light-background-color has-background is-content-justification-left is-layout-constrained wp-container-core-group-is-layout-12dd3699 wp-block-group-is-layout-constrained\">\n<h4 class=\"wp-block-heading\">Non-binding, discreet and free loan application!<\/h4>\n\n\n\n<hr class=\"wp-block-separator has-alpha-channel-opacity\"\/>\n\n\n\n<p style=\"padding-top:var(--wp--preset--spacing--50);padding-right:0;padding-bottom:var(--wp--preset--spacing--50)\">Our online platform is designed to be particularly secure and user-friendly, so that you<br>you can submit your online loan application in just a few steps while your sensitive data is protected.<\/p>\n\n\n\n<div class=\"wp-block-buttons is-layout-flex wp-block-buttons-is-layout-flex\">\n<div class=\"wp-block-button\"><a class=\"wp-block-button__link wp-element-button\" href=\"https:\/\/kredit.ch\/en\/kredit-beantragen\/\">Apply for a loan now<\/a><\/div>\n<\/div>\n\n\n\n<figure class=\"wp-block-image size-full is-resized mockup\"><img loading=\"lazy\" decoding=\"async\" width=\"624\" height=\"934\" src=\"https:\/\/kredit.ch\/wp-content\/uploads\/2025\/12\/mockup.png-22-10-24-651.png\" alt=\"\" class=\"wp-image-1004\" style=\"object-fit:cover;width:312px;height:467px\" srcset=\"https:\/\/kredit.ch\/wp-content\/uploads\/2025\/12\/mockup.png-22-10-24-651.png 624w, https:\/\/kredit.ch\/wp-content\/uploads\/2025\/12\/mockup.png-22-10-24-651-200x300.png 200w, https:\/\/kredit.ch\/wp-content\/uploads\/2025\/12\/mockup.png-22-10-24-651-8x12.png 8w\" sizes=\"auto, (max-width: 624px) 100vw, 624px\" \/><\/figure>\n<\/div>\n<\/div>\n\n\n\n<div class=\"wp-block-column is-layout-flow wp-block-column-is-layout-flow\" style=\"padding-top:0;padding-right:0;padding-bottom:0;padding-left:0;flex-basis:33.33%\">\n<div class=\"wp-block-group has-gradient-2-gradient-background has-background is-layout-constrained wp-container-core-group-is-layout-db32e940 wp-block-group-is-layout-constrained\" style=\"padding-top:var(--wp--preset--spacing--60);padding-right:var(--wp--preset--spacing--60);padding-bottom:var(--wp--preset--spacing--60);padding-left:var(--wp--preset--spacing--60)\">\n<h4 class=\"wp-block-heading has-text-align-center has-light-color has-text-color has-link-color wp-elements-73cdc8cf6a9f7a7b0c32b69926a781ea\">Free loan advice<\/h4>\n\n\n\n<p class=\"has-text-align-center has-light-color has-text-color has-link-color wp-elements-0b0c372aff6be425a596a569e3270890\">With us you will receive a free<\/p>\n\n\n\n<p class=\"has-text-align-center has-light-color has-text-color has-link-color wp-elements-126e59ece960d143c68550bd5a43a396\"><strong>Credit advice in 10 different languages<\/strong><\/p>\n\n\n\n<figure class=\"wp-block-image size-full\" style=\"margin-top:var(--wp--preset--spacing--50)\"><img loading=\"lazy\" decoding=\"async\" width=\"826\" height=\"580\" src=\"https:\/\/kredit.ch\/wp-content\/themes\/kredit\/img\/cta-image.png\" alt=\"\" class=\"wp-image-745\"\/><\/figure>\n\n\n\n<div class=\"wp-block-buttons is-content-justification-center is-layout-flex wp-container-core-buttons-is-layout-222c5d1d wp-block-buttons-is-layout-flex\" style=\"margin-bottom:var(--wp--preset--spacing--50)\">\n<div class=\"wp-block-button\"><a class=\"wp-block-button__link wp-element-button\" href=\"tel:044 404 75 70\">044 404 75 70<\/a><\/div>\n<\/div>\n<\/div>\n<\/div>\n<\/div>\n\n\n\n<div style=\"height:40px\" aria-hidden=\"true\" class=\"wp-block-spacer\"><\/div>\n<\/div>","protected":false},"excerpt":{"rendered":"<p>Nur drei Schritten zu Ihrem Kredit: Damit Sie bei Ihrem Kredit auch f\u00fcr den Fall einer Erwerbslosigkeit vorbereitet sind, empfehlen wir Ihnen die Raten gegen Arbeitslosigkeit, Arbeitsunf\u00e4higkeit und Erwerbsunf\u00e4higkeit abzusichern. So k\u00f6nnen Sie Ihr neues Wohnungsinterieur, das Auto oder Ihre Ferien unbeschwert geniessen. 01. Informieren und rechnen Informieren Sie sich mit wenigen Klicks \u00fcber die [&hellip;]<\/p>\n","protected":false},"author":1,"featured_media":0,"parent":0,"menu_order":0,"comment_status":"closed","ping_status":"closed","template":"page-no-title-full-width","meta":{"footnotes":""},"class_list":["post-1011","page","type-page","status-publish","hentry"],"yoast_head":"<!-- This site is optimized with the Yoast SEO plugin v27.5 - https:\/\/yoast.com\/product\/yoast-seo-wordpress\/ -->\n<title>So einfach funktioniert&#039;s - Kredit ab 4.9% beantragen<\/title>\n<meta name=\"robots\" content=\"index, follow, max-snippet:-1, max-image-preview:large, max-video-preview:-1\" \/>\n<link rel=\"canonical\" href=\"https:\/\/kredit.ch\/en\/so-einfach-funktionierts\/\" \/>\n<meta property=\"og:locale\" content=\"en_US\" \/>\n<meta property=\"og:type\" content=\"article\" \/>\n<meta property=\"og:title\" content=\"So einfach funktioniert&#039;s - Kredit ab 4.9% beantragen\" \/>\n<meta property=\"og:description\" content=\"Nur drei Schritten zu Ihrem Kredit: Damit Sie bei Ihrem Kredit auch f\u00fcr den Fall einer Erwerbslosigkeit vorbereitet sind, empfehlen wir Ihnen die Raten gegen Arbeitslosigkeit, Arbeitsunf\u00e4higkeit und Erwerbsunf\u00e4higkeit abzusichern. So k\u00f6nnen Sie Ihr neues Wohnungsinterieur, das Auto oder Ihre Ferien unbeschwert geniessen. 01. Informieren und rechnen Informieren Sie sich mit wenigen Klicks \u00fcber die [&hellip;]\" \/>\n<meta property=\"og:url\" content=\"https:\/\/kredit.ch\/en\/so-einfach-funktionierts\/\" \/>\n<meta property=\"og:site_name\" content=\"Kredit ab 4.9% beantragen\" \/>\n<meta property=\"article:publisher\" content=\"https:\/\/www.facebook.com\/easycreditag\/\" \/>\n<meta property=\"article:modified_time\" content=\"2026-01-24T13:17:44+00:00\" \/>\n<meta name=\"twitter:card\" content=\"summary_large_image\" \/>\n<meta name=\"twitter:label1\" content=\"Est. reading time\" \/>\n\t<meta name=\"twitter:data1\" content=\"4 minutes\" \/>\n<script type=\"application\/ld+json\" class=\"yoast-schema-graph\">{\"@context\":\"https:\\\/\\\/schema.org\",\"@graph\":[{\"@type\":\"WebPage\",\"@id\":\"https:\\\/\\\/kredit.ch\\\/so-einfach-funktionierts\\\/\",\"url\":\"https:\\\/\\\/kredit.ch\\\/so-einfach-funktionierts\\\/\",\"name\":\"So einfach funktioniert's - Kredit ab 4.9% beantragen\",\"isPartOf\":{\"@id\":\"https:\\\/\\\/kredit.ch\\\/#website\"},\"primaryImageOfPage\":{\"@id\":\"https:\\\/\\\/kredit.ch\\\/so-einfach-funktionierts\\\/#primaryimage\"},\"image\":{\"@id\":\"https:\\\/\\\/kredit.ch\\\/so-einfach-funktionierts\\\/#primaryimage\"},\"thumbnailUrl\":\"https:\\\/\\\/kredit.ch\\\/wp-content\\\/uploads\\\/2025\\\/12\\\/phone-lighter-icon.svg\",\"datePublished\":\"2025-12-29T21:33:22+00:00\",\"dateModified\":\"2026-01-24T13:17:44+00:00\",\"breadcrumb\":{\"@id\":\"https:\\\/\\\/kredit.ch\\\/so-einfach-funktionierts\\\/#breadcrumb\"},\"inLanguage\":\"en-US\",\"potentialAction\":[{\"@type\":\"ReadAction\",\"target\":[\"https:\\\/\\\/kredit.ch\\\/so-einfach-funktionierts\\\/\"]}]},{\"@type\":\"ImageObject\",\"inLanguage\":\"en-US\",\"@id\":\"https:\\\/\\\/kredit.ch\\\/so-einfach-funktionierts\\\/#primaryimage\",\"url\":\"https:\\\/\\\/kredit.ch\\\/wp-content\\\/uploads\\\/2025\\\/12\\\/phone-lighter-icon.svg\",\"contentUrl\":\"https:\\\/\\\/kredit.ch\\\/wp-content\\\/uploads\\\/2025\\\/12\\\/phone-lighter-icon.svg\"},{\"@type\":\"BreadcrumbList\",\"@id\":\"https:\\\/\\\/kredit.ch\\\/so-einfach-funktionierts\\\/#breadcrumb\",\"itemListElement\":[{\"@type\":\"ListItem\",\"position\":1,\"name\":\"Home\",\"item\":\"https:\\\/\\\/kredit.ch\\\/\"},{\"@type\":\"ListItem\",\"position\":2,\"name\":\"So einfach funktioniert&#8217;s\"}]},{\"@type\":\"WebSite\",\"@id\":\"https:\\\/\\\/kredit.ch\\\/#website\",\"url\":\"https:\\\/\\\/kredit.ch\\\/\",\"name\":\"easycredit\",\"description\":\"Seit 15 Jahren Kreditpartner in Schweiz\",\"publisher\":{\"@id\":\"https:\\\/\\\/kredit.ch\\\/#organization\"},\"potentialAction\":[{\"@type\":\"SearchAction\",\"target\":{\"@type\":\"EntryPoint\",\"urlTemplate\":\"https:\\\/\\\/kredit.ch\\\/?s={search_term_string}\"},\"query-input\":{\"@type\":\"PropertyValueSpecification\",\"valueRequired\":true,\"valueName\":\"search_term_string\"}}],\"inLanguage\":\"en-US\"},{\"@type\":\"Organization\",\"@id\":\"https:\\\/\\\/kredit.ch\\\/#organization\",\"name\":\"easycredit\",\"url\":\"https:\\\/\\\/kredit.ch\\\/\",\"logo\":{\"@type\":\"ImageObject\",\"inLanguage\":\"en-US\",\"@id\":\"https:\\\/\\\/kredit.ch\\\/#\\\/schema\\\/logo\\\/image\\\/\",\"url\":\"https:\\\/\\\/kredit.ch\\\/wp-content\\\/uploads\\\/2025\\\/11\\\/logo.svg\",\"contentUrl\":\"https:\\\/\\\/kredit.ch\\\/wp-content\\\/uploads\\\/2025\\\/11\\\/logo.svg\",\"caption\":\"easycredit\"},\"image\":{\"@id\":\"https:\\\/\\\/kredit.ch\\\/#\\\/schema\\\/logo\\\/image\\\/\"},\"sameAs\":[\"https:\\\/\\\/www.facebook.com\\\/easycreditag\\\/\"]}]}<\/script>\n<!-- \/ Yoast SEO plugin. -->","yoast_head_json":{"title":"So einfach funktioniert's - Kredit ab 4.9% beantragen","robots":{"index":"index","follow":"follow","max-snippet":"max-snippet:-1","max-image-preview":"max-image-preview:large","max-video-preview":"max-video-preview:-1"},"canonical":"https:\/\/kredit.ch\/en\/so-einfach-funktionierts\/","og_locale":"en_US","og_type":"article","og_title":"So einfach funktioniert's - Kredit ab 4.9% beantragen","og_description":"Nur drei Schritten zu Ihrem Kredit: Damit Sie bei Ihrem Kredit auch f\u00fcr den Fall einer Erwerbslosigkeit vorbereitet sind, empfehlen wir Ihnen die Raten gegen Arbeitslosigkeit, Arbeitsunf\u00e4higkeit und Erwerbsunf\u00e4higkeit abzusichern. So k\u00f6nnen Sie Ihr neues Wohnungsinterieur, das Auto oder Ihre Ferien unbeschwert geniessen. 01. Informieren und rechnen Informieren Sie sich mit wenigen Klicks \u00fcber die [&hellip;]","og_url":"https:\/\/kredit.ch\/en\/so-einfach-funktionierts\/","og_site_name":"Kredit ab 4.9% beantragen","article_publisher":"https:\/\/www.facebook.com\/easycreditag\/","article_modified_time":"2026-01-24T13:17:44+00:00","twitter_card":"summary_large_image","twitter_misc":{"Est. reading time":"4 minutes"},"schema":{"@context":"https:\/\/schema.org","@graph":[{"@type":"WebPage","@id":"https:\/\/kredit.ch\/so-einfach-funktionierts\/","url":"https:\/\/kredit.ch\/so-einfach-funktionierts\/","name":"So einfach funktioniert's - Kredit ab 4.9% beantragen","isPartOf":{"@id":"https:\/\/kredit.ch\/#website"},"primaryImageOfPage":{"@id":"https:\/\/kredit.ch\/so-einfach-funktionierts\/#primaryimage"},"image":{"@id":"https:\/\/kredit.ch\/so-einfach-funktionierts\/#primaryimage"},"thumbnailUrl":"https:\/\/kredit.ch\/wp-content\/uploads\/2025\/12\/phone-lighter-icon.svg","datePublished":"2025-12-29T21:33:22+00:00","dateModified":"2026-01-24T13:17:44+00:00","breadcrumb":{"@id":"https:\/\/kredit.ch\/so-einfach-funktionierts\/#breadcrumb"},"inLanguage":"en-US","potentialAction":[{"@type":"ReadAction","target":["https:\/\/kredit.ch\/so-einfach-funktionierts\/"]}]},{"@type":"ImageObject","inLanguage":"en-US","@id":"https:\/\/kredit.ch\/so-einfach-funktionierts\/#primaryimage","url":"https:\/\/kredit.ch\/wp-content\/uploads\/2025\/12\/phone-lighter-icon.svg","contentUrl":"https:\/\/kredit.ch\/wp-content\/uploads\/2025\/12\/phone-lighter-icon.svg"},{"@type":"BreadcrumbList","@id":"https:\/\/kredit.ch\/so-einfach-funktionierts\/#breadcrumb","itemListElement":[{"@type":"ListItem","position":1,"name":"Home","item":"https:\/\/kredit.ch\/"},{"@type":"ListItem","position":2,"name":"So einfach funktioniert&#8217;s"}]},{"@type":"WebSite","@id":"https:\/\/kredit.ch\/#website","url":"https:\/\/kredit.ch\/","name":"easycredit","description":"Seit 15 Jahren Kreditpartner in Schweiz","publisher":{"@id":"https:\/\/kredit.ch\/#organization"},"potentialAction":[{"@type":"SearchAction","target":{"@type":"EntryPoint","urlTemplate":"https:\/\/kredit.ch\/?s={search_term_string}"},"query-input":{"@type":"PropertyValueSpecification","valueRequired":true,"valueName":"search_term_string"}}],"inLanguage":"en-US"},{"@type":"Organization","@id":"https:\/\/kredit.ch\/#organization","name":"easycredit","url":"https:\/\/kredit.ch\/","logo":{"@type":"ImageObject","inLanguage":"en-US","@id":"https:\/\/kredit.ch\/#\/schema\/logo\/image\/","url":"https:\/\/kredit.ch\/wp-content\/uploads\/2025\/11\/logo.svg","contentUrl":"https:\/\/kredit.ch\/wp-content\/uploads\/2025\/11\/logo.svg","caption":"easycredit"},"image":{"@id":"https:\/\/kredit.ch\/#\/schema\/logo\/image\/"},"sameAs":["https:\/\/www.facebook.com\/easycreditag\/"]}]}},"_links":{"self":[{"href":"https:\/\/kredit.ch\/en\/wp-json\/wp\/v2\/pages\/1011","targetHints":{"allow":["GET"]}}],"collection":[{"href":"https:\/\/kredit.ch\/en\/wp-json\/wp\/v2\/pages"}],"about":[{"href":"https:\/\/kredit.ch\/en\/wp-json\/wp\/v2\/types\/page"}],"author":[{"embeddable":true,"href":"https:\/\/kredit.ch\/en\/wp-json\/wp\/v2\/users\/1"}],"replies":[{"embeddable":true,"href":"https:\/\/kredit.ch\/en\/wp-json\/wp\/v2\/comments?post=1011"}],"version-history":[{"count":37,"href":"https:\/\/kredit.ch\/en\/wp-json\/wp\/v2\/pages\/1011\/revisions"}],"predecessor-version":[{"id":1346,"href":"https:\/\/kredit.ch\/en\/wp-json\/wp\/v2\/pages\/1011\/revisions\/1346"}],"wp:attachment":[{"href":"https:\/\/kredit.ch\/en\/wp-json\/wp\/v2\/media?parent=1011"}],"curies":[{"name":"wp","href":"https:\/\/api.w.org\/{rel}","templated":true}]}}